{"id":7,"date":"2015-04-17T04:58:28","date_gmt":"2015-04-17T04:58:28","guid":{"rendered":"http:\/\/demo.themeuniverse.net\/basis\/?page_id=7"},"modified":"2017-11-14T20:55:53","modified_gmt":"2017-11-15T01:55:53","slug":"home","status":"publish","type":"page","link":"https:\/\/conpancol.co\/es\/","title":{"rendered":"Inicio"},"content":{"rendered":"<p>[vc_row el_class=\u00bbno-margin full-width\u00bb parallax_scrolling=\u00bbparallax_scrolling_no\u00bb background_size_cover=\u00bbbackground_size_cover_no\u00bb css=\u00bb.vc_custom_1490624378888{padding-top: 10% !important;padding-bottom: 10% !important;background-image: url(http:\/\/conpancol.co\/wp-content\/uploads\/2015\/04\/header-home.jpg?id=19420) !important;}\u00bb][vc_column][\/vc_column][\/vc_row][vc_row el_class=\u00bblight-margin center\u00bb parallax_scrolling=\u00bbparallax_scrolling_no\u00bb background_size_cover=\u00bbbackground_size_cover_no\u00bb css=\u00bb.vc_custom_1488465691261{background-color: #ffffff !important;}\u00bb][vc_column width=\u00bb1\/2&#8243;][vc_column_text el_class=\u00bbno-margin\u00bb]<\/p>\n<p style=\"text-align: justify;\">CONPANCOL -Ingenieros Constructores- es una empresa de ingenier\u00eda y construcci\u00f3n de plantas qu\u00edmicas. Cuenta con m\u00e1s de 50 a\u00f1os de experiencia durante los cuales ha participado directamente y\/o a trav\u00e9s de sus asociados, en m\u00faltiples proyectos, especialmente de plantas de \u00e1cido sulf\u00farico, en varios pa\u00edses de Am\u00e9rica Latina.<\/p>\n<p>[\/vc_column_text][vc_column_text el_class=\u00bbno-margin\u00bb css=\u00bb.vc_custom_1490624179355{padding-top: 20px !important;}\u00bb]<\/p>\n<p style=\"text-align: justify;\">El SERVICIO, posterior a la construcci\u00f3n y puesta en marcha, es un factor muy importante que ofrecemos, con el fin de garantizar el buen funcionamiento, la estabilidad de las plantas y el cumplimiento de las normas ambientales requeridas. Esto es posible dada la estabilidad y permanencia en el tiempo de nuestra empresa de Ingenier\u00eda.<\/p>\n<p>[\/vc_column_text][\/vc_column][vc_column width=\u00bb1\/2&#8243;][vc_single_image image=\u00bb19416&#8243; img_size=\u00bbfull\u00bb alignment=\u00bbcenter\u00bb][\/vc_column][\/vc_row]<\/p>","protected":false},"excerpt":{"rendered":"<p>[vc_row el_class=\u00bbno-margin full-width\u00bb parallax_scrolling=\u00bbparallax_scrolling_no\u00bb background_size_cover=\u00bbbackground_size_cover_no\u00bb css=\u00bb.vc_custom_1490624378888{padding-top: 10% !important;padding-bottom: 10% !important;background-image: url(http:\/\/conpancol.co\/wp-content\/uploads\/2015\/04\/header-home.jpg?id=19420) !important;}\u00bb][vc_column][\/vc_column][\/vc_row][vc_row el_class=\u00bblight-margin center\u00bb parallax_scrolling=\u00bbparallax_scrolling_no\u00bb background_size_cover=\u00bbbackground_size_cover_no\u00bb css=\u00bb.vc_custom_1488465691261{background-color: #ffffff !important;}\u00bb][vc_column width=\u00bb1\/2&#8243;][vc_column_text el_class=\u00bbno-margin\u00bb] CONPANCOL -Ingenieros Constructores- es una empresa de ingenier\u00eda y construcci\u00f3n de plantas qu\u00edmicas. Cuenta con m\u00e1s de 50 a\u00f1os de experiencia durante los cuales ha &hellip;<\/p>\n","protected":false},"author":1,"featured_media":0,"parent":0,"menu_order":0,"comment_status":"open","ping_status":"closed","template":"page-without-header.php","meta":[],"_links":{"self":[{"href":"https:\/\/conpancol.co\/es\/wp-json\/wp\/v2\/pages\/7"}],"collection":[{"href":"https:\/\/conpancol.co\/es\/wp-json\/wp\/v2\/pages"}],"about":[{"href":"https:\/\/conpancol.co\/es\/wp-json\/wp\/v2\/types\/page"}],"author":[{"embeddable":true,"href":"https:\/\/conpancol.co\/es\/wp-json\/wp\/v2\/users\/1"}],"replies":[{"embeddable":true,"href":"https:\/\/conpancol.co\/es\/wp-json\/wp\/v2\/comments?post=7"}],"version-history":[{"count":35,"href":"https:\/\/conpancol.co\/es\/wp-json\/wp\/v2\/pages\/7\/revisions"}],"predecessor-version":[{"id":19743,"href":"https:\/\/conpancol.co\/es\/wp-json\/wp\/v2\/pages\/7\/revisions\/19743"}],"wp:attachment":[{"href":"https:\/\/conpancol.co\/es\/wp-json\/wp\/v2\/media?parent=7"}],"curies":[{"name":"wp","href":"https:\/\/api.w.org\/{rel}","templated":true}]}}