{"id":20173,"date":"2021-02-04T18:15:07","date_gmt":"2021-02-04T23:15:07","guid":{"rendered":"https:\/\/conpancol.co\/?page_id=20173"},"modified":"2021-02-09T15:07:58","modified_gmt":"2021-02-09T20:07:58","slug":"sx-2","status":"publish","type":"page","link":"https:\/\/conpancol.co\/es\/sx-2\/","title":{"rendered":"Fabricaci\u00f3n en SX"},"content":{"rendered":"<p><\/p>\n<p style=\"text-align: justify;\">Tenemos la capacidad de fabricar una gama completa de piezas en acero inoxidable austen\u00edtico SX, el cual fue especialmente\u00a0desarrollado para resistir \u00e1cido sulf\u00farico en altas concentraciones. Todos los procedimientos de fabricaci\u00f3n de SX utilizan soldadores altamente calificados y se someten a estrictas pruebas y controles de calidad para asegurar que el producto final cumpla con sus requisitos.<\/p>\n<p>[vc_gallery type=\u00bbimage_grid\u00bb images=\u00bb20189,20178,20197,20196,20179&#8243;]<\/p>","protected":false},"excerpt":{"rendered":"<p>Tenemos la capacidad de fabricar una gama completa de piezas en acero inoxidable austen\u00edtico SX, el cual fue especialmente\u00a0desarrollado para resistir \u00e1cido sulf\u00farico en altas concentraciones. Todos los procedimientos de fabricaci\u00f3n de SX utilizan soldadores altamente calificados y se someten a estrictas pruebas y controles de &hellip;<\/p>\n","protected":false},"author":2,"featured_media":0,"parent":0,"menu_order":0,"comment_status":"closed","ping_status":"closed","template":"","meta":[],"_links":{"self":[{"href":"https:\/\/conpancol.co\/es\/wp-json\/wp\/v2\/pages\/20173"}],"collection":[{"href":"https:\/\/conpancol.co\/es\/wp-json\/wp\/v2\/pages"}],"about":[{"href":"https:\/\/conpancol.co\/es\/wp-json\/wp\/v2\/types\/page"}],"author":[{"embeddable":true,"href":"https:\/\/conpancol.co\/es\/wp-json\/wp\/v2\/users\/2"}],"replies":[{"embeddable":true,"href":"https:\/\/conpancol.co\/es\/wp-json\/wp\/v2\/comments?post=20173"}],"version-history":[{"count":17,"href":"https:\/\/conpancol.co\/es\/wp-json\/wp\/v2\/pages\/20173\/revisions"}],"predecessor-version":[{"id":20202,"href":"https:\/\/conpancol.co\/es\/wp-json\/wp\/v2\/pages\/20173\/revisions\/20202"}],"wp:attachment":[{"href":"https:\/\/conpancol.co\/es\/wp-json\/wp\/v2\/media?parent=20173"}],"curies":[{"name":"wp","href":"https:\/\/api.w.org\/{rel}","templated":true}]}}