{"id":20117,"date":"2020-09-15T14:33:14","date_gmt":"2020-09-15T19:33:14","guid":{"rendered":"https:\/\/conpancol.co\/?page_id=20117"},"modified":"2020-10-23T10:56:37","modified_gmt":"2020-10-23T15:56:37","slug":"anthracite","status":"publish","type":"page","link":"https:\/\/conpancol.co\/es\/anthracite\/","title":{"rendered":"Antracita"},"content":{"rendered":"<p><\/p>\n<h3>Antracita &#8211; medio filtrante<\/h3>\n<p style=\"text-align: justify;\">CONPANCOL ofrece medios filtrantes de antracita de alta calidad en todo tipo de especificaciones de granularidad de minas locales. Esta antracita es de excelente calidad lo que asegura las caracter\u00edsticas f\u00edsicas de dureza, durabilidad y rendimiento. Podemos exportar a cualquier parte del mundo. Cont\u00e1ctenos por favor para m\u00e1s informaci\u00f3n.<\/p>\n<h3>Propiedades f\u00edsicas y qu\u00edmicas<\/h3>\n<p><a href=\"https:\/\/conpancol.co\/wp-content\/uploads\/2020\/10\/properties-01-rev1.png\"><img loading=\"lazy\" class=\"alignnone wp-image-20164 size-medium\" src=\"https:\/\/conpancol.co\/wp-content\/uploads\/2020\/10\/properties-01-rev1-300x257.png\" alt=\"\" width=\"300\" height=\"257\" srcset=\"https:\/\/conpancol.co\/wp-content\/uploads\/2020\/10\/properties-01-rev1-300x257.png 300w, https:\/\/conpancol.co\/wp-content\/uploads\/2020\/10\/properties-01-rev1.png 357w\" sizes=\"(max-width: 300px) 100vw, 300px\" \/><\/a><\/p>\n<p>[vc_gallery type=\u00bbimage_grid\u00bb images=\u00bb20148&#8243;]<\/p>","protected":false},"excerpt":{"rendered":"<p>Antracita &#8211; medio filtrante CONPANCOL ofrece medios filtrantes de antracita de alta calidad en todo tipo de especificaciones de granularidad de minas locales. Esta antracita es de excelente calidad lo que asegura las caracter\u00edsticas f\u00edsicas de dureza, durabilidad y rendimiento. Podemos exportar a cualquier parte del &hellip;<\/p>\n","protected":false},"author":2,"featured_media":0,"parent":0,"menu_order":0,"comment_status":"closed","ping_status":"closed","template":"","meta":[],"_links":{"self":[{"href":"https:\/\/conpancol.co\/es\/wp-json\/wp\/v2\/pages\/20117"}],"collection":[{"href":"https:\/\/conpancol.co\/es\/wp-json\/wp\/v2\/pages"}],"about":[{"href":"https:\/\/conpancol.co\/es\/wp-json\/wp\/v2\/types\/page"}],"author":[{"embeddable":true,"href":"https:\/\/conpancol.co\/es\/wp-json\/wp\/v2\/users\/2"}],"replies":[{"embeddable":true,"href":"https:\/\/conpancol.co\/es\/wp-json\/wp\/v2\/comments?post=20117"}],"version-history":[{"count":11,"href":"https:\/\/conpancol.co\/es\/wp-json\/wp\/v2\/pages\/20117\/revisions"}],"predecessor-version":[{"id":20167,"href":"https:\/\/conpancol.co\/es\/wp-json\/wp\/v2\/pages\/20117\/revisions\/20167"}],"wp:attachment":[{"href":"https:\/\/conpancol.co\/es\/wp-json\/wp\/v2\/media?parent=20117"}],"curies":[{"name":"wp","href":"https:\/\/api.w.org\/{rel}","templated":true}]}}