{"id":20107,"date":"2020-09-15T13:39:17","date_gmt":"2020-09-15T18:39:17","guid":{"rendered":"https:\/\/conpancol.co\/?page_id=20107"},"modified":"2020-10-22T16:58:18","modified_gmt":"2020-10-22T21:58:18","slug":"injector","status":"publish","type":"page","link":"https:\/\/conpancol.co\/es\/injector\/","title":{"rendered":"Inyectores"},"content":{"rendered":"<p><\/p>\n<h3>Ca\u00f1on de inyecci\u00f3n de azufre<\/h3>\n<p style=\"text-align: justify;\">CONPANCOL fabrica inyectores de azufre. Desde su dise\u00f1o hasta producci\u00f3n en nuestro Taller, usamos materiales de alta calidad y procesos que aseguran el uso correcto del equipo.<\/p>\n<p>[vc_gallery type=\u00bbimage_grid\u00bb images=\u00bb20109,20160,20155,20159,20110,20111,20112&#8243;]<\/p>","protected":false},"excerpt":{"rendered":"<p>Ca\u00f1on de inyecci\u00f3n de azufre CONPANCOL fabrica inyectores de azufre. Desde su dise\u00f1o hasta producci\u00f3n en nuestro Taller, usamos materiales de alta calidad y procesos que aseguran el uso correcto del equipo. [vc_gallery type=\u00bbimage_grid\u00bb images=\u00bb20109,20160,20155,20159,20110,20111,20112&#8243;]<\/p>\n","protected":false},"author":2,"featured_media":0,"parent":0,"menu_order":0,"comment_status":"closed","ping_status":"closed","template":"","meta":[],"_links":{"self":[{"href":"https:\/\/conpancol.co\/es\/wp-json\/wp\/v2\/pages\/20107"}],"collection":[{"href":"https:\/\/conpancol.co\/es\/wp-json\/wp\/v2\/pages"}],"about":[{"href":"https:\/\/conpancol.co\/es\/wp-json\/wp\/v2\/types\/page"}],"author":[{"embeddable":true,"href":"https:\/\/conpancol.co\/es\/wp-json\/wp\/v2\/users\/2"}],"replies":[{"embeddable":true,"href":"https:\/\/conpancol.co\/es\/wp-json\/wp\/v2\/comments?post=20107"}],"version-history":[{"count":4,"href":"https:\/\/conpancol.co\/es\/wp-json\/wp\/v2\/pages\/20107\/revisions"}],"predecessor-version":[{"id":20162,"href":"https:\/\/conpancol.co\/es\/wp-json\/wp\/v2\/pages\/20107\/revisions\/20162"}],"wp:attachment":[{"href":"https:\/\/conpancol.co\/es\/wp-json\/wp\/v2\/media?parent=20107"}],"curies":[{"name":"wp","href":"https:\/\/api.w.org\/{rel}","templated":true}]}}