{"id":20065,"date":"2020-09-02T19:21:36","date_gmt":"2020-09-03T00:21:36","guid":{"rendered":"http:\/\/conpancol.co\/?page_id=20065"},"modified":"2020-10-23T11:07:18","modified_gmt":"2020-10-23T16:07:18","slug":"quartz","status":"publish","type":"page","link":"https:\/\/conpancol.co\/es\/quartz\/","title":{"rendered":"Cuarzo"},"content":{"rendered":"<p><\/p>\n<h3>Roca de cuarzo para soporte de catalizador<\/h3>\n<p style=\"text-align: justify;\">CONPANCOL ofrece grava y guijarros de cuarzo redondeados, duros y limpios, libres de materias extra\u00f1as. Nuestra calidad de cuarzo soporta altas temperaturas (por encima de 600\u00b0C) probadas en el laboratorio. Todo el material filtrante se lava, se tamiza, y se selecciona de acuerdo a sus requerimientos. Podemos enviarlo en canecas de tama\u00f1o est\u00e1ndar. Cont\u00e1ctenos por favor para solicitar m\u00e1s informaci\u00f3n.<\/p>\n<p>[vc_gallery type=\u00bbimage_grid\u00bb images=\u00bb20091,20084,20067&#8243;]<\/p>","protected":false},"excerpt":{"rendered":"<p>Roca de cuarzo para soporte de catalizador CONPANCOL ofrece grava y guijarros de cuarzo redondeados, duros y limpios, libres de materias extra\u00f1as. Nuestra calidad de cuarzo soporta altas temperaturas (por encima de 600\u00b0C) probadas en el laboratorio. Todo el material filtrante se lava, se tamiza, y &hellip;<\/p>\n","protected":false},"author":2,"featured_media":0,"parent":0,"menu_order":0,"comment_status":"closed","ping_status":"closed","template":"","meta":[],"_links":{"self":[{"href":"https:\/\/conpancol.co\/es\/wp-json\/wp\/v2\/pages\/20065"}],"collection":[{"href":"https:\/\/conpancol.co\/es\/wp-json\/wp\/v2\/pages"}],"about":[{"href":"https:\/\/conpancol.co\/es\/wp-json\/wp\/v2\/types\/page"}],"author":[{"embeddable":true,"href":"https:\/\/conpancol.co\/es\/wp-json\/wp\/v2\/users\/2"}],"replies":[{"embeddable":true,"href":"https:\/\/conpancol.co\/es\/wp-json\/wp\/v2\/comments?post=20065"}],"version-history":[{"count":16,"href":"https:\/\/conpancol.co\/es\/wp-json\/wp\/v2\/pages\/20065\/revisions"}],"predecessor-version":[{"id":20168,"href":"https:\/\/conpancol.co\/es\/wp-json\/wp\/v2\/pages\/20065\/revisions\/20168"}],"wp:attachment":[{"href":"https:\/\/conpancol.co\/es\/wp-json\/wp\/v2\/media?parent=20065"}],"curies":[{"name":"wp","href":"https:\/\/api.w.org\/{rel}","templated":true}]}}