{"id":20059,"date":"2020-09-02T19:20:52","date_gmt":"2020-09-03T00:20:52","guid":{"rendered":"http:\/\/conpancol.co\/?page_id=20059"},"modified":"2020-09-21T16:23:32","modified_gmt":"2020-09-21T21:23:32","slug":"castiron","status":"publish","type":"page","link":"https:\/\/conpancol.co\/es\/castiron\/","title":{"rendered":"Piezas en Hierro Fundido"},"content":{"rendered":"<p><\/p>\n<p style=\"text-align: justify;\">Tenemos la capacidad de fabricar una gama completa de tuber\u00edas y rejillas de hierro fundido anti-acido o para altas temperaturas, utilizando fundiciones locales. Desde el dise\u00f1o hasta el molde y finalmente la pieza fundida. Todas las piezas de fundici\u00f3n se someten a an\u00e1lisis de laboratorio y pruebas hidrostaticas -cuando aplica- para asegurar su calidad seg\u00fan sus requerimientos. Manufacturamos en hierro fundido resistente al acido y para altas temperaturas.<\/p>\n<p>[vc_gallery type=\u00bbimage_grid\u00bb images=\u00bb20099,20098,20097&#8243;]<\/p>\n<p><\/p>","protected":false},"excerpt":{"rendered":"<p>Tenemos la capacidad de fabricar una gama completa de tuber\u00edas y rejillas de hierro fundido anti-acido o para altas temperaturas, utilizando fundiciones locales. Desde el dise\u00f1o hasta el molde y finalmente la pieza fundida. Todas las piezas de fundici\u00f3n se someten a an\u00e1lisis de laboratorio y &hellip;<\/p>\n","protected":false},"author":2,"featured_media":0,"parent":0,"menu_order":0,"comment_status":"closed","ping_status":"closed","template":"","meta":[],"_links":{"self":[{"href":"https:\/\/conpancol.co\/es\/wp-json\/wp\/v2\/pages\/20059"}],"collection":[{"href":"https:\/\/conpancol.co\/es\/wp-json\/wp\/v2\/pages"}],"about":[{"href":"https:\/\/conpancol.co\/es\/wp-json\/wp\/v2\/types\/page"}],"author":[{"embeddable":true,"href":"https:\/\/conpancol.co\/es\/wp-json\/wp\/v2\/users\/2"}],"replies":[{"embeddable":true,"href":"https:\/\/conpancol.co\/es\/wp-json\/wp\/v2\/comments?post=20059"}],"version-history":[{"count":14,"href":"https:\/\/conpancol.co\/es\/wp-json\/wp\/v2\/pages\/20059\/revisions"}],"predecessor-version":[{"id":20122,"href":"https:\/\/conpancol.co\/es\/wp-json\/wp\/v2\/pages\/20059\/revisions\/20122"}],"wp:attachment":[{"href":"https:\/\/conpancol.co\/es\/wp-json\/wp\/v2\/media?parent=20059"}],"curies":[{"name":"wp","href":"https:\/\/api.w.org\/{rel}","templated":true}]}}