{"id":20037,"date":"2018-10-10T10:58:01","date_gmt":"2018-10-10T15:58:01","guid":{"rendered":"http:\/\/conpancol.co\/?page_id=20037"},"modified":"2020-10-22T17:02:13","modified_gmt":"2020-10-22T22:02:13","slug":"odor-control","status":"publish","type":"page","link":"https:\/\/conpancol.co\/es\/odor-control\/","title":{"rendered":"Control de olores"},"content":{"rendered":"<p><\/p>\n<h3>Tri-Mer<\/h3>\n<p style=\"text-align: justify;\"><strong>Los olores, particularmente los olores industriales, son un gran problema para la calidad de vida \u2013 problema para el cual tambi\u00e9n existe una normatividad.<\/strong> Tri-Mer Corp. se especializa en estrategias pr\u00e1cticas y rentables para eliminar incluso los peores olores industriales.<\/p>\n<p>5 ejemplos comunes:<\/p>\n<ol>\n<li><strong>Hydrogen sulfide (Sulfuro de hidr\u00f3geno):<\/strong> Para concentraciones de entrada de hasta 4000 ppb, la concentraci\u00f3n en la salida del sistema de control de olor Tri-Mer ser\u00e1 \u2264 1 ppb, la concentraci\u00f3n m\u00e1s baja reportada.<\/li>\n<li><strong>Methyl mercaptan (Metilmercaptano):<\/strong> Para concentraciones de entrada de hasta 100 ppb, la concentraci\u00f3n en la salida ser\u00e1 \u2264 0.05 ppb, dentro del rango de concentraciones de olor reportadas.<\/li>\n<li><strong>Dimethyl sulfide (Dimetil sulfuro):<\/strong> Para concentraciones de entrada de hasta 1000 ppb, la concentraci\u00f3n en la salida ser\u00e1 \u2264 0.3 ppb. Esta es la concentraci\u00f3n de olor m\u00e1s baja reportada.<\/li>\n<li><strong>Carbon disulfide (Disulfuro de carbono):<\/strong> Para concentraciones de entrada de hasta 100 ppb, la concentraci\u00f3n en la salida ser\u00e1 \u2264 16 ppb, la concentraci\u00f3n de olor m\u00e1s baja informada.<\/li>\n<li><strong>n-Propyl mercaptan (n-Propil mercaptano):<\/strong> Para concentraciones de entrada de hasta 2200 ppb, la concentraci\u00f3n en la salida del sistema de control de olores es \u2264 5 ppb.<\/li>\n<\/ol>\n<div style=\"margin: auto;\"><\/div>\n<p><img loading=\"lazy\" class=\"aligncenter\" title=\"Trimer odor control system\" src=\"http:\/\/conpancol.co\/wp-content\/uploads\/2018\/10\/odor-controller-300x300.jpg\" alt=\"\" width=\"300\" height=\"300\" \/><\/p>\n<div style=\"margin: auto;\">\n<table style=\"width: 80%;\">\n<tbody>\n<tr>\n<th>Contaminantes m\u00faltiples<\/th>\n<th>Camas de carbono<\/th>\n<th>Control de part\u00edculas<\/th>\n<\/tr>\n<tr>\n<td>Los sistemas de control de olores Tri-Mer manipulan simult\u00e1neamente part\u00edculas, otros compuestos inorg\u00e1nicos y materiales reactivos, incluidos \u00e1cidos y otros gases.<\/td>\n<td>Donde las aplicaciones requieren carb\u00f3n activado adem\u00e1s de la secci\u00f3n del lavador h\u00famedo, se incorporan lechos de carbono.<\/td>\n<td>Donde las aplicaciones generan part\u00edculas junto con los olores, el colector de polvo Whirl \/ Wet de Tri-Mer proporciona eficiencias del 99% en una amplia gama de tama\u00f1os del material particulado que sea del orden de micras.<\/td>\n<\/tr>\n<\/tbody>\n<\/table>\n<\/div>\n<p><\/p>","protected":false},"excerpt":{"rendered":"<p>Tri-Mer Los olores, particularmente los olores industriales, son un gran problema para la calidad de vida \u2013 problema para el cual tambi\u00e9n existe una normatividad. Tri-Mer Corp. se especializa en estrategias pr\u00e1cticas y rentables para eliminar incluso los peores olores industriales. 5 ejemplos comunes: Hydrogen sulfide &hellip;<\/p>\n","protected":false},"author":2,"featured_media":0,"parent":0,"menu_order":0,"comment_status":"closed","ping_status":"closed","template":"","meta":[],"_links":{"self":[{"href":"https:\/\/conpancol.co\/es\/wp-json\/wp\/v2\/pages\/20037"}],"collection":[{"href":"https:\/\/conpancol.co\/es\/wp-json\/wp\/v2\/pages"}],"about":[{"href":"https:\/\/conpancol.co\/es\/wp-json\/wp\/v2\/types\/page"}],"author":[{"embeddable":true,"href":"https:\/\/conpancol.co\/es\/wp-json\/wp\/v2\/users\/2"}],"replies":[{"embeddable":true,"href":"https:\/\/conpancol.co\/es\/wp-json\/wp\/v2\/comments?post=20037"}],"version-history":[{"count":10,"href":"https:\/\/conpancol.co\/es\/wp-json\/wp\/v2\/pages\/20037\/revisions"}],"predecessor-version":[{"id":20163,"href":"https:\/\/conpancol.co\/es\/wp-json\/wp\/v2\/pages\/20037\/revisions\/20163"}],"wp:attachment":[{"href":"https:\/\/conpancol.co\/es\/wp-json\/wp\/v2\/media?parent=20037"}],"curies":[{"name":"wp","href":"https:\/\/api.w.org\/{rel}","templated":true}]}}