{"id":19859,"date":"2018-09-07T16:11:26","date_gmt":"2018-09-07T21:11:26","guid":{"rendered":"http:\/\/conpancol.co\/?page_id=19859"},"modified":"2018-09-27T16:35:58","modified_gmt":"2018-09-27T21:35:58","slug":"valves","status":"publish","type":"page","link":"https:\/\/conpancol.co\/es\/valves\/","title":{"rendered":"Valvulas"},"content":{"rendered":"<p><\/p>\n<h3>V\u00e1lvula de cer\u00e1mica<\/h3>\n<p style=\"text-align: justify;\">Para el manejo y regulaci\u00f3n de los gases calientes de salida del horno de combusti\u00f3n de azufre es muy dif\u00edcil que los materiales comunes resistan estas temperaturas. CONPANCOL ofrece dentro de su portafolio de productos una v\u00e1lvula de cer\u00e1mica que resiste tanto la temperatura como la corrosi\u00f3n de los gases.<\/p>\n<p>\n\t\t<style type=\"text\/css\">\n\t\t\t#gallery-2 {\n\t\t\t\tmargin: auto;\n\t\t\t}\n\t\t\t#gallery-2 .gallery-item {\n\t\t\t\tfloat: left;\n\t\t\t\tmargin-top: 10px;\n\t\t\t\ttext-align: center;\n\t\t\t\twidth: 50%;\n\t\t\t}\n\t\t\t#gallery-2 img {\n\t\t\t\tborder: 2px solid #cfcfcf;\n\t\t\t}\n\t\t\t#gallery-2 .gallery-caption {\n\t\t\t\tmargin-left: 0;\n\t\t\t}\n\t\t\t\/* see gallery_shortcode() in wp-includes\/media.php *\/\n\t\t<\/style>\n\t\t<div id='gallery-2' class='gallery galleryid-19859 gallery-columns-2 gallery-size-large'><dl class='gallery-item'>\n\t\t\t<dt class='gallery-icon landscape'>\n\t\t\t\t<a href='https:\/\/conpancol.co\/es\/valvulas-i1\/'><img width=\"307\" height=\"230\" src=\"https:\/\/conpancol.co\/wp-content\/uploads\/2018\/09\/valvulas-i1-e1536358864498.jpg\" class=\"attachment-large size-large\" alt=\"\" loading=\"lazy\" aria-describedby=\"gallery-2-19871\" \/><\/a>\n\t\t\t<\/dt>\n\t\t\t\t<dd class='wp-caption-text gallery-caption' id='gallery-2-19871'>\n\t\t\t\tV\u00e1lvula de cer\u00e1mica\n\t\t\t\t<\/dd><\/dl><dl class='gallery-item'>\n\t\t\t<dt class='gallery-icon portrait'>\n\t\t\t\t<a href='https:\/\/conpancol.co\/es\/valvulas-i2\/'><img width=\"173\" height=\"230\" src=\"https:\/\/conpancol.co\/wp-content\/uploads\/2018\/09\/valvulas-i2-e1536358873348.jpg\" class=\"attachment-large size-large\" alt=\"\" loading=\"lazy\" aria-describedby=\"gallery-2-19870\" \/><\/a>\n\t\t\t<\/dt>\n\t\t\t\t<dd class='wp-caption-text gallery-caption' id='gallery-2-19870'>\n\t\t\t\tActuador autom\u00e1tico\n\t\t\t\t<\/dd><\/dl><br style=\"clear: both\" \/><dl class='gallery-item'>\n\t\t\t<dt class='gallery-icon portrait'>\n\t\t\t\t<a href='https:\/\/conpancol.co\/es\/valvula_de_ceramica_i3\/'><img width=\"192\" height=\"230\" src=\"https:\/\/conpancol.co\/wp-content\/uploads\/2018\/09\/Valvula_de_ceramica_i3-e1537311392658.jpg\" class=\"attachment-large size-large\" alt=\"\" loading=\"lazy\" aria-describedby=\"gallery-2-19960\" \/><\/a>\n\t\t\t<\/dt>\n\t\t\t\t<dd class='wp-caption-text gallery-caption' id='gallery-2-19960'>\n\t\t\t\tV\u00e1lvula\n\t\t\t\t<\/dd><\/dl>\n\t\t\t<br style='clear: both' \/>\n\t\t<\/div>\n<\/p>","protected":false},"excerpt":{"rendered":"<p>V\u00e1lvula de cer\u00e1mica Para el manejo y regulaci\u00f3n de los gases calientes de salida del horno de combusti\u00f3n de azufre es muy dif\u00edcil que los materiales comunes resistan estas temperaturas. CONPANCOL ofrece dentro de su portafolio de productos una v\u00e1lvula de cer\u00e1mica que resiste tanto la &hellip;<\/p>\n","protected":false},"author":2,"featured_media":0,"parent":0,"menu_order":0,"comment_status":"closed","ping_status":"closed","template":"","meta":[],"_links":{"self":[{"href":"https:\/\/conpancol.co\/es\/wp-json\/wp\/v2\/pages\/19859"}],"collection":[{"href":"https:\/\/conpancol.co\/es\/wp-json\/wp\/v2\/pages"}],"about":[{"href":"https:\/\/conpancol.co\/es\/wp-json\/wp\/v2\/types\/page"}],"author":[{"embeddable":true,"href":"https:\/\/conpancol.co\/es\/wp-json\/wp\/v2\/users\/2"}],"replies":[{"embeddable":true,"href":"https:\/\/conpancol.co\/es\/wp-json\/wp\/v2\/comments?post=19859"}],"version-history":[{"count":10,"href":"https:\/\/conpancol.co\/es\/wp-json\/wp\/v2\/pages\/19859\/revisions"}],"predecessor-version":[{"id":19932,"href":"https:\/\/conpancol.co\/es\/wp-json\/wp\/v2\/pages\/19859\/revisions\/19932"}],"wp:attachment":[{"href":"https:\/\/conpancol.co\/es\/wp-json\/wp\/v2\/media?parent=19859"}],"curies":[{"name":"wp","href":"https:\/\/api.w.org\/{rel}","templated":true}]}}