{"id":19855,"date":"2018-09-07T16:06:08","date_gmt":"2018-09-07T21:06:08","guid":{"rendered":"http:\/\/conpancol.co\/?page_id=19855"},"modified":"2018-09-27T14:57:45","modified_gmt":"2018-09-27T19:57:45","slug":"absorption-towers","status":"publish","type":"page","link":"https:\/\/conpancol.co\/es\/absorption-towers\/","title":{"rendered":"Torres de absorci\u00f3n"},"content":{"rendered":"<p><\/p>\n<h3>Torres de absorci\u00f3n y secado<\/h3>\n<p style=\"text-align: justify;\">CONPANCOL ha dise\u00f1ado y construido por m\u00e1s de 50 a\u00f1os, torres de absorci\u00f3n y secado para plantas de \u00e1cido sulf\u00farico de simple y doble absorci\u00f3n.<\/p>\n<p style=\"text-align: justify;\">Somos especialistas en la instalaci\u00f3n de revestimiento de ladrillo anti\u00e1cido, p\u00e9cora, tefl\u00f3n y construcci\u00f3n de los domos de ladrillo anti\u00e1cido y en general todo el sistema de protecci\u00f3n anti\u00e1cido para el buen funcionamiento de las torres. Tambi\u00e9n hacemos la supervisi\u00f3n de estos\u00a0 trabajos.<\/p>\n<p style=\"text-align: justify;\">Suministramos todas las partes internas de estas torres como: las bandejas de distribuci\u00f3n de \u00e1cido, las tuber\u00edas distribuidoras y dem\u00e1s tuber\u00eda MONDI o SX para manejo de \u00e1cido sulf\u00farico. Tambi\u00e9n los eliminadores de neblina, las mangas de entrada y salida de \u00e1cido con sus rompe v\u00f3rtice, silletas intalox, anillos rasching y vigas de aludur. Contamos con un grupo de proveedores y fabricantes altamente calificados.<\/p>\n<p style=\"text-align: justify;\">Estas torres pueden ser de acero carbono o de acero SX.<\/p>\n<p>\n\t\t<style type=\"text\/css\">\n\t\t\t#gallery-2 {\n\t\t\t\tmargin: auto;\n\t\t\t}\n\t\t\t#gallery-2 .gallery-item {\n\t\t\t\tfloat: left;\n\t\t\t\tmargin-top: 10px;\n\t\t\t\ttext-align: center;\n\t\t\t\twidth: 50%;\n\t\t\t}\n\t\t\t#gallery-2 img {\n\t\t\t\tborder: 2px solid #cfcfcf;\n\t\t\t}\n\t\t\t#gallery-2 .gallery-caption {\n\t\t\t\tmargin-left: 0;\n\t\t\t}\n\t\t\t\/* see gallery_shortcode() in wp-includes\/media.php *\/\n\t\t<\/style>\n\t\t<div id='gallery-2' class='gallery galleryid-19855 gallery-columns-2 gallery-size-large'><dl class='gallery-item'>\n\t\t\t<dt class='gallery-icon landscape'>\n\t\t\t\t<a href='https:\/\/conpancol.co\/es\/torres-abs-i1\/'><img width=\"150\" height=\"150\" src=\"https:\/\/conpancol.co\/wp-content\/uploads\/2018\/09\/torres-abs-i1.png\" class=\"attachment-large size-large\" alt=\"\" loading=\"lazy\" aria-describedby=\"gallery-2-19883\" \/><\/a>\n\t\t\t<\/dt>\n\t\t\t\t<dd class='wp-caption-text gallery-caption' id='gallery-2-19883'>\n\t\t\t\tVigas de Aludur y anillos Rasching\n\t\t\t\t<\/dd><\/dl><dl class='gallery-item'>\n\t\t\t<dt class='gallery-icon landscape'>\n\t\t\t\t<a href='https:\/\/conpancol.co\/es\/torres-abs-i2-png\/'><img width=\"285\" height=\"190\" src=\"https:\/\/conpancol.co\/wp-content\/uploads\/2018\/09\/torres-abs-i2.png-e1536358682956.jpg\" class=\"attachment-large size-large\" alt=\"\" loading=\"lazy\" aria-describedby=\"gallery-2-19882\" \/><\/a>\n\t\t\t<\/dt>\n\t\t\t\t<dd class='wp-caption-text gallery-caption' id='gallery-2-19882'>\n\t\t\t\tDomo soporte anti\u00e1cido\n\t\t\t\t<\/dd><\/dl><br style=\"clear: both\" \/><dl class='gallery-item'>\n\t\t\t<dt class='gallery-icon landscape'>\n\t\t\t\t<a href='https:\/\/conpancol.co\/es\/torres-abs-i3\/'><img width=\"179\" height=\"141\" src=\"https:\/\/conpancol.co\/wp-content\/uploads\/2018\/09\/torres-abs-i3.jpg\" class=\"attachment-large size-large\" alt=\"\" loading=\"lazy\" aria-describedby=\"gallery-2-19881\" \/><\/a>\n\t\t\t<\/dt>\n\t\t\t\t<dd class='wp-caption-text gallery-caption' id='gallery-2-19881'>\n\t\t\t\tSilletas Intalox\n\t\t\t\t<\/dd><\/dl><dl class='gallery-item'>\n\t\t\t<dt class='gallery-icon landscape'>\n\t\t\t\t<a href='https:\/\/conpancol.co\/es\/torres-abs-i4\/'><img width=\"302\" height=\"190\" src=\"https:\/\/conpancol.co\/wp-content\/uploads\/2018\/09\/torres-abs-i4-e1536358698871.jpg\" class=\"attachment-large size-large\" alt=\"\" loading=\"lazy\" aria-describedby=\"gallery-2-19880\" \/><\/a>\n\t\t\t<\/dt>\n\t\t\t\t<dd class='wp-caption-text gallery-caption' id='gallery-2-19880'>\n\t\t\t\tDemister Pad\n\t\t\t\t<\/dd><\/dl><br style=\"clear: both\" \/><dl class='gallery-item'>\n\t\t\t<dt class='gallery-icon landscape'>\n\t\t\t\t<a href='https:\/\/conpancol.co\/es\/torres-abs-i5\/'><img width=\"285\" height=\"190\" src=\"https:\/\/conpancol.co\/wp-content\/uploads\/2018\/09\/torres-abs-i5-e1536358707524.jpg\" class=\"attachment-large size-large\" alt=\"\" loading=\"lazy\" aria-describedby=\"gallery-2-19879\" \/><\/a>\n\t\t\t<\/dt>\n\t\t\t\t<dd class='wp-caption-text gallery-caption' id='gallery-2-19879'>\n\t\t\t\tEliminador de neblina Brinck  y sellos\n\t\t\t\t<\/dd><\/dl><dl class='gallery-item'>\n\t\t\t<dt class='gallery-icon landscape'>\n\t\t\t\t<a href='https:\/\/conpancol.co\/es\/torres-abs-i6\/'><img width=\"254\" height=\"190\" src=\"https:\/\/conpancol.co\/wp-content\/uploads\/2018\/09\/torres-abs-i6.jpg\" class=\"attachment-large size-large\" alt=\"\" loading=\"lazy\" aria-describedby=\"gallery-2-19878\" \/><\/a>\n\t\t\t<\/dt>\n\t\t\t\t<dd class='wp-caption-text gallery-caption' id='gallery-2-19878'>\n\t\t\t\tFiltro Rompe-v\u00f3rtice \u2013 Mangas y ladrillo\n\t\t\t\t<\/dd><\/dl><br style=\"clear: both\" \/><dl class='gallery-item'>\n\t\t\t<dt class='gallery-icon landscape'>\n\t\t\t\t<a href='https:\/\/conpancol.co\/es\/torres-abs-i7\/'><img width=\"253\" height=\"190\" src=\"https:\/\/conpancol.co\/wp-content\/uploads\/2018\/09\/torres-abs-i7-e1536358718524.jpg\" class=\"attachment-large size-large\" alt=\"\" loading=\"lazy\" aria-describedby=\"gallery-2-19877\" \/><\/a>\n\t\t\t<\/dt>\n\t\t\t\t<dd class='wp-caption-text gallery-caption' id='gallery-2-19877'>\n\t\t\t\tBandejas distribuidoras de \u00e1cido\n\t\t\t\t<\/dd><\/dl><dl class='gallery-item'>\n\t\t\t<dt class='gallery-icon portrait'>\n\t\t\t\t<a href='https:\/\/conpancol.co\/es\/torres-abs-i8\/'><img width=\"143\" height=\"190\" src=\"https:\/\/conpancol.co\/wp-content\/uploads\/2018\/09\/torres-abs-i8-e1536358726262.jpg\" class=\"attachment-large size-large\" alt=\"\" loading=\"lazy\" aria-describedby=\"gallery-2-19876\" \/><\/a>\n\t\t\t<\/dt>\n\t\t\t\t<dd class='wp-caption-text gallery-caption' id='gallery-2-19876'>\n\t\t\t\tChimenea, torres de absorci\u00f3n y secado\n\t\t\t\t<\/dd><\/dl><br style=\"clear: both\" \/>\n\t\t<\/div>\n<\/p>","protected":false},"excerpt":{"rendered":"<p>Torres de absorci\u00f3n y secado CONPANCOL ha dise\u00f1ado y construido por m\u00e1s de 50 a\u00f1os, torres de absorci\u00f3n y secado para plantas de \u00e1cido sulf\u00farico de simple y doble absorci\u00f3n. Somos especialistas en la instalaci\u00f3n de revestimiento de ladrillo anti\u00e1cido, p\u00e9cora, tefl\u00f3n y construcci\u00f3n de los &hellip;<\/p>\n","protected":false},"author":2,"featured_media":0,"parent":0,"menu_order":0,"comment_status":"closed","ping_status":"closed","template":"","meta":[],"_links":{"self":[{"href":"https:\/\/conpancol.co\/es\/wp-json\/wp\/v2\/pages\/19855"}],"collection":[{"href":"https:\/\/conpancol.co\/es\/wp-json\/wp\/v2\/pages"}],"about":[{"href":"https:\/\/conpancol.co\/es\/wp-json\/wp\/v2\/types\/page"}],"author":[{"embeddable":true,"href":"https:\/\/conpancol.co\/es\/wp-json\/wp\/v2\/users\/2"}],"replies":[{"embeddable":true,"href":"https:\/\/conpancol.co\/es\/wp-json\/wp\/v2\/comments?post=19855"}],"version-history":[{"count":8,"href":"https:\/\/conpancol.co\/es\/wp-json\/wp\/v2\/pages\/19855\/revisions"}],"predecessor-version":[{"id":20021,"href":"https:\/\/conpancol.co\/es\/wp-json\/wp\/v2\/pages\/19855\/revisions\/20021"}],"wp:attachment":[{"href":"https:\/\/conpancol.co\/es\/wp-json\/wp\/v2\/media?parent=19855"}],"curies":[{"name":"wp","href":"https:\/\/api.w.org\/{rel}","templated":true}]}}