{"id":19853,"date":"2018-09-07T16:02:30","date_gmt":"2018-09-07T21:02:30","guid":{"rendered":"http:\/\/conpancol.co\/?page_id=19853"},"modified":"2018-09-27T16:29:28","modified_gmt":"2018-09-27T21:29:28","slug":"pumping-tanks","status":"publish","type":"page","link":"https:\/\/conpancol.co\/es\/pumping-tanks\/","title":{"rendered":"Tanques de bombeo"},"content":{"rendered":"<p><\/p>\n<h3>Tanque de bombeo de \u00e1cido sulf\u00farico<\/h3>\n<p style=\"text-align: justify;\">Los tanques de bombeo de \u00e1cido sulf\u00farico reciben el \u00e1cido de las dos torres de absorci\u00f3n y de la torre de secado. En este equipo se debe controlar la adici\u00f3n de agua de diluci\u00f3n. Con los intercambiadores de placas o de protecci\u00f3n an\u00f3dica se controla la temperatura de entrada a las torres y la salida de producto a almacenamiento.<\/p>\n<p style=\"text-align: justify;\">CONPANCOL ha fabricado estos tanques en acero carbono con recubrimiento de ladrillo anti\u00e1cido, con tefl\u00f3n y p\u00e9cora.\u00a0 Hacemos el\u00a0 dise\u00f1o y especificaciones para la instalaci\u00f3n de las bombas y la tuber\u00eda MONDI o SX para el manejo del \u00e1cido sulf\u00farico y la instrumentaci\u00f3n adecuada del proceso. Tambi\u00e9n suministramos estos materiales.<\/p>\n<p style=\"text-align: justify;\">Estos tanques pueden ser horizontales o verticales (para H2SO4 del 98% o del 95%).<\/p>\n<p>\n\t\t<style type=\"text\/css\">\n\t\t\t#gallery-2 {\n\t\t\t\tmargin: auto;\n\t\t\t}\n\t\t\t#gallery-2 .gallery-item {\n\t\t\t\tfloat: left;\n\t\t\t\tmargin-top: 10px;\n\t\t\t\ttext-align: center;\n\t\t\t\twidth: 50%;\n\t\t\t}\n\t\t\t#gallery-2 img {\n\t\t\t\tborder: 2px solid #cfcfcf;\n\t\t\t}\n\t\t\t#gallery-2 .gallery-caption {\n\t\t\t\tmargin-left: 0;\n\t\t\t}\n\t\t\t\/* see gallery_shortcode() in wp-includes\/media.php *\/\n\t\t<\/style>\n\t\t<div id='gallery-2' class='gallery galleryid-19853 gallery-columns-2 gallery-size-large'><dl class='gallery-item'>\n\t\t\t<dt class='gallery-icon landscape'>\n\t\t\t\t<a href='https:\/\/conpancol.co\/es\/tanques-bombeo-i1\/'><img width=\"256\" height=\"192\" src=\"https:\/\/conpancol.co\/wp-content\/uploads\/2018\/09\/tanques-bombeo-i1.jpg\" class=\"attachment-large size-large\" alt=\"\" loading=\"lazy\" aria-describedby=\"gallery-2-19887\" \/><\/a>\n\t\t\t<\/dt>\n\t\t\t\t<dd class='wp-caption-text gallery-caption' id='gallery-2-19887'>\n\t\t\t\tTanque de bombeo y enfriador an\u00f3dico\n\t\t\t\t<\/dd><\/dl><dl class='gallery-item'>\n\t\t\t<dt class='gallery-icon portrait'>\n\t\t\t\t<a href='https:\/\/conpancol.co\/es\/tanques-bombeo-i2\/'><img width=\"142\" height=\"154\" src=\"https:\/\/conpancol.co\/wp-content\/uploads\/2018\/09\/tanques-bombeo-i2.jpg\" class=\"attachment-large size-large\" alt=\"\" loading=\"lazy\" aria-describedby=\"gallery-2-19886\" \/><\/a>\n\t\t\t<\/dt>\n\t\t\t\t<dd class='wp-caption-text gallery-caption' id='gallery-2-19886'>\n\t\t\t\tEnfriador de placas\n\t\t\t\t<\/dd><\/dl><br style=\"clear: both\" \/><dl class='gallery-item'>\n\t\t\t<dt class='gallery-icon landscape'>\n\t\t\t\t<a href='https:\/\/conpancol.co\/es\/tanques-bombeo-i3\/'><img width=\"256\" height=\"192\" src=\"https:\/\/conpancol.co\/wp-content\/uploads\/2018\/09\/tanques-bombeo-i3.jpg\" class=\"attachment-large size-large\" alt=\"\" loading=\"lazy\" aria-describedby=\"gallery-2-19885\" \/><\/a>\n\t\t\t<\/dt>\n\t\t\t\t<dd class='wp-caption-text gallery-caption' id='gallery-2-19885'>\n\t\t\t\tTanque de bombeo de \u00e1cido  sulf\u00farico con bombas, instrumentaci\u00f3n, tuber\u00eda SX y enfriador de \u00e1cido\n\t\t\t\t<\/dd><\/dl><dl class='gallery-item'>\n\t\t\t<dt class='gallery-icon portrait'>\n\t\t\t\t<a href='https:\/\/conpancol.co\/es\/tanques-bombeo-i4\/'><img width=\"128\" height=\"192\" src=\"https:\/\/conpancol.co\/wp-content\/uploads\/2018\/09\/tanques-bombeo-i4-e1536358611956.jpg\" class=\"attachment-large size-large\" alt=\"\" loading=\"lazy\" aria-describedby=\"gallery-2-19884\" \/><\/a>\n\t\t\t<\/dt>\n\t\t\t\t<dd class='wp-caption-text gallery-caption' id='gallery-2-19884'>\n\t\t\t\tRevestimiento de ladrillo anti\u00e1cido\n\t\t\t\t<\/dd><\/dl><br style=\"clear: both\" \/>\n\t\t<\/div>\n<\/p>","protected":false},"excerpt":{"rendered":"<p>Tanque de bombeo de \u00e1cido sulf\u00farico Los tanques de bombeo de \u00e1cido sulf\u00farico reciben el \u00e1cido de las dos torres de absorci\u00f3n y de la torre de secado. En este equipo se debe controlar la adici\u00f3n de agua de diluci\u00f3n. Con los intercambiadores de placas o &hellip;<\/p>\n","protected":false},"author":2,"featured_media":0,"parent":0,"menu_order":0,"comment_status":"closed","ping_status":"closed","template":"","meta":[],"_links":{"self":[{"href":"https:\/\/conpancol.co\/es\/wp-json\/wp\/v2\/pages\/19853"}],"collection":[{"href":"https:\/\/conpancol.co\/es\/wp-json\/wp\/v2\/pages"}],"about":[{"href":"https:\/\/conpancol.co\/es\/wp-json\/wp\/v2\/types\/page"}],"author":[{"embeddable":true,"href":"https:\/\/conpancol.co\/es\/wp-json\/wp\/v2\/users\/2"}],"replies":[{"embeddable":true,"href":"https:\/\/conpancol.co\/es\/wp-json\/wp\/v2\/comments?post=19853"}],"version-history":[{"count":9,"href":"https:\/\/conpancol.co\/es\/wp-json\/wp\/v2\/pages\/19853\/revisions"}],"predecessor-version":[{"id":20030,"href":"https:\/\/conpancol.co\/es\/wp-json\/wp\/v2\/pages\/19853\/revisions\/20030"}],"wp:attachment":[{"href":"https:\/\/conpancol.co\/es\/wp-json\/wp\/v2\/media?parent=19853"}],"curies":[{"name":"wp","href":"https:\/\/api.w.org\/{rel}","templated":true}]}}