{"id":19851,"date":"2018-09-07T15:59:14","date_gmt":"2018-09-07T20:59:14","guid":{"rendered":"http:\/\/conpancol.co\/?page_id=19851"},"modified":"2018-09-27T15:01:17","modified_gmt":"2018-09-27T20:01:17","slug":"blowers","status":"publish","type":"page","link":"https:\/\/conpancol.co\/es\/blowers\/","title":{"rendered":"Sopladores"},"content":{"rendered":"<p><\/p>\n<h3>Moto-sopladores y turbo-sopladores<\/h3>\n<p style=\"text-align: justify;\">El aire es la materia prima en muchas plantas qu\u00edmicas. Se adiciona al proceso por medio de sopladores o compresores. Estos sopladores pueden ser movidos por motores el\u00e9ctricos o por turbinas de vapor.<\/p>\n<p style=\"text-align: justify;\">CONPANCOL tiene una amplia experiencia en el dise\u00f1o y especificaci\u00f3n de estos sistemas: El de generaci\u00f3n de energ\u00eda, a partir del vapor producido en las plantas de \u00e1cido sulf\u00farico, o el sistema de filtraci\u00f3n del aire de entrada al proceso.<\/p>\n<p>\n\t\t<style type=\"text\/css\">\n\t\t\t#gallery-2 {\n\t\t\t\tmargin: auto;\n\t\t\t}\n\t\t\t#gallery-2 .gallery-item {\n\t\t\t\tfloat: left;\n\t\t\t\tmargin-top: 10px;\n\t\t\t\ttext-align: center;\n\t\t\t\twidth: 50%;\n\t\t\t}\n\t\t\t#gallery-2 img {\n\t\t\t\tborder: 2px solid #cfcfcf;\n\t\t\t}\n\t\t\t#gallery-2 .gallery-caption {\n\t\t\t\tmargin-left: 0;\n\t\t\t}\n\t\t\t\/* see gallery_shortcode() in wp-includes\/media.php *\/\n\t\t<\/style>\n\t\t<div id='gallery-2' class='gallery galleryid-19851 gallery-columns-2 gallery-size-large'><dl class='gallery-item'>\n\t\t\t<dt class='gallery-icon landscape'>\n\t\t\t\t<a href='https:\/\/conpancol.co\/es\/sopladores-i1\/'><img width=\"307\" height=\"230\" src=\"https:\/\/conpancol.co\/wp-content\/uploads\/2018\/09\/sopladores-i1-e1536358528545.jpg\" class=\"attachment-large size-large\" alt=\"\" loading=\"lazy\" aria-describedby=\"gallery-2-19892\" \/><\/a>\n\t\t\t<\/dt>\n\t\t\t\t<dd class='wp-caption-text gallery-caption' id='gallery-2-19892'>\n\t\t\t\tMoto-soplador\n\t\t\t\t<\/dd><\/dl><dl class='gallery-item'>\n\t\t\t<dt class='gallery-icon landscape'>\n\t\t\t\t<a href='https:\/\/conpancol.co\/es\/sopladores-i2\/'><img width=\"307\" height=\"230\" src=\"https:\/\/conpancol.co\/wp-content\/uploads\/2018\/09\/sopladores-i2-e1536358521195.jpg\" class=\"attachment-large size-large\" alt=\"\" loading=\"lazy\" aria-describedby=\"gallery-2-19891\" \/><\/a>\n\t\t\t<\/dt>\n\t\t\t\t<dd class='wp-caption-text gallery-caption' id='gallery-2-19891'>\n\t\t\t\tTurbo-soplador\n\t\t\t\t<\/dd><\/dl><br style=\"clear: both\" \/><dl class='gallery-item'>\n\t\t\t<dt class='gallery-icon portrait'>\n\t\t\t\t<a href='https:\/\/conpancol.co\/es\/sopladores-i3\/'><img width=\"179\" height=\"230\" src=\"https:\/\/conpancol.co\/wp-content\/uploads\/2018\/09\/sopladores-i3.jpg\" class=\"attachment-large size-large\" alt=\"\" loading=\"lazy\" aria-describedby=\"gallery-2-19890\" \/><\/a>\n\t\t\t<\/dt>\n\t\t\t\t<dd class='wp-caption-text gallery-caption' id='gallery-2-19890'>\n\t\t\t\tBalanceo del soplador\n\t\t\t\t<\/dd><\/dl><dl class='gallery-item'>\n\t\t\t<dt class='gallery-icon landscape'>\n\t\t\t\t<a href='https:\/\/conpancol.co\/es\/sopladores-i4\/'><img width=\"307\" height=\"230\" src=\"https:\/\/conpancol.co\/wp-content\/uploads\/2018\/09\/sopladores-i4-e1536358508297.jpg\" class=\"attachment-large size-large\" alt=\"\" loading=\"lazy\" aria-describedby=\"gallery-2-19889\" \/><\/a>\n\t\t\t<\/dt>\n\t\t\t\t<dd class='wp-caption-text gallery-caption' id='gallery-2-19889'>\n\t\t\t\tMangas del filtro de aire\n\t\t\t\t<\/dd><\/dl><br style=\"clear: both\" \/><dl class='gallery-item'>\n\t\t\t<dt class='gallery-icon landscape'>\n\t\t\t\t<a href='https:\/\/conpancol.co\/es\/sopladores-i5\/'><img width=\"307\" height=\"230\" src=\"https:\/\/conpancol.co\/wp-content\/uploads\/2018\/09\/sopladores-i5-e1536358497628.jpg\" class=\"attachment-large size-large\" alt=\"\" loading=\"lazy\" aria-describedby=\"gallery-2-19888\" \/><\/a>\n\t\t\t<\/dt>\n\t\t\t\t<dd class='wp-caption-text gallery-caption' id='gallery-2-19888'>\n\t\t\t\tFiltro de entrada de aire\n\t\t\t\t<\/dd><\/dl>\n\t\t\t<br style='clear: both' \/>\n\t\t<\/div>\n<\/p>","protected":false},"excerpt":{"rendered":"<p>Moto-sopladores y turbo-sopladores El aire es la materia prima en muchas plantas qu\u00edmicas. Se adiciona al proceso por medio de sopladores o compresores. Estos sopladores pueden ser movidos por motores el\u00e9ctricos o por turbinas de vapor. CONPANCOL tiene una amplia experiencia en el dise\u00f1o y especificaci\u00f3n &hellip;<\/p>\n","protected":false},"author":2,"featured_media":0,"parent":0,"menu_order":0,"comment_status":"closed","ping_status":"closed","template":"","meta":[],"_links":{"self":[{"href":"https:\/\/conpancol.co\/es\/wp-json\/wp\/v2\/pages\/19851"}],"collection":[{"href":"https:\/\/conpancol.co\/es\/wp-json\/wp\/v2\/pages"}],"about":[{"href":"https:\/\/conpancol.co\/es\/wp-json\/wp\/v2\/types\/page"}],"author":[{"embeddable":true,"href":"https:\/\/conpancol.co\/es\/wp-json\/wp\/v2\/users\/2"}],"replies":[{"embeddable":true,"href":"https:\/\/conpancol.co\/es\/wp-json\/wp\/v2\/comments?post=19851"}],"version-history":[{"count":8,"href":"https:\/\/conpancol.co\/es\/wp-json\/wp\/v2\/pages\/19851\/revisions"}],"predecessor-version":[{"id":20022,"href":"https:\/\/conpancol.co\/es\/wp-json\/wp\/v2\/pages\/19851\/revisions\/20022"}],"wp:attachment":[{"href":"https:\/\/conpancol.co\/es\/wp-json\/wp\/v2\/media?parent=19851"}],"curies":[{"name":"wp","href":"https:\/\/api.w.org\/{rel}","templated":true}]}}