{"id":19849,"date":"2018-09-07T16:17:34","date_gmt":"2018-09-07T21:17:34","guid":{"rendered":"http:\/\/conpancol.co\/?page_id=19849"},"modified":"2018-09-27T16:32:59","modified_gmt":"2018-09-27T21:32:59","slug":"sulfur-systems","status":"publish","type":"page","link":"https:\/\/conpancol.co\/es\/sulfur-systems\/","title":{"rendered":"Sistemas de azufre"},"content":{"rendered":"<p><\/p>\n<p style=\"text-align: justify;\">CONPANCOL ha tenido una gran experiencia en el dise\u00f1o y construcci\u00f3n de estos sistemas de fundici\u00f3n y filtraci\u00f3n de azufre.<\/p>\n<p style=\"text-align: justify;\">Este sistema consta de fundidor de azufre, c\u00e1mara de almacenamiento y bombeo, c\u00e1mara de precapa, tuber\u00eda enchaquetada y filtros de azufre.<\/p>\n<p style=\"text-align: justify;\">Realizamos la capacitaci\u00f3n del personal de operaci\u00f3n de este sistema.<\/p>\n<p>\n\t\t<style type=\"text\/css\">\n\t\t\t#gallery-2 {\n\t\t\t\tmargin: auto;\n\t\t\t}\n\t\t\t#gallery-2 .gallery-item {\n\t\t\t\tfloat: left;\n\t\t\t\tmargin-top: 10px;\n\t\t\t\ttext-align: center;\n\t\t\t\twidth: 50%;\n\t\t\t}\n\t\t\t#gallery-2 img {\n\t\t\t\tborder: 2px solid #cfcfcf;\n\t\t\t}\n\t\t\t#gallery-2 .gallery-caption {\n\t\t\t\tmargin-left: 0;\n\t\t\t}\n\t\t\t\/* see gallery_shortcode() in wp-includes\/media.php *\/\n\t\t<\/style>\n\t\t<div id='gallery-2' class='gallery galleryid-19849 gallery-columns-2 gallery-size-medium'><dl class='gallery-item'>\n\t\t\t<dt class='gallery-icon landscape'>\n\t\t\t\t<a href='https:\/\/conpancol.co\/es\/sulfur-systems\/sistemas-azufre-i1-2\/'><img width=\"300\" height=\"225\" src=\"https:\/\/conpancol.co\/wp-content\/uploads\/2018\/09\/sistemas-azufre-i1-1-300x225.jpg\" class=\"attachment-medium size-medium\" alt=\"\" loading=\"lazy\" aria-describedby=\"gallery-2-19921\" srcset=\"https:\/\/conpancol.co\/wp-content\/uploads\/2018\/09\/sistemas-azufre-i1-1-300x225.jpg 300w, https:\/\/conpancol.co\/wp-content\/uploads\/2018\/09\/sistemas-azufre-i1-1-e1536358390206.jpg 307w\" sizes=\"(max-width: 300px) 100vw, 300px\" \/><\/a>\n\t\t\t<\/dt>\n\t\t\t\t<dd class='wp-caption-text gallery-caption' id='gallery-2-19921'>\n\t\t\t\tCapacitaci\u00f3n\n\t\t\t\t<\/dd><\/dl><dl class='gallery-item'>\n\t\t\t<dt class='gallery-icon landscape'>\n\t\t\t\t<a href='https:\/\/conpancol.co\/es\/sistemas-azufre-i2\/'><img width=\"163\" height=\"130\" src=\"https:\/\/conpancol.co\/wp-content\/uploads\/2018\/09\/sistemas-azufre-i2.jpg\" class=\"attachment-medium size-medium\" alt=\"\" loading=\"lazy\" aria-describedby=\"gallery-2-19898\" \/><\/a>\n\t\t\t<\/dt>\n\t\t\t\t<dd class='wp-caption-text gallery-caption' id='gallery-2-19898'>\n\t\t\t\tAlimentaci\u00f3n y neutralizaci\u00f3n de azufre\n\t\t\t\t<\/dd><\/dl><br style=\"clear: both\" \/><dl class='gallery-item'>\n\t\t\t<dt class='gallery-icon landscape'>\n\t\t\t\t<a href='https:\/\/conpancol.co\/es\/sistemas-azufre-i3\/'><img width=\"300\" height=\"225\" src=\"https:\/\/conpancol.co\/wp-content\/uploads\/2018\/09\/sistemas-azufre-i3-300x225.jpg\" class=\"attachment-medium size-medium\" alt=\"\" loading=\"lazy\" aria-describedby=\"gallery-2-19897\" srcset=\"https:\/\/conpancol.co\/wp-content\/uploads\/2018\/09\/sistemas-azufre-i3-300x225.jpg 300w, https:\/\/conpancol.co\/wp-content\/uploads\/2018\/09\/sistemas-azufre-i3-e1536358403317.jpg 307w\" sizes=\"(max-width: 300px) 100vw, 300px\" \/><\/a>\n\t\t\t<\/dt>\n\t\t\t\t<dd class='wp-caption-text gallery-caption' id='gallery-2-19897'>\n\t\t\t\tFundici\u00f3n de azufre\n\t\t\t\t<\/dd><\/dl><dl class='gallery-item'>\n\t\t\t<dt class='gallery-icon landscape'>\n\t\t\t\t<a href='https:\/\/conpancol.co\/es\/sistemas-azufre-i4\/'><img width=\"300\" height=\"225\" src=\"https:\/\/conpancol.co\/wp-content\/uploads\/2018\/09\/sistemas-azufre-i4-300x225.jpg\" class=\"attachment-medium size-medium\" alt=\"\" loading=\"lazy\" aria-describedby=\"gallery-2-19896\" srcset=\"https:\/\/conpancol.co\/wp-content\/uploads\/2018\/09\/sistemas-azufre-i4-300x225.jpg 300w, https:\/\/conpancol.co\/wp-content\/uploads\/2018\/09\/sistemas-azufre-i4-e1536358410108.jpg 307w\" sizes=\"(max-width: 300px) 100vw, 300px\" \/><\/a>\n\t\t\t<\/dt>\n\t\t\t\t<dd class='wp-caption-text gallery-caption' id='gallery-2-19896'>\n\t\t\t\tTuber\u00eda enchaquetada y filtraci\u00f3n\n\t\t\t\t<\/dd><\/dl><br style=\"clear: both\" \/><dl class='gallery-item'>\n\t\t\t<dt class='gallery-icon landscape'>\n\t\t\t\t<a href='https:\/\/conpancol.co\/es\/sistemas-azufre-i5\/'><img width=\"300\" height=\"225\" src=\"https:\/\/conpancol.co\/wp-content\/uploads\/2018\/09\/sistemas-azufre-i5-300x225.jpg\" class=\"attachment-medium size-medium\" alt=\"\" loading=\"lazy\" aria-describedby=\"gallery-2-19895\" srcset=\"https:\/\/conpancol.co\/wp-content\/uploads\/2018\/09\/sistemas-azufre-i5-300x225.jpg 300w, https:\/\/conpancol.co\/wp-content\/uploads\/2018\/09\/sistemas-azufre-i5-e1536358422314.jpg 306w\" sizes=\"(max-width: 300px) 100vw, 300px\" \/><\/a>\n\t\t\t<\/dt>\n\t\t\t\t<dd class='wp-caption-text gallery-caption' id='gallery-2-19895'>\n\t\t\t\tSistema de fundici\u00f3n de azufre y filtraci\u00f3n\n\t\t\t\t<\/dd><\/dl><dl class='gallery-item'>\n\t\t\t<dt class='gallery-icon landscape'>\n\t\t\t\t<a href='https:\/\/conpancol.co\/es\/sistemas-azufre-i6\/'><img width=\"300\" height=\"225\" src=\"https:\/\/conpancol.co\/wp-content\/uploads\/2018\/09\/sistemas-azufre-i6-300x225.jpg\" class=\"attachment-medium size-medium\" alt=\"\" loading=\"lazy\" aria-describedby=\"gallery-2-19894\" srcset=\"https:\/\/conpancol.co\/wp-content\/uploads\/2018\/09\/sistemas-azufre-i6-300x225.jpg 300w, https:\/\/conpancol.co\/wp-content\/uploads\/2018\/09\/sistemas-azufre-i6-e1536358434741.jpg 307w\" sizes=\"(max-width: 300px) 100vw, 300px\" \/><\/a>\n\t\t\t<\/dt>\n\t\t\t\t<dd class='wp-caption-text gallery-caption' id='gallery-2-19894'>\n\t\t\t\tSerpentines, agitador y bombas de azufre\n\t\t\t\t<\/dd><\/dl><br style=\"clear: both\" \/><dl class='gallery-item'>\n\t\t\t<dt class='gallery-icon landscape'>\n\t\t\t\t<a href='https:\/\/conpancol.co\/es\/sistemas-azufre-i7\/'><img width=\"300\" height=\"225\" src=\"https:\/\/conpancol.co\/wp-content\/uploads\/2018\/09\/sistemas-azufre-i7-300x225.jpg\" class=\"attachment-medium size-medium\" alt=\"\" loading=\"lazy\" aria-describedby=\"gallery-2-19893\" srcset=\"https:\/\/conpancol.co\/wp-content\/uploads\/2018\/09\/sistemas-azufre-i7-300x225.jpg 300w, https:\/\/conpancol.co\/wp-content\/uploads\/2018\/09\/sistemas-azufre-i7-e1536358441611.jpg 307w\" sizes=\"(max-width: 300px) 100vw, 300px\" \/><\/a>\n\t\t\t<\/dt>\n\t\t\t\t<dd class='wp-caption-text gallery-caption' id='gallery-2-19893'>\n\t\t\t\tSerpentines de vapor\n\t\t\t\t<\/dd><\/dl>\n\t\t\t<br style='clear: both' \/>\n\t\t<\/div>\n<\/p>","protected":false},"excerpt":{"rendered":"<p>CONPANCOL ha tenido una gran experiencia en el dise\u00f1o y construcci\u00f3n de estos sistemas de fundici\u00f3n y filtraci\u00f3n de azufre. Este sistema consta de fundidor de azufre, c\u00e1mara de almacenamiento y bombeo, c\u00e1mara de precapa, tuber\u00eda enchaquetada y filtros de azufre. Realizamos la capacitaci\u00f3n del personal &hellip;<\/p>\n","protected":false},"author":2,"featured_media":0,"parent":0,"menu_order":0,"comment_status":"closed","ping_status":"closed","template":"","meta":[],"_links":{"self":[{"href":"https:\/\/conpancol.co\/es\/wp-json\/wp\/v2\/pages\/19849"}],"collection":[{"href":"https:\/\/conpancol.co\/es\/wp-json\/wp\/v2\/pages"}],"about":[{"href":"https:\/\/conpancol.co\/es\/wp-json\/wp\/v2\/types\/page"}],"author":[{"embeddable":true,"href":"https:\/\/conpancol.co\/es\/wp-json\/wp\/v2\/users\/2"}],"replies":[{"embeddable":true,"href":"https:\/\/conpancol.co\/es\/wp-json\/wp\/v2\/comments?post=19849"}],"version-history":[{"count":7,"href":"https:\/\/conpancol.co\/es\/wp-json\/wp\/v2\/pages\/19849\/revisions"}],"predecessor-version":[{"id":20031,"href":"https:\/\/conpancol.co\/es\/wp-json\/wp\/v2\/pages\/19849\/revisions\/20031"}],"wp:attachment":[{"href":"https:\/\/conpancol.co\/es\/wp-json\/wp\/v2\/media?parent=19849"}],"curies":[{"name":"wp","href":"https:\/\/api.w.org\/{rel}","templated":true}]}}