{"id":19845,"date":"2018-09-07T15:50:39","date_gmt":"2018-09-07T20:50:39","guid":{"rendered":"http:\/\/conpancol.co\/?page_id=19845"},"modified":"2018-09-27T16:20:16","modified_gmt":"2018-09-27T21:20:16","slug":"fournaces","status":"publish","type":"page","link":"https:\/\/conpancol.co\/es\/fournaces\/","title":{"rendered":"Hornos"},"content":{"rendered":"<p><\/p>\n<h3>Horno de combusti\u00f3n de azufre<\/h3>\n<p style=\"text-align: justify;\">Los Hornos de combusti\u00f3n de azufre requieren una protecci\u00f3n interna de ladrillos refractarios y un quemador especial para la inyecci\u00f3n del azufre, as\u00ed como un sistema de bombeo de azufre adecuado para su combusti\u00f3n.<\/p>\n<p style=\"text-align: justify;\">CONPANCOL tiene una amplia experiencia en el dise\u00f1o y construcci\u00f3n del sistema completo o sus partes. Instalamos el ladrillo o hacemos la supervisi\u00f3n de esta instalaci\u00f3n. Suministramos todo el material refractario de acuerdo a especificaciones y de fabricantes especializados.<\/p>\n<p>\n\t\t<style type=\"text\/css\">\n\t\t\t#gallery-2 {\n\t\t\t\tmargin: auto;\n\t\t\t}\n\t\t\t#gallery-2 .gallery-item {\n\t\t\t\tfloat: left;\n\t\t\t\tmargin-top: 10px;\n\t\t\t\ttext-align: center;\n\t\t\t\twidth: 50%;\n\t\t\t}\n\t\t\t#gallery-2 img {\n\t\t\t\tborder: 2px solid #cfcfcf;\n\t\t\t}\n\t\t\t#gallery-2 .gallery-caption {\n\t\t\t\tmargin-left: 0;\n\t\t\t}\n\t\t\t\/* see gallery_shortcode() in wp-includes\/media.php *\/\n\t\t<\/style>\n\t\t<div id='gallery-2' class='gallery galleryid-19845 gallery-columns-2 gallery-size-large'><dl class='gallery-item'>\n\t\t\t<dt class='gallery-icon landscape'>\n\t\t\t\t<a href='https:\/\/conpancol.co\/es\/horno-azufre-i1\/'><img width=\"307\" height=\"230\" src=\"https:\/\/conpancol.co\/wp-content\/uploads\/2018\/09\/horno-azufre-i1-e1536358231111.jpg\" class=\"attachment-large size-large\" alt=\"\" loading=\"lazy\" aria-describedby=\"gallery-2-19905\" \/><\/a>\n\t\t\t<\/dt>\n\t\t\t\t<dd class='wp-caption-text gallery-caption' id='gallery-2-19905'>\n\t\t\t\tHorno de azufre\n\t\t\t\t<\/dd><\/dl><dl class='gallery-item'>\n\t\t\t<dt class='gallery-icon landscape'>\n\t\t\t\t<a href='https:\/\/conpancol.co\/es\/horno-azufre-i2\/'><img width=\"307\" height=\"230\" src=\"https:\/\/conpancol.co\/wp-content\/uploads\/2018\/09\/horno-azufre-i2-e1536358239499.jpg\" class=\"attachment-large size-large\" alt=\"\" loading=\"lazy\" aria-describedby=\"gallery-2-19904\" \/><\/a>\n\t\t\t<\/dt>\n\t\t\t\t<dd class='wp-caption-text gallery-caption' id='gallery-2-19904'>\n\t\t\t\tLadrillo interno del Horno\n\t\t\t\t<\/dd><\/dl><br style=\"clear: both\" \/><dl class='gallery-item'>\n\t\t\t<dt class='gallery-icon landscape'>\n\t\t\t\t<a href='https:\/\/conpancol.co\/es\/horno-azufre-i3\/'><img width=\"345\" height=\"230\" src=\"https:\/\/conpancol.co\/wp-content\/uploads\/2018\/09\/horno-azufre-i3-e1536358247748.jpg\" class=\"attachment-large size-large\" alt=\"\" loading=\"lazy\" aria-describedby=\"gallery-2-19903\" \/><\/a>\n\t\t\t<\/dt>\n\t\t\t\t<dd class='wp-caption-text gallery-caption' id='gallery-2-19903'>\n\t\t\t\tQuemador del horno de azufre\n\t\t\t\t<\/dd><\/dl><dl class='gallery-item'>\n\t\t\t<dt class='gallery-icon landscape'>\n\t\t\t\t<a href='https:\/\/conpancol.co\/es\/fournaces\/horno-azufre-i4\/'><img width=\"307\" height=\"230\" src=\"https:\/\/conpancol.co\/wp-content\/uploads\/2018\/09\/horno-azufre-i4-e1536358255930.jpg\" class=\"attachment-large size-large\" alt=\"\" loading=\"lazy\" aria-describedby=\"gallery-2-19902\" \/><\/a>\n\t\t\t<\/dt>\n\t\t\t\t<dd class='wp-caption-text gallery-caption' id='gallery-2-19902'>\n\t\t\t\tCa\u00f1\u00f3n del quemador de azufre\n\t\t\t\t<\/dd><\/dl><br style=\"clear: both\" \/><dl class='gallery-item'>\n\t\t\t<dt class='gallery-icon landscape'>\n\t\t\t\t<a href='https:\/\/conpancol.co\/es\/horno-ibc-2\/'><img width=\"306\" height=\"230\" src=\"https:\/\/conpancol.co\/wp-content\/uploads\/2018\/09\/Horno-IBC-2-e1537310332162.jpg\" class=\"attachment-large size-large\" alt=\"\" loading=\"lazy\" aria-describedby=\"gallery-2-19950\" \/><\/a>\n\t\t\t<\/dt>\n\t\t\t\t<dd class='wp-caption-text gallery-caption' id='gallery-2-19950'>\n\t\t\t\tHorno\n\t\t\t\t<\/dd><\/dl>\n\t\t\t<br style='clear: both' \/>\n\t\t<\/div>\n<\/p>","protected":false},"excerpt":{"rendered":"<p>Horno de combusti\u00f3n de azufre Los Hornos de combusti\u00f3n de azufre requieren una protecci\u00f3n interna de ladrillos refractarios y un quemador especial para la inyecci\u00f3n del azufre, as\u00ed como un sistema de bombeo de azufre adecuado para su combusti\u00f3n. CONPANCOL tiene una amplia experiencia en el &hellip;<\/p>\n","protected":false},"author":2,"featured_media":0,"parent":0,"menu_order":0,"comment_status":"closed","ping_status":"closed","template":"","meta":[],"_links":{"self":[{"href":"https:\/\/conpancol.co\/es\/wp-json\/wp\/v2\/pages\/19845"}],"collection":[{"href":"https:\/\/conpancol.co\/es\/wp-json\/wp\/v2\/pages"}],"about":[{"href":"https:\/\/conpancol.co\/es\/wp-json\/wp\/v2\/types\/page"}],"author":[{"embeddable":true,"href":"https:\/\/conpancol.co\/es\/wp-json\/wp\/v2\/users\/2"}],"replies":[{"embeddable":true,"href":"https:\/\/conpancol.co\/es\/wp-json\/wp\/v2\/comments?post=19845"}],"version-history":[{"count":8,"href":"https:\/\/conpancol.co\/es\/wp-json\/wp\/v2\/pages\/19845\/revisions"}],"predecessor-version":[{"id":20028,"href":"https:\/\/conpancol.co\/es\/wp-json\/wp\/v2\/pages\/19845\/revisions\/20028"}],"wp:attachment":[{"href":"https:\/\/conpancol.co\/es\/wp-json\/wp\/v2\/media?parent=19845"}],"curies":[{"name":"wp","href":"https:\/\/api.w.org\/{rel}","templated":true}]}}