{"id":19843,"date":"2018-09-07T15:45:20","date_gmt":"2018-09-07T20:45:20","guid":{"rendered":"http:\/\/conpancol.co\/?page_id=19843"},"modified":"2018-11-22T11:00:47","modified_gmt":"2018-11-22T16:00:47","slug":"filters","status":"publish","type":"page","link":"https:\/\/conpancol.co\/es\/filters\/","title":{"rendered":"Filtros"},"content":{"rendered":"<p><\/p>\n<h3>Filtro de gas<\/h3>\n<p style=\"text-align: justify;\">CONPANCOL\u00a0 ha dise\u00f1ado plantas de \u00e1cido sulf\u00farico con filtraci\u00f3n del gas SO2 caliente para evitar que las impurezas del azufre taponen el catalizador. Estos filtros requieren una limpieza de uno a dos a\u00f1os, dependiendo de la calidad del azufre usado.<\/p>\n<p style=\"text-align: justify;\">Dise\u00f1amos el filtro completo y sus internos (piedras de cuarzo de canto rodado, parrillas de hierro fundido para alta temperatura).<\/p>\n<p>\n\t\t<style type=\"text\/css\">\n\t\t\t#gallery-2 {\n\t\t\t\tmargin: auto;\n\t\t\t}\n\t\t\t#gallery-2 .gallery-item {\n\t\t\t\tfloat: left;\n\t\t\t\tmargin-top: 10px;\n\t\t\t\ttext-align: center;\n\t\t\t\twidth: 100%;\n\t\t\t}\n\t\t\t#gallery-2 img {\n\t\t\t\tborder: 2px solid #cfcfcf;\n\t\t\t}\n\t\t\t#gallery-2 .gallery-caption {\n\t\t\t\tmargin-left: 0;\n\t\t\t}\n\t\t\t\/* see gallery_shortcode() in wp-includes\/media.php *\/\n\t\t<\/style>\n\t\t<div id='gallery-2' class='gallery galleryid-19843 gallery-columns-1 gallery-size-medium'><dl class='gallery-item'>\n\t\t\t<dt class='gallery-icon landscape'>\n\t\t\t\t<a href='https:\/\/conpancol.co\/es\/filters\/filtros_i2\/'><img width=\"300\" height=\"289\" src=\"https:\/\/conpancol.co\/wp-content\/uploads\/2018\/10\/Filtros_i2-300x289.jpg\" class=\"attachment-medium size-medium\" alt=\"\" loading=\"lazy\" aria-describedby=\"gallery-2-20034\" srcset=\"https:\/\/conpancol.co\/wp-content\/uploads\/2018\/10\/Filtros_i2-300x289.jpg 300w, https:\/\/conpancol.co\/wp-content\/uploads\/2018\/10\/Filtros_i2-768x740.jpg 768w, https:\/\/conpancol.co\/wp-content\/uploads\/2018\/10\/Filtros_i2-1024x986.jpg 1024w, https:\/\/conpancol.co\/wp-content\/uploads\/2018\/10\/Filtros_i2-e1538749695237.jpg 400w\" sizes=\"(max-width: 300px) 100vw, 300px\" \/><\/a>\n\t\t\t<\/dt>\n\t\t\t\t<dd class='wp-caption-text gallery-caption' id='gallery-2-20034'>\n\t\t\t\tFiltro de gas\n\t\t\t\t<\/dd><\/dl><br style=\"clear: both\" \/>\n\t\t<\/div>\n<\/p>","protected":false},"excerpt":{"rendered":"<p>Filtro de gas CONPANCOL\u00a0 ha dise\u00f1ado plantas de \u00e1cido sulf\u00farico con filtraci\u00f3n del gas SO2 caliente para evitar que las impurezas del azufre taponen el catalizador. Estos filtros requieren una limpieza de uno a dos a\u00f1os, dependiendo de la calidad del azufre usado. Dise\u00f1amos el filtro &hellip;<\/p>\n","protected":false},"author":2,"featured_media":0,"parent":0,"menu_order":0,"comment_status":"closed","ping_status":"closed","template":"","meta":[],"_links":{"self":[{"href":"https:\/\/conpancol.co\/es\/wp-json\/wp\/v2\/pages\/19843"}],"collection":[{"href":"https:\/\/conpancol.co\/es\/wp-json\/wp\/v2\/pages"}],"about":[{"href":"https:\/\/conpancol.co\/es\/wp-json\/wp\/v2\/types\/page"}],"author":[{"embeddable":true,"href":"https:\/\/conpancol.co\/es\/wp-json\/wp\/v2\/users\/2"}],"replies":[{"embeddable":true,"href":"https:\/\/conpancol.co\/es\/wp-json\/wp\/v2\/comments?post=19843"}],"version-history":[{"count":12,"href":"https:\/\/conpancol.co\/es\/wp-json\/wp\/v2\/pages\/19843\/revisions"}],"predecessor-version":[{"id":20056,"href":"https:\/\/conpancol.co\/es\/wp-json\/wp\/v2\/pages\/19843\/revisions\/20056"}],"wp:attachment":[{"href":"https:\/\/conpancol.co\/es\/wp-json\/wp\/v2\/media?parent=19843"}],"curies":[{"name":"wp","href":"https:\/\/api.w.org\/{rel}","templated":true}]}}