{"id":19840,"date":"2018-09-07T15:43:58","date_gmt":"2018-09-07T20:43:58","guid":{"rendered":"http:\/\/conpancol.co\/?page_id=19840"},"modified":"2018-09-27T15:23:15","modified_gmt":"2018-09-27T20:23:15","slug":"economizers","status":"publish","type":"page","link":"https:\/\/conpancol.co\/es\/economizers\/","title":{"rendered":"Economizadores"},"content":{"rendered":"<p><\/p>\n<h3>Economizador y sobre-calentador<\/h3>\n<p style=\"text-align: justify;\">Para mejorar la producci\u00f3n de vapor logrando una mayor eficiencia energ\u00e9tica en las plantas de \u00e1cido sulf\u00farico, se usan los economizadores aprovechando el gas caliente para precalentar el agua de entrada a la caldera o sobrecalentar el\u00a0 vapor producido en dicha caldera. Se usan los sobre-calentadores o una combinaci\u00f3n de los dos, logrando as\u00ed un vapor seco para ser usado en el accionamiento de las turbinas que mueven el soplador o las bombas para ahorrar energ\u00eda el\u00e9ctrica.<\/p>\n<p style=\"text-align: justify;\">CONPANCOL tiene amplia experiencia en el dise\u00f1o y construcci\u00f3n de economizadores y sobre-calentadores, y en el dise\u00f1o de los sistemas de generaci\u00f3n de energ\u00eda el\u00e9ctrica usando este vapor.<\/p>\n<p>\n\t\t<style type=\"text\/css\">\n\t\t\t#gallery-2 {\n\t\t\t\tmargin: auto;\n\t\t\t}\n\t\t\t#gallery-2 .gallery-item {\n\t\t\t\tfloat: left;\n\t\t\t\tmargin-top: 10px;\n\t\t\t\ttext-align: center;\n\t\t\t\twidth: 50%;\n\t\t\t}\n\t\t\t#gallery-2 img {\n\t\t\t\tborder: 2px solid #cfcfcf;\n\t\t\t}\n\t\t\t#gallery-2 .gallery-caption {\n\t\t\t\tmargin-left: 0;\n\t\t\t}\n\t\t\t\/* see gallery_shortcode() in wp-includes\/media.php *\/\n\t\t<\/style>\n\t\t<div id='gallery-2' class='gallery galleryid-19840 gallery-columns-2 gallery-size-large'><dl class='gallery-item'>\n\t\t\t<dt class='gallery-icon portrait'>\n\t\t\t\t<a href='https:\/\/conpancol.co\/es\/economizador-i1\/'><img width=\"230\" height=\"307\" src=\"https:\/\/conpancol.co\/wp-content\/uploads\/2018\/09\/Economizador-i1-e1536358155292.jpg\" class=\"attachment-large size-large\" alt=\"\" loading=\"lazy\" aria-describedby=\"gallery-2-19907\" \/><\/a>\n\t\t\t<\/dt>\n\t\t\t\t<dd class='wp-caption-text gallery-caption' id='gallery-2-19907'>\n\t\t\t\tEconomizador \u2013 Sobre-calentador\n\t\t\t\t<\/dd><\/dl><dl class='gallery-item'>\n\t\t\t<dt class='gallery-icon portrait'>\n\t\t\t\t<a href='https:\/\/conpancol.co\/es\/economizador_qbc-i2\/'><img width=\"245\" height=\"307\" src=\"https:\/\/conpancol.co\/wp-content\/uploads\/2018\/09\/Economizador_QBC-i2-e1537309819226.jpg\" class=\"attachment-large size-large\" alt=\"\" loading=\"lazy\" aria-describedby=\"gallery-2-19942\" \/><\/a>\n\t\t\t<\/dt>\n\t\t\t\t<dd class='wp-caption-text gallery-caption' id='gallery-2-19942'>\n\t\t\t\tEconomizador\n\t\t\t\t<\/dd><\/dl><br style=\"clear: both\" \/>\n\t\t<\/div>\n<\/p>","protected":false},"excerpt":{"rendered":"<p>Economizador y sobre-calentador Para mejorar la producci\u00f3n de vapor logrando una mayor eficiencia energ\u00e9tica en las plantas de \u00e1cido sulf\u00farico, se usan los economizadores aprovechando el gas caliente para precalentar el agua de entrada a la caldera o sobrecalentar el\u00a0 vapor producido en dicha caldera. Se &hellip;<\/p>\n","protected":false},"author":2,"featured_media":0,"parent":0,"menu_order":0,"comment_status":"closed","ping_status":"closed","template":"","meta":[],"_links":{"self":[{"href":"https:\/\/conpancol.co\/es\/wp-json\/wp\/v2\/pages\/19840"}],"collection":[{"href":"https:\/\/conpancol.co\/es\/wp-json\/wp\/v2\/pages"}],"about":[{"href":"https:\/\/conpancol.co\/es\/wp-json\/wp\/v2\/types\/page"}],"author":[{"embeddable":true,"href":"https:\/\/conpancol.co\/es\/wp-json\/wp\/v2\/users\/2"}],"replies":[{"embeddable":true,"href":"https:\/\/conpancol.co\/es\/wp-json\/wp\/v2\/comments?post=19840"}],"version-history":[{"count":9,"href":"https:\/\/conpancol.co\/es\/wp-json\/wp\/v2\/pages\/19840\/revisions"}],"predecessor-version":[{"id":20026,"href":"https:\/\/conpancol.co\/es\/wp-json\/wp\/v2\/pages\/19840\/revisions\/20026"}],"wp:attachment":[{"href":"https:\/\/conpancol.co\/es\/wp-json\/wp\/v2\/media?parent=19840"}],"curies":[{"name":"wp","href":"https:\/\/api.w.org\/{rel}","templated":true}]}}