{"id":19837,"date":"2018-09-07T15:42:10","date_gmt":"2018-09-07T20:42:10","guid":{"rendered":"http:\/\/conpancol.co\/?page_id=19837"},"modified":"2018-09-27T15:15:42","modified_gmt":"2018-09-27T20:15:42","slug":"converters","status":"publish","type":"page","link":"https:\/\/conpancol.co\/es\/converters\/","title":{"rendered":"Convertidores"},"content":{"rendered":"<p><\/p>\n<h3>Convertidor cat\u00e1litico<\/h3>\n<p style=\"text-align: justify;\">CONPANCOL ha dise\u00f1ado plantas de \u00e1cido sulf\u00farico por m\u00e1s de 50 a\u00f1os, esto incluye el dise\u00f1o y construcci\u00f3n del convertidor, en el cual el SO2 es convertido a SO3 en presencia del catalizador de Pent\u00f3xido de vanadio (V2O5). Pueden ser de acero al carbono o de acero inoxidable.<\/p>\n<p style=\"text-align: justify;\">Puede tener como\u00a0 soporte parrillas de hierro fundido o rejillas de acero inoxidable, \u00a0piedras de cuarzo o bolas de cer\u00e1mica y silletas de intalox, las cuales tambi\u00e9n podemos suministrar. Tambi\u00e9n suministramos o montamos el sistema de aislamiento.<\/p>\n<p>\n\t\t<style type=\"text\/css\">\n\t\t\t#gallery-2 {\n\t\t\t\tmargin: auto;\n\t\t\t}\n\t\t\t#gallery-2 .gallery-item {\n\t\t\t\tfloat: left;\n\t\t\t\tmargin-top: 10px;\n\t\t\t\ttext-align: center;\n\t\t\t\twidth: 50%;\n\t\t\t}\n\t\t\t#gallery-2 img {\n\t\t\t\tborder: 2px solid #cfcfcf;\n\t\t\t}\n\t\t\t#gallery-2 .gallery-caption {\n\t\t\t\tmargin-left: 0;\n\t\t\t}\n\t\t\t\/* see gallery_shortcode() in wp-includes\/media.php *\/\n\t\t<\/style>\n\t\t<div id='gallery-2' class='gallery galleryid-19837 gallery-columns-2 gallery-size-large'><dl class='gallery-item'>\n\t\t\t<dt class='gallery-icon landscape'>\n\t\t\t\t<a href='https:\/\/conpancol.co\/es\/converters\/convertidor-i1\/'><img width=\"243\" height=\"230\" src=\"https:\/\/conpancol.co\/wp-content\/uploads\/2018\/09\/Convertidor-i1-e1536358034751.jpg\" class=\"attachment-large size-large\" alt=\"\" loading=\"lazy\" aria-describedby=\"gallery-2-19910\" \/><\/a>\n\t\t\t<\/dt>\n\t\t\t\t<dd class='wp-caption-text gallery-caption' id='gallery-2-19910'>\n\t\t\t\tIntercambiador interno y convertidor en construcci\u00f3n\n\t\t\t\t<\/dd><\/dl><dl class='gallery-item'>\n\t\t\t<dt class='gallery-icon landscape'>\n\t\t\t\t<a href='https:\/\/conpancol.co\/es\/converters\/convertidor-i2\/'><img width=\"206\" height=\"183\" src=\"https:\/\/conpancol.co\/wp-content\/uploads\/2018\/09\/Convertidor-i2.jpg\" class=\"attachment-large size-large\" alt=\"\" loading=\"lazy\" aria-describedby=\"gallery-2-19909\" \/><\/a>\n\t\t\t<\/dt>\n\t\t\t\t<dd class='wp-caption-text gallery-caption' id='gallery-2-19909'>\n\t\t\t\tConvertidor\n\t\t\t\t<\/dd><\/dl><br style=\"clear: both\" \/><dl class='gallery-item'>\n\t\t\t<dt class='gallery-icon portrait'>\n\t\t\t\t<a href='https:\/\/conpancol.co\/es\/convertidor_qbc-i3\/'><img width=\"238\" height=\"371\" src=\"https:\/\/conpancol.co\/wp-content\/uploads\/2018\/09\/Convertidor_QBC-i3-e1537309557916.jpg\" class=\"attachment-large size-large\" alt=\"\" loading=\"lazy\" aria-describedby=\"gallery-2-19940\" \/><\/a>\n\t\t\t<\/dt>\n\t\t\t\t<dd class='wp-caption-text gallery-caption' id='gallery-2-19940'>\n\t\t\t\tConvertidor\n\t\t\t\t<\/dd><\/dl><dl class='gallery-item'>\n\t\t\t<dt class='gallery-icon portrait'>\n\t\t\t\t<a href='https:\/\/conpancol.co\/es\/convertidor_qbc_i4\/'><img width=\"347\" height=\"371\" src=\"https:\/\/conpancol.co\/wp-content\/uploads\/2018\/09\/Convertidor_QBC_i4.jpg\" class=\"attachment-large size-large\" alt=\"\" loading=\"lazy\" aria-describedby=\"gallery-2-19939\" srcset=\"https:\/\/conpancol.co\/wp-content\/uploads\/2018\/09\/Convertidor_QBC_i4.jpg 347w, https:\/\/conpancol.co\/wp-content\/uploads\/2018\/09\/Convertidor_QBC_i4-281x300.jpg 281w\" sizes=\"(max-width: 347px) 100vw, 347px\" \/><\/a>\n\t\t\t<\/dt>\n\t\t\t\t<dd class='wp-caption-text gallery-caption' id='gallery-2-19939'>\n\t\t\t\tConvertidor\n\t\t\t\t<\/dd><\/dl><br style=\"clear: both\" \/>\n\t\t<\/div>\n<\/p>","protected":false},"excerpt":{"rendered":"<p>Convertidor cat\u00e1litico CONPANCOL ha dise\u00f1ado plantas de \u00e1cido sulf\u00farico por m\u00e1s de 50 a\u00f1os, esto incluye el dise\u00f1o y construcci\u00f3n del convertidor, en el cual el SO2 es convertido a SO3 en presencia del catalizador de Pent\u00f3xido de vanadio (V2O5). Pueden ser de acero al carbono &hellip;<\/p>\n","protected":false},"author":2,"featured_media":0,"parent":0,"menu_order":0,"comment_status":"closed","ping_status":"closed","template":"","meta":[],"_links":{"self":[{"href":"https:\/\/conpancol.co\/es\/wp-json\/wp\/v2\/pages\/19837"}],"collection":[{"href":"https:\/\/conpancol.co\/es\/wp-json\/wp\/v2\/pages"}],"about":[{"href":"https:\/\/conpancol.co\/es\/wp-json\/wp\/v2\/types\/page"}],"author":[{"embeddable":true,"href":"https:\/\/conpancol.co\/es\/wp-json\/wp\/v2\/users\/2"}],"replies":[{"embeddable":true,"href":"https:\/\/conpancol.co\/es\/wp-json\/wp\/v2\/comments?post=19837"}],"version-history":[{"count":12,"href":"https:\/\/conpancol.co\/es\/wp-json\/wp\/v2\/pages\/19837\/revisions"}],"predecessor-version":[{"id":20024,"href":"https:\/\/conpancol.co\/es\/wp-json\/wp\/v2\/pages\/19837\/revisions\/20024"}],"wp:attachment":[{"href":"https:\/\/conpancol.co\/es\/wp-json\/wp\/v2\/media?parent=19837"}],"curies":[{"name":"wp","href":"https:\/\/api.w.org\/{rel}","templated":true}]}}