{"id":19834,"date":"2018-09-07T10:26:23","date_gmt":"2018-09-07T15:26:23","guid":{"rendered":"http:\/\/conpancol.co\/?page_id=19834"},"modified":"2018-09-27T15:10:44","modified_gmt":"2018-09-27T20:10:44","slug":"boilers","status":"publish","type":"page","link":"https:\/\/conpancol.co\/es\/boilers\/","title":{"rendered":"Calderas"},"content":{"rendered":"<p><\/p>\n<h3>Calderas &#8211; Domo de vapor &#8211; Desaireadores y Sistemas de alimentaci\u00f3n de agua<\/h3>\n<p style=\"text-align: justify;\">En las plantas de \u00e1cido sulf\u00farico, en el horno de combusti\u00f3n de azufre para la producci\u00f3n de SO2 se genera gran cantidad de calor y se requiere enfriar estos gases. \u00a0\u00a0Este enfriamiento se realiza en un sistema de calderas en las que se produce vapor como un subproducto, lo que hace a las plantas de \u00e1cido sulf\u00farico muy eficientes en\u00e9rgicamente. Estos sistemas de vapor normalmente constan de:<\/p>\n<ol>\n<li>Domo de vapor<\/li>\n<li>Calderas<\/li>\n<li>Desaireador<\/li>\n<li>Bombas de alimentaci\u00f3n de agua, accionadas con motor el\u00e9ctrico y turbina de vapor<\/li>\n<li>Economizadores y sobre-calentadores<\/li>\n<li>Sistema de adici\u00f3n de qu\u00edmicos<\/li>\n<li>Generaci\u00f3n de energ\u00eda el\u00e9ctrica<\/li>\n<\/ol>\n<p>CONPANCOL ha dise\u00f1ado y construido todos estos sistemas y equipos por m\u00e1s de 50 a\u00f1os.<\/p>\n<p>\n\t\t<style type=\"text\/css\">\n\t\t\t#gallery-2 {\n\t\t\t\tmargin: auto;\n\t\t\t}\n\t\t\t#gallery-2 .gallery-item {\n\t\t\t\tfloat: left;\n\t\t\t\tmargin-top: 10px;\n\t\t\t\ttext-align: center;\n\t\t\t\twidth: 50%;\n\t\t\t}\n\t\t\t#gallery-2 img {\n\t\t\t\tborder: 2px solid #cfcfcf;\n\t\t\t}\n\t\t\t#gallery-2 .gallery-caption {\n\t\t\t\tmargin-left: 0;\n\t\t\t}\n\t\t\t\/* see gallery_shortcode() in wp-includes\/media.php *\/\n\t\t<\/style>\n\t\t<div id='gallery-2' class='gallery galleryid-19834 gallery-columns-2 gallery-size-large'><dl class='gallery-item'>\n\t\t\t<dt class='gallery-icon landscape'>\n\t\t\t\t<a href='https:\/\/conpancol.co\/es\/boilers\/calderas-i1\/'><img width=\"307\" height=\"230\" src=\"https:\/\/conpancol.co\/wp-content\/uploads\/2018\/09\/Calderas-i1-e1536357862603.jpg\" class=\"attachment-large size-large\" alt=\"\" loading=\"lazy\" aria-describedby=\"gallery-2-19861\" \/><\/a>\n\t\t\t<\/dt>\n\t\t\t\t<dd class='wp-caption-text gallery-caption' id='gallery-2-19861'>\n\t\t\t\tCalderas de vapor\n\t\t\t\t<\/dd><\/dl><dl class='gallery-item'>\n\t\t\t<dt class='gallery-icon landscape'>\n\t\t\t\t<a href='https:\/\/conpancol.co\/es\/boilers\/calderas-i2\/'><img width=\"345\" height=\"230\" src=\"https:\/\/conpancol.co\/wp-content\/uploads\/2018\/09\/Calderas-i2-e1536357880589.jpg\" class=\"attachment-large size-large\" alt=\"\" loading=\"lazy\" aria-describedby=\"gallery-2-19862\" \/><\/a>\n\t\t\t<\/dt>\n\t\t\t\t<dd class='wp-caption-text gallery-caption' id='gallery-2-19862'>\n\t\t\t\tDomo de vapor\n\t\t\t\t<\/dd><\/dl><br style=\"clear: both\" \/><dl class='gallery-item'>\n\t\t\t<dt class='gallery-icon landscape'>\n\t\t\t\t<a href='https:\/\/conpancol.co\/es\/boilers\/calderas-i3\/'><img width=\"345\" height=\"230\" src=\"https:\/\/conpancol.co\/wp-content\/uploads\/2018\/09\/Calderas-i3-e1536357893696.jpg\" class=\"attachment-large size-large\" alt=\"\" loading=\"lazy\" aria-describedby=\"gallery-2-19863\" \/><\/a>\n\t\t\t<\/dt>\n\t\t\t\t<dd class='wp-caption-text gallery-caption' id='gallery-2-19863'>\n\t\t\t\tMoto-bombas calderas\n\t\t\t\t<\/dd><\/dl><dl class='gallery-item'>\n\t\t\t<dt class='gallery-icon landscape'>\n\t\t\t\t<a href='https:\/\/conpancol.co\/es\/boilers\/calderas-i4\/'><img width=\"307\" height=\"230\" src=\"https:\/\/conpancol.co\/wp-content\/uploads\/2018\/09\/Calderas-i4-e1536357908653.jpg\" class=\"attachment-large size-large\" alt=\"\" loading=\"lazy\" aria-describedby=\"gallery-2-19864\" \/><\/a>\n\t\t\t<\/dt>\n\t\t\t\t<dd class='wp-caption-text gallery-caption' id='gallery-2-19864'>\n\t\t\t\tTurbo-Bomba Calderas\n\t\t\t\t<\/dd><\/dl><br style=\"clear: both\" \/><dl class='gallery-item'>\n\t\t\t<dt class='gallery-icon portrait'>\n\t\t\t\t<a href='https:\/\/conpancol.co\/es\/boilers\/calderas-i5\/'><img width=\"230\" height=\"345\" src=\"https:\/\/conpancol.co\/wp-content\/uploads\/2018\/09\/Calderas-i5-e1536357939228.jpg\" class=\"attachment-large size-large\" alt=\"\" loading=\"lazy\" aria-describedby=\"gallery-2-19865\" \/><\/a>\n\t\t\t<\/dt>\n\t\t\t\t<dd class='wp-caption-text gallery-caption' id='gallery-2-19865'>\n\t\t\t\tDesaireador\n\t\t\t\t<\/dd><\/dl><dl class='gallery-item'>\n\t\t\t<dt class='gallery-icon landscape'>\n\t\t\t\t<a href='https:\/\/conpancol.co\/es\/boilers\/calderas-i6\/'><img width=\"307\" height=\"230\" src=\"https:\/\/conpancol.co\/wp-content\/uploads\/2018\/09\/Calderas-i6-e1536357920627.jpg\" class=\"attachment-large size-large\" alt=\"\" loading=\"lazy\" aria-describedby=\"gallery-2-19866\" \/><\/a>\n\t\t\t<\/dt>\n\t\t\t\t<dd class='wp-caption-text gallery-caption' id='gallery-2-19866'>\n\t\t\t\tSistema de adici\u00f3n de qu\u00edmicos\n\t\t\t\t<\/dd><\/dl><br style=\"clear: both\" \/>\n\t\t<\/div>\n<\/p>","protected":false},"excerpt":{"rendered":"<p>Calderas &#8211; Domo de vapor &#8211; Desaireadores y Sistemas de alimentaci\u00f3n de agua En las plantas de \u00e1cido sulf\u00farico, en el horno de combusti\u00f3n de azufre para la producci\u00f3n de SO2 se genera gran cantidad de calor y se requiere enfriar estos gases. \u00a0\u00a0Este enfriamiento se &hellip;<\/p>\n","protected":false},"author":2,"featured_media":0,"parent":0,"menu_order":0,"comment_status":"closed","ping_status":"closed","template":"","meta":[],"_links":{"self":[{"href":"https:\/\/conpancol.co\/es\/wp-json\/wp\/v2\/pages\/19834"}],"collection":[{"href":"https:\/\/conpancol.co\/es\/wp-json\/wp\/v2\/pages"}],"about":[{"href":"https:\/\/conpancol.co\/es\/wp-json\/wp\/v2\/types\/page"}],"author":[{"embeddable":true,"href":"https:\/\/conpancol.co\/es\/wp-json\/wp\/v2\/users\/2"}],"replies":[{"embeddable":true,"href":"https:\/\/conpancol.co\/es\/wp-json\/wp\/v2\/comments?post=19834"}],"version-history":[{"count":13,"href":"https:\/\/conpancol.co\/es\/wp-json\/wp\/v2\/pages\/19834\/revisions"}],"predecessor-version":[{"id":20023,"href":"https:\/\/conpancol.co\/es\/wp-json\/wp\/v2\/pages\/19834\/revisions\/20023"}],"wp:attachment":[{"href":"https:\/\/conpancol.co\/es\/wp-json\/wp\/v2\/media?parent=19834"}],"curies":[{"name":"wp","href":"https:\/\/api.w.org\/{rel}","templated":true}]}}