{"id":19794,"date":"2018-07-23T12:08:37","date_gmt":"2018-07-23T17:08:37","guid":{"rendered":"http:\/\/conpancol.co\/?page_id=19794"},"modified":"2018-07-24T18:28:34","modified_gmt":"2018-07-24T23:28:34","slug":"accesories","status":"publish","type":"page","link":"https:\/\/conpancol.co\/es\/accesories\/","title":{"rendered":"Accesorios"},"content":{"rendered":"<p><\/p>\n<h4>BANDEJAS PORTACABLES<\/h4>\n<p>Distribuimos estructuras fabricadas en acero inoxidable que se utilizan para soportar cables al interior o exterior de cualquier edificaci\u00f3n. Son fabricadas con los mas altos est\u00e1ndares, ofreciendo excelentes acabados y durabilidad a lo largo del tiempo.<\/p>\n<h4><img loading=\"lazy\" class=\"alignnone wp-image-19830 size-medium\" src=\"http:\/\/conpancol.co\/wp-content\/uploads\/2018\/07\/accessories_Imagen15-300x300.jpg\" alt=\"\" width=\"300\" height=\"300\" srcset=\"https:\/\/conpancol.co\/wp-content\/uploads\/2018\/07\/accessories_Imagen15-300x300.jpg 300w, https:\/\/conpancol.co\/wp-content\/uploads\/2018\/07\/accessories_Imagen15-150x150.jpg 150w, https:\/\/conpancol.co\/wp-content\/uploads\/2018\/07\/accessories_Imagen15.jpg 500w\" sizes=\"(max-width: 300px) 100vw, 300px\" \/><\/h4>\n<h4>TUBER\u00cdAS Y ACCESORIOS<\/h4>\n<p>Ofrecemos tuber\u00edas y accesorios fabricados en 304, 304L, 304H, 321, 321H, 316, 316L, 317L, 310S, 347H, para ser utilizados en recipientes de alta presi\u00f3n, intercambiadores, condensadores, calderas, entre otros.<\/p>\n<h4><img loading=\"lazy\" class=\"alignnone wp-image-19829 size-medium\" src=\"http:\/\/conpancol.co\/wp-content\/uploads\/2018\/07\/accessories_Imagen14-300x210.png\" alt=\"\" width=\"300\" height=\"210\" srcset=\"https:\/\/conpancol.co\/wp-content\/uploads\/2018\/07\/accessories_Imagen14-300x210.png 300w, https:\/\/conpancol.co\/wp-content\/uploads\/2018\/07\/accessories_Imagen14.png 448w\" sizes=\"(max-width: 300px) 100vw, 300px\" \/><\/h4>\n<h4>PROTECTORES PARA BRIDAS<\/h4>\n<p>Para evitar accidentes y disminuir el impacto ambiental, manejamos protectores que envuelven la uni\u00f3n embridada son la soluci\u00f3n y a que en caso de fuga, se contiene el fluido en lugar de derramarse.<\/p>\n<h4><a href=\"http:\/\/conpancol.co\/wp-content\/uploads\/2018\/07\/accessories_Imagen12.png\"><img loading=\"lazy\" class=\"alignnone size-full wp-image-19828\" src=\"http:\/\/conpancol.co\/wp-content\/uploads\/2018\/07\/accessories_Imagen12.png\" alt=\"\" width=\"202\" height=\"190\" \/><\/a><\/h4>\n<h4>SOPLADORES INDUSTRIALES<\/h4>\n<p>Distribuimos sopladores dise\u00f1ados para trabajar a m\u00e1xima eficiencia en todas sus aplicaciones: Manejo de aire limpio, ambientes contaminados, corrosivos y aplicaciones especificas como sider\u00fargicas, cementeras y papeleras.<\/p>\n<p><a href=\"http:\/\/conpancol.co\/wp-content\/uploads\/2018\/07\/accessories_Imagen13.png\"><img loading=\"lazy\" class=\"alignnone size-full wp-image-19827\" src=\"http:\/\/conpancol.co\/wp-content\/uploads\/2018\/07\/accessories_Imagen13.png\" alt=\"\" width=\"226\" height=\"140\" \/><\/a><\/p>","protected":false},"excerpt":{"rendered":"<p>BANDEJAS PORTACABLES Distribuimos estructuras fabricadas en acero inoxidable que se utilizan para soportar cables al interior o exterior de cualquier edificaci\u00f3n. Son fabricadas con los mas altos est\u00e1ndares, ofreciendo excelentes acabados y durabilidad a lo largo del tiempo. TUBER\u00cdAS Y ACCESORIOS Ofrecemos tuber\u00edas y accesorios fabricados &hellip;<\/p>\n","protected":false},"author":2,"featured_media":0,"parent":0,"menu_order":0,"comment_status":"closed","ping_status":"closed","template":"","meta":[],"_links":{"self":[{"href":"https:\/\/conpancol.co\/es\/wp-json\/wp\/v2\/pages\/19794"}],"collection":[{"href":"https:\/\/conpancol.co\/es\/wp-json\/wp\/v2\/pages"}],"about":[{"href":"https:\/\/conpancol.co\/es\/wp-json\/wp\/v2\/types\/page"}],"author":[{"embeddable":true,"href":"https:\/\/conpancol.co\/es\/wp-json\/wp\/v2\/users\/2"}],"replies":[{"embeddable":true,"href":"https:\/\/conpancol.co\/es\/wp-json\/wp\/v2\/comments?post=19794"}],"version-history":[{"count":6,"href":"https:\/\/conpancol.co\/es\/wp-json\/wp\/v2\/pages\/19794\/revisions"}],"predecessor-version":[{"id":19832,"href":"https:\/\/conpancol.co\/es\/wp-json\/wp\/v2\/pages\/19794\/revisions\/19832"}],"wp:attachment":[{"href":"https:\/\/conpancol.co\/es\/wp-json\/wp\/v2\/media?parent=19794"}],"curies":[{"name":"wp","href":"https:\/\/api.w.org\/{rel}","templated":true}]}}