{"id":19787,"date":"2018-07-23T12:09:46","date_gmt":"2018-07-23T17:09:46","guid":{"rendered":"http:\/\/conpancol.co\/?page_id=19787"},"modified":"2018-07-24T17:58:41","modified_gmt":"2018-07-24T22:58:41","slug":"refractories-and-mortars","status":"publish","type":"page","link":"https:\/\/conpancol.co\/es\/refractories-and-mortars\/","title":{"rendered":"Ladrillos refractarios y morteros"},"content":{"rendered":"<p>Ofrecemos todos los sistemas de protecci\u00f3n requeridos para el proceso del \u00e1cido sulf\u00farico, desde materiales resistentes a la corrosi\u00f3n, la abrasi\u00f3n y a las altas temperaturas en el enfriamiento, en las torres de secado y absorci\u00f3n hasta los materiales refractarios requeridos en el quemador, calderas e intercambiadores de calor.<\/p>\n<p><img loading=\"lazy\" class=\"alignnone wp-image-19821 size-full\" src=\"http:\/\/conpancol.co\/wp-content\/uploads\/2018\/07\/bricks_Imagen5.png\" alt=\"\" width=\"198\" height=\"199\" srcset=\"https:\/\/conpancol.co\/wp-content\/uploads\/2018\/07\/bricks_Imagen5.png 198w, https:\/\/conpancol.co\/wp-content\/uploads\/2018\/07\/bricks_Imagen5-150x150.png 150w\" sizes=\"(max-width: 198px) 100vw, 198px\" \/><img loading=\"lazy\" class=\"alignnone wp-image-19822 size-full\" src=\"http:\/\/conpancol.co\/wp-content\/uploads\/2018\/07\/bricks_Imagen6.png\" alt=\"\" width=\"199\" height=\"199\" srcset=\"https:\/\/conpancol.co\/wp-content\/uploads\/2018\/07\/bricks_Imagen6.png 199w, https:\/\/conpancol.co\/wp-content\/uploads\/2018\/07\/bricks_Imagen6-150x150.png 150w\" sizes=\"(max-width: 199px) 100vw, 199px\" \/><img loading=\"lazy\" class=\"alignnone wp-image-19823 size-full\" src=\"http:\/\/conpancol.co\/wp-content\/uploads\/2018\/07\/bricks_Imagen7.png\" alt=\"\" width=\"272\" height=\"190\" \/><\/p>\n<p>&nbsp;<\/p>","protected":false},"excerpt":{"rendered":"<p>Ofrecemos todos los sistemas de protecci\u00f3n requeridos para el proceso del \u00e1cido sulf\u00farico, desde materiales resistentes a la corrosi\u00f3n, la abrasi\u00f3n y a las altas temperaturas en el enfriamiento, en las torres de secado y absorci\u00f3n hasta los materiales refractarios requeridos en el quemador, calderas e &hellip;<\/p>\n","protected":false},"author":2,"featured_media":0,"parent":0,"menu_order":0,"comment_status":"closed","ping_status":"closed","template":"","meta":[],"_links":{"self":[{"href":"https:\/\/conpancol.co\/es\/wp-json\/wp\/v2\/pages\/19787"}],"collection":[{"href":"https:\/\/conpancol.co\/es\/wp-json\/wp\/v2\/pages"}],"about":[{"href":"https:\/\/conpancol.co\/es\/wp-json\/wp\/v2\/types\/page"}],"author":[{"embeddable":true,"href":"https:\/\/conpancol.co\/es\/wp-json\/wp\/v2\/users\/2"}],"replies":[{"embeddable":true,"href":"https:\/\/conpancol.co\/es\/wp-json\/wp\/v2\/comments?post=19787"}],"version-history":[{"count":6,"href":"https:\/\/conpancol.co\/es\/wp-json\/wp\/v2\/pages\/19787\/revisions"}],"predecessor-version":[{"id":19825,"href":"https:\/\/conpancol.co\/es\/wp-json\/wp\/v2\/pages\/19787\/revisions\/19825"}],"wp:attachment":[{"href":"https:\/\/conpancol.co\/es\/wp-json\/wp\/v2\/media?parent=19787"}],"curies":[{"name":"wp","href":"https:\/\/api.w.org\/{rel}","templated":true}]}}