{"id":19766,"date":"2018-07-23T12:10:45","date_gmt":"2018-07-23T17:10:45","guid":{"rendered":"http:\/\/conpancol.co\/?page_id=19766"},"modified":"2018-07-24T17:55:14","modified_gmt":"2018-07-24T22:55:14","slug":"equipment-sulfuric-acid","status":"publish","type":"page","link":"https:\/\/conpancol.co\/es\/equipment-sulfuric-acid\/","title":{"rendered":"Acido s\u00falfurico"},"content":{"rendered":"<p><\/p>\n<h4>CATALIZADORES<\/h4>\n<p>Distribuimos catalizadores con un compuesto qu\u00edmico que contiene hidr\u00f3geno, azufre y ox\u00edgeno que ayudan significativamente a la velocidad de reacci\u00f3n mediante la reducci\u00f3n de su energ\u00eda de activaci\u00f3n. Sus principales funciones son:<\/p>\n<ul>\n<li>Convertir SO2 en SO3<\/li>\n<li>Optimizar la ca\u00edda de presi\u00f3n<\/li>\n<li>Incrementar la capacidad de planta<\/li>\n<li>Reducir los costos<\/li>\n<li>Reducir las emisiones de SO2<\/li>\n<\/ul>\n<h4><a href=\"http:\/\/conpancol.co\/wp-content\/uploads\/2018\/07\/productos_Imagen1.png\"><img loading=\"lazy\" class=\"wp-image-19811 alignleft\" src=\"http:\/\/conpancol.co\/wp-content\/uploads\/2018\/07\/productos_Imagen1.png\" alt=\"\" width=\"223\" height=\"145\" \/><\/a><a href=\"http:\/\/conpancol.co\/wp-content\/uploads\/2018\/07\/productos_Imagen2.png\"><img loading=\"lazy\" class=\"wp-image-19812 alignleft\" src=\"http:\/\/conpancol.co\/wp-content\/uploads\/2018\/07\/productos_Imagen2.png\" alt=\"\" width=\"218\" height=\"139\" \/><\/a><\/h4>\n<h4><\/h4>\n<h4><\/h4>\n<h4><\/h4>\n<h4><\/h4>\n<h4><\/h4>\n<h4>ELIMINADORES DE NEBLINA &#8211; FILTROS TIPO TAPETE<\/h4>\n<p>Los filtros que manejamos son mantas de malla de metal. Est\u00e1n dise\u00f1ados para la eliminaci\u00f3n econ\u00f3mica y eficiente de gotas de l\u00edquido arrastrado en las corrientes de gas.<\/p>\n<p>&nbsp;<\/p>\n<h4><a href=\"http:\/\/conpancol.co\/wp-content\/uploads\/2018\/07\/productos_Imagen3.png\"><img loading=\"lazy\" class=\"alignnone size-full wp-image-19813\" src=\"http:\/\/conpancol.co\/wp-content\/uploads\/2018\/07\/productos_Imagen3.png\" alt=\"\" width=\"155\" height=\"93\" \/><\/a><\/h4>\n<h4>FILTROS TIPO VELA<\/h4>\n<p>Ofrecemos filtros tipo vela para eliminar part\u00edculas finas de una corriente de gas. Las part\u00edculas finas incluyen part\u00edculas submicrom\u00e9tricas (por debajo de 1 micra).<\/p>\n<h4><a href=\"http:\/\/conpancol.co\/wp-content\/uploads\/2018\/07\/productos_Imagen4.png\"><img loading=\"lazy\" class=\"alignnone size-full wp-image-19814\" src=\"http:\/\/conpancol.co\/wp-content\/uploads\/2018\/07\/productos_Imagen4.png\" alt=\"\" width=\"153\" height=\"120\" \/><\/a><\/h4>\n<h4>SILLETAS INTALOX<\/h4>\n<p>Las silletas Intalox que distribuimos son piezas utilizadas para ofrecer un rendimiento confiable y resistente a la corrosi\u00f3n. Est\u00e1n disponibles en una amplia gama de tama\u00f1os.<\/p>\n<h4><a href=\"http:\/\/conpancol.co\/wp-content\/uploads\/2018\/07\/productos_Imagen8.png\"><img loading=\"lazy\" class=\"alignnone size-full wp-image-19816\" src=\"http:\/\/conpancol.co\/wp-content\/uploads\/2018\/07\/productos_Imagen8.png\" alt=\"\" width=\"217\" height=\"156\" \/><\/a><\/h4>\n<h4>BOLAS CER\u00c1MICA<\/h4>\n<p>Ofrecemos bolas refractarias con superficie lisa, resistentes a la corrosi\u00f3n causada por el \u00e1cido,con conductividad y capacidad t\u00e9rmica alta, as\u00ed como eficiencia y estabilidad t\u00e9rmica, resistentes a la fractura (alta durabilidad).<\/p>\n<h4><a href=\"http:\/\/conpancol.co\/wp-content\/uploads\/2018\/07\/productos_Imagen9.png\"><img loading=\"lazy\" class=\"alignnone  wp-image-19817\" src=\"http:\/\/conpancol.co\/wp-content\/uploads\/2018\/07\/productos_Imagen9-300x300.png\" alt=\"\" width=\"220\" height=\"220\" srcset=\"https:\/\/conpancol.co\/wp-content\/uploads\/2018\/07\/productos_Imagen9-300x300.png 300w, https:\/\/conpancol.co\/wp-content\/uploads\/2018\/07\/productos_Imagen9-150x150.png 150w, https:\/\/conpancol.co\/wp-content\/uploads\/2018\/07\/productos_Imagen9.png 600w\" sizes=\"(max-width: 220px) 100vw, 220px\" \/><\/a><\/h4>\n<h4>DISTRIBUIDORES DE \u00c1CIDO<\/h4>\n<p>Como componente principal del sistema de torre de secado y absorci\u00f3n, los distribuidores de \u00e1cido que ofrecemos tienen el prop\u00f3sito de distribuir el \u00e1cido de manera uniforme sobre el tanque. El contacto completo y la mezcla de gas y \u00e1cido garantizar\u00e1n el funcionamiento adecuado de las torres desecado y absorci\u00f3n.<\/p>\n<h4><a href=\"http:\/\/conpancol.co\/wp-content\/uploads\/2018\/07\/productos_Imagen10.png\"><img loading=\"lazy\" class=\"alignnone size-full wp-image-19818\" src=\"http:\/\/conpancol.co\/wp-content\/uploads\/2018\/07\/productos_Imagen10.png\" alt=\"\" width=\"189\" height=\"148\" \/><\/a><\/h4>\n<h4>INTERCAMBIADORES<\/h4>\n<p>Los enfriadores de \u00e1cido que distribuimos se usan para la transferencia efectiva de calor de la corriente de \u00e1cido a un medio de enfriamiento.<\/p>\n<p>Cada enfriador est\u00e1 dise\u00f1ado y optimizado individualmente para cada conjunto de par\u00e1metros de proceso.<\/p>\n<p><a href=\"http:\/\/conpancol.co\/wp-content\/uploads\/2018\/07\/productos_Imagen11.png\"><img loading=\"lazy\" class=\"alignnone size-full wp-image-19819\" src=\"http:\/\/conpancol.co\/wp-content\/uploads\/2018\/07\/productos_Imagen11.png\" alt=\"\" width=\"197\" height=\"152\" \/><\/a><\/p>\n<p>&nbsp;<\/p>\n<p>&nbsp;<\/p>","protected":false},"excerpt":{"rendered":"<p>CATALIZADORES Distribuimos catalizadores con un compuesto qu\u00edmico que contiene hidr\u00f3geno, azufre y ox\u00edgeno que ayudan significativamente a la velocidad de reacci\u00f3n mediante la reducci\u00f3n de su energ\u00eda de activaci\u00f3n. Sus principales funciones son: Convertir SO2 en SO3 Optimizar la ca\u00edda de presi\u00f3n Incrementar la capacidad de &hellip;<\/p>\n","protected":false},"author":2,"featured_media":0,"parent":0,"menu_order":0,"comment_status":"closed","ping_status":"closed","template":"","meta":[],"_links":{"self":[{"href":"https:\/\/conpancol.co\/es\/wp-json\/wp\/v2\/pages\/19766"}],"collection":[{"href":"https:\/\/conpancol.co\/es\/wp-json\/wp\/v2\/pages"}],"about":[{"href":"https:\/\/conpancol.co\/es\/wp-json\/wp\/v2\/types\/page"}],"author":[{"embeddable":true,"href":"https:\/\/conpancol.co\/es\/wp-json\/wp\/v2\/users\/2"}],"replies":[{"embeddable":true,"href":"https:\/\/conpancol.co\/es\/wp-json\/wp\/v2\/comments?post=19766"}],"version-history":[{"count":10,"href":"https:\/\/conpancol.co\/es\/wp-json\/wp\/v2\/pages\/19766\/revisions"}],"predecessor-version":[{"id":19815,"href":"https:\/\/conpancol.co\/es\/wp-json\/wp\/v2\/pages\/19766\/revisions\/19815"}],"wp:attachment":[{"href":"https:\/\/conpancol.co\/es\/wp-json\/wp\/v2\/media?parent=19766"}],"curies":[{"name":"wp","href":"https:\/\/api.w.org\/{rel}","templated":true}]}}