{"id":19266,"date":"2017-02-22T10:04:09","date_gmt":"2017-02-22T15:04:09","guid":{"rendered":"http:\/\/conpancol.co\/?page_id=19266"},"modified":"2018-06-07T15:57:00","modified_gmt":"2018-06-07T20:57:00","slug":"servicios","status":"publish","type":"page","link":"https:\/\/conpancol.co\/es\/servicios\/","title":{"rendered":"Servicios"},"content":{"rendered":"<p>[vc_row el_class=\u00bbfull-width no-margin\u00bb css=\u00bb.vc_custom_1489697890344{padding-top: 10% !important;padding-bottom: 10% !important;background-image: url(http:\/\/conpancol.co\/wp-content\/uploads\/2017\/11\/techo-1.jpg) !important;background-position: center !important;background-repeat: no-repeat !important;background-size: cover !important;}\u00bb][vc_column][\/vc_column][\/vc_row][vc_row el_class=\u00bbno-padding\u00bb][vc_column][vc_custom_heading text=\u00bbServicios\u00bb font_container=\u00bbtag:h1|text_align:left\u00bb use_theme_fonts=\u00bbyes\u00bb][vc_separator color=\u00bbcustom\u00bb border_width=\u00bb5&#8243; accent_color=\u00bb#f39c12&#8243;][vc_row_inner][vc_column_inner][vc_column_text]<\/p>\n<p style=\"text-align: justify;\">Independiente del tama\u00f1o o extensi\u00f3n del proyecto, ya sea la construcci\u00f3n de una nueva planta o la modernizaci\u00f3n y expansi\u00f3n de una existente, CONPANCOL est\u00e1 en capacidad de ofrecer a sus clientes los siguientes servicios:<\/p>\n<ul style=\"text-align: justify;\">\n<li>Ingenier\u00eda b\u00e1sica y detallada para plantas qu\u00edmicas y petroqu\u00edmicas<\/li>\n<li>Consultor\u00eda y asistencia t\u00e9cnica<\/li>\n<li>Ensamble e instalaci\u00f3n de maquinaria y equipos<\/li>\n<li>Construcci\u00f3n y montaje de equipos en plantas industriales<\/li>\n<li>Fabricaci\u00f3n en nuestro taller de equipos de proceso para plantas qu\u00edmicas y petroqu\u00edmicas<\/li>\n<li>Revestimientos en ladrillos refractarios, aislantes y anti\u00e1cidos, para equipos como torres de absorci\u00f3n y secado, hornos, tanques de bombeo en plantas de \u00e1cido<\/li>\n<li>Capacitaciones tecnicas en operaci\u00f3n de plantas de \u00e1cido<\/li>\n<\/ul>\n<p style=\"text-align: justify;\">Servicios posventa de las plantas construidas por CONPANCOL:<\/p>\n<ul style=\"text-align: justify;\">\n<li>Asistencia t\u00e9cnica para el mantenimiento de las plantas<\/li>\n<li>Suministro de repuestos y equipos, nacionales o importados<\/li>\n<li>Recomendaciones y asistencia t\u00e9cnica que se requiera para el mejoramiento de la operaci\u00f3n de las plantas construidas<\/li>\n<\/ul>\n<p>[\/vc_column_text][\/vc_column_inner][\/vc_row_inner][vc_media_grid grid_id=\u00bbvc_gid:1491865620880-8674da06-116e-7&#8243; include=\u00bb19498,19632,19500,19501,19629,19503&#8243;][\/vc_column][\/vc_row]<\/p>","protected":false},"excerpt":{"rendered":"<p>[vc_row el_class=\u00bbfull-width no-margin\u00bb css=\u00bb.vc_custom_1489697890344{padding-top: 10% !important;padding-bottom: 10% !important;background-image: url(http:\/\/conpancol.co\/wp-content\/uploads\/2017\/11\/techo-1.jpg) !important;background-position: center !important;background-repeat: no-repeat !important;background-size: cover !important;}\u00bb][vc_column][\/vc_column][\/vc_row][vc_row el_class=\u00bbno-padding\u00bb][vc_column][vc_custom_heading text=\u00bbServicios\u00bb font_container=\u00bbtag:h1|text_align:left\u00bb use_theme_fonts=\u00bbyes\u00bb][vc_separator color=\u00bbcustom\u00bb border_width=\u00bb5&#8243; accent_color=\u00bb#f39c12&#8243;][vc_row_inner][vc_column_inner][vc_column_text] Independiente del tama\u00f1o o extensi\u00f3n del proyecto, ya sea la construcci\u00f3n de una nueva planta o la modernizaci\u00f3n y expansi\u00f3n de una existente, &hellip;<\/p>\n","protected":false},"author":1,"featured_media":0,"parent":0,"menu_order":0,"comment_status":"open","ping_status":"open","template":"page-without-header.php","meta":[],"_links":{"self":[{"href":"https:\/\/conpancol.co\/es\/wp-json\/wp\/v2\/pages\/19266"}],"collection":[{"href":"https:\/\/conpancol.co\/es\/wp-json\/wp\/v2\/pages"}],"about":[{"href":"https:\/\/conpancol.co\/es\/wp-json\/wp\/v2\/types\/page"}],"author":[{"embeddable":true,"href":"https:\/\/conpancol.co\/es\/wp-json\/wp\/v2\/users\/1"}],"replies":[{"embeddable":true,"href":"https:\/\/conpancol.co\/es\/wp-json\/wp\/v2\/comments?post=19266"}],"version-history":[{"count":38,"href":"https:\/\/conpancol.co\/es\/wp-json\/wp\/v2\/pages\/19266\/revisions"}],"predecessor-version":[{"id":19765,"href":"https:\/\/conpancol.co\/es\/wp-json\/wp\/v2\/pages\/19266\/revisions\/19765"}],"wp:attachment":[{"href":"https:\/\/conpancol.co\/es\/wp-json\/wp\/v2\/media?parent=19266"}],"curies":[{"name":"wp","href":"https:\/\/api.w.org\/{rel}","templated":true}]}}