{"id":19258,"date":"2017-02-17T17:32:00","date_gmt":"2017-02-17T22:32:00","guid":{"rendered":"http:\/\/conpancol.co\/?page_id=19258"},"modified":"2020-09-02T19:18:46","modified_gmt":"2020-09-03T00:18:46","slug":"representaciones","status":"publish","type":"page","link":"https:\/\/conpancol.co\/es\/representaciones\/","title":{"rendered":"Representaciones"},"content":{"rendered":"<p>[vc_row parallax_scrolling=\u00bbparallax_scrolling_no\u00bb background_size_cover=\u00bbbackground_size_cover_no\u00bb el_class=\u00bbfull-width no-margin\u00bb css=\u00bb.vc_custom_1489699038047{padding-top: 10% !important;padding-bottom: 10% !important;background-image: url(http:\/\/conpancol.co\/wp-content\/uploads\/2017\/11\/techo-1.jpg) !important;background-position: center !important;background-repeat: no-repeat !important;background-size: cover !important;}\u00bb][vc_column][\/vc_column][\/vc_row][vc_row el_class=\u00bbno-padding\u00bb][vc_column][vc_custom_heading text=\u00bbRepresentaciones\u00bb font_container=\u00bbtag:h1|text_align:left\u00bb use_theme_fonts=\u00bbyes\u00bb][vc_separator color=\u00bbcustom\u00bb border_width=\u00bb5&#8243; accent_color=\u00bb#f39c12&#8243;][vc_row_inner][vc_column_inner][vc_column_text]<\/p>\n<p style=\"text-align: justify;\">Para las actividades tecnol\u00f3gicas y de servicios tenemos convenios formales de licencias de fabricaci\u00f3n, representaciones y\/o de asesor\u00edas. Entre las principales se encuentran:<\/p>\n<h3>PANAMERICAN CONSULTING INTERNATIONAL \u2013 PANAMINT (USA):<\/h3>\n<p style=\"text-align: justify;\">Especialista en procesos qu\u00edmicos. CONPANCOL es el representante en Colombia de PANAMINT, compa\u00f1\u00eda con m\u00e1s de 60 a\u00f1os de experiencia en procesos qu\u00edmicos. Estamos licenciados para utilizar sus tecnolog\u00edas y dise\u00f1os para plantas de:<\/p>\n<ul>\n<li>\u00c1cido sulf\u00farico grado comercial y\/o oleum a partir de azufre o de gases S02, H2S o \u00e1cido gastado<\/li>\n<li>\u00c1cido fosf\u00f3rico grado comercial a partir de roca local o importada<\/li>\n<li>Fosfato Bic\u00e1lcico grado humano o alimenticio<\/li>\n<li>Fertilizantes fosfatados<\/li>\n<li>Sulfuro de Sodio o Hidrosulfuro de Sodio a partir del gas H2S<\/li>\n<\/ul>\n<p style=\"text-align: justify;\">Equipos de proceso especiales tales como:<\/p>\n<ul>\n<li>lntercambiadores gas a gas<\/li>\n<li>Granuladores<\/li>\n<li>Secadores de polvillo, lodos o sub-productos<\/li>\n<li>Calderas de recuperaci\u00f3n de calor de gases calientes<\/li>\n<li>Hornos para calentamiento o combusti\u00f3n de l\u00edquidos, s\u00f3lidos o gases<\/li>\n<\/ul>\n<h3>BEGG COUSLAND ENVIROTEC (UK):<\/h3>\n<p>Begg Cousland Envirotec tiene una amplia experiencia en la fabricaci\u00f3n tanto de alambre tejido, demisters tipo malla y filtros vela. Su experiencia es valiosa para resolver problemas el lavado de gases h\u00famedos en una gran variedad de aplicaciones industriales.<\/p>\n<p>Sus soluciones no solo incluyen eliminadores de neblina que se adaptan al problema planteado, sino que tambi\u00e9n pueden trabajar en el dise\u00f1o y suministrar un sistema de filtraci\u00f3n completo como un paquete llave en mano.<\/p>\n<p>Su gama de productos incluye:<\/p>\n<h4><strong>Filtros<\/strong><\/h4>\n<ul>\n<li>Demisters \/ knitted Wire \/ Mesh Pad<\/li>\n<li>Coalescence knitted Wire \/ Mesh Pad \/ Co-Knit<\/li>\n<li>Candle Filters \/ Mist Eliminators<\/li>\n<li>Vane Packs \/ Chevrons \/ Droplet Separators<\/li>\n<\/ul>\n<h4><strong>Torres lavadoras de gases<br \/>\n<\/strong><\/h4>\n<ul>\n<li>Rotary Brush Scrubber \/ Becoflex<\/li>\n<li>Gas Scrubbers \/ Absorption Columns \/ Venturi Scrubbers \/ Fume Scrubbers<\/li>\n<li>Tower Packings \/ Random Packing<\/li>\n<li>Turnkey Filtration Systems<\/li>\n<\/ul>\n<p><a href=\"http:\/\/conpancol.co\/wp-content\/uploads\/2020\/09\/Candle-Filter-photo-1_HT1-150x150.jpg\"><img loading=\"lazy\" class=\"wp-image-20075 aligncenter\" src=\"http:\/\/conpancol.co\/wp-content\/uploads\/2020\/09\/Candle-Filter-photo-1_HT1-150x150.jpg\" alt=\"\" width=\"320\" height=\"320\" \/><\/a><\/p>\n<h3>GALIAKOTWALA ENGINEERING DIVISION (India):<\/h3>\n<p style=\"text-align: justify;\">Especialistas en la fabricaci\u00f3n de equipos para la industria qu\u00edmica, de plantas de \u00c1cido Sulf\u00farico, Chloro-Alkali, Petroqu\u00edmica, Pl\u00e1stico, Textiles, Pulpa y Papel y otras m\u00e1s: Entre sus productos se incluyen:<\/p>\n<p style=\"text-align: justify;\">Sistemas para plantas de \u00e1cido sulf\u00farico:<\/p>\n<ul style=\"text-align: justify;\">\n<li>Distribuidores de Acido<\/li>\n<li>Enfriadores para Acido\/ Oleum\/ Chloro<\/li>\n<li>Equipos de acero inoxidable y aleaciones especiales &#8211; Alloy<\/li>\n<\/ul>\n<p>[\/vc_column_text][\/vc_column_inner][vc_column_inner width=\u00bb1\/2&#8243;][vc_column_text]<\/p>\n<p style=\"text-align: justify;\">Centrifugadoras \u2013 para la industria qu\u00edmica y farmac\u00e9utica. Sistemas de eliminaci\u00f3n de neblina:<\/p>\n<ul style=\"text-align: justify;\">\n<li>Eliminadores tipo vela (Candle Filters)<\/li>\n<li>Eliminadores con malla tipo almohadilla (demister pads)<\/li>\n<li>Separadores de Alabes (Chevrons)<\/li>\n<\/ul>\n<p>[\/vc_column_text][\/vc_column_inner][\/vc_row_inner][vc_row_inner][vc_column_inner width=\u00bb1\/2&#8243;][vc_single_image image=\u00bb19408&#8243; img_size=\u00bbfull\u00bb alignment=\u00bbcenter\u00bb][\/vc_column_inner][vc_column_inner width=\u00bb1\/2&#8243;][vc_single_image image=\u00bb19409&#8243; img_size=\u00bbfull\u00bb alignment=\u00bbcenter\u00bb][\/vc_column_inner][\/vc_row_inner][\/vc_column][\/vc_row]<\/p>","protected":false},"excerpt":{"rendered":"<p>[vc_row parallax_scrolling=\u00bbparallax_scrolling_no\u00bb background_size_cover=\u00bbbackground_size_cover_no\u00bb el_class=\u00bbfull-width no-margin\u00bb css=\u00bb.vc_custom_1489699038047{padding-top: 10% !important;padding-bottom: 10% !important;background-image: url(http:\/\/conpancol.co\/wp-content\/uploads\/2017\/11\/techo-1.jpg) !important;background-position: center !important;background-repeat: no-repeat !important;background-size: cover !important;}\u00bb][vc_column][\/vc_column][\/vc_row][vc_row el_class=\u00bbno-padding\u00bb][vc_column][vc_custom_heading text=\u00bbRepresentaciones\u00bb font_container=\u00bbtag:h1|text_align:left\u00bb use_theme_fonts=\u00bbyes\u00bb][vc_separator color=\u00bbcustom\u00bb border_width=\u00bb5&#8243; accent_color=\u00bb#f39c12&#8243;][vc_row_inner][vc_column_inner][vc_column_text] Para las actividades tecnol\u00f3gicas y de servicios tenemos convenios formales de licencias de fabricaci\u00f3n, representaciones y\/o de asesor\u00edas. Entre las principales &hellip;<\/p>\n","protected":false},"author":1,"featured_media":0,"parent":0,"menu_order":0,"comment_status":"open","ping_status":"open","template":"page-without-header.php","meta":[],"_links":{"self":[{"href":"https:\/\/conpancol.co\/es\/wp-json\/wp\/v2\/pages\/19258"}],"collection":[{"href":"https:\/\/conpancol.co\/es\/wp-json\/wp\/v2\/pages"}],"about":[{"href":"https:\/\/conpancol.co\/es\/wp-json\/wp\/v2\/types\/page"}],"author":[{"embeddable":true,"href":"https:\/\/conpancol.co\/es\/wp-json\/wp\/v2\/users\/1"}],"replies":[{"embeddable":true,"href":"https:\/\/conpancol.co\/es\/wp-json\/wp\/v2\/comments?post=19258"}],"version-history":[{"count":47,"href":"https:\/\/conpancol.co\/es\/wp-json\/wp\/v2\/pages\/19258\/revisions"}],"predecessor-version":[{"id":20083,"href":"https:\/\/conpancol.co\/es\/wp-json\/wp\/v2\/pages\/19258\/revisions\/20083"}],"wp:attachment":[{"href":"https:\/\/conpancol.co\/es\/wp-json\/wp\/v2\/media?parent=19258"}],"curies":[{"name":"wp","href":"https:\/\/api.w.org\/{rel}","templated":true}]}}