{"id":19205,"date":"2017-02-17T15:10:04","date_gmt":"2017-02-17T20:10:04","guid":{"rendered":"http:\/\/conpancol.co\/?page_id=19205"},"modified":"2017-11-14T22:18:28","modified_gmt":"2017-11-15T03:18:28","slug":"experiencia","status":"publish","type":"page","link":"https:\/\/conpancol.co\/es\/experiencia\/","title":{"rendered":"Experiencia"},"content":{"rendered":"<p>[vc_row parallax_scrolling=\u00bbparallax_scrolling_no\u00bb background_size_cover=\u00bbbackground_size_cover_no\u00bb el_class=\u00bbfull-width no-margin\u00bb css=\u00bb.vc_custom_1489694035609{padding-top: 10% !important;padding-bottom: 10% !important;background-image: url(http:\/\/conpancol.co\/wp-content\/uploads\/2017\/11\/techo-1.jpg) !important;background-position: center !important;background-repeat: no-repeat !important;background-size: cover !important;}\u00bb][vc_column][\/vc_column][\/vc_row][vc_row][vc_column][vc_custom_heading text=\u00bbExperiencia\u00bb font_container=\u00bbtag:h1|text_align:left\u00bb use_theme_fonts=\u00bbyes\u00bb][vc_separator color=\u00bbcustom\u00bb border_width=\u00bb5&#8243; accent_color=\u00bb#f39c12&#8243;][vc_row_inner][vc_column_inner][vc_column_text]<\/p>\n<p style=\"text-align: justify;\">Durante m\u00e1s de 50 a\u00f1os CONPANCOL ha desarrollado en Colombia proyectos completos para la industria. Entre sus actividades realizadas se encuentran la fabricaci\u00f3n en taller de equipos, construcci\u00f3n, montaje y puesta en operaci\u00f3n de sistemas y plantas.<\/p>\n<p>[\/vc_column_text][vc_single_image image=\u00bb19440&#8243; img_size=\u00bbfull\u00bb alignment=\u00bbcenter\u00bb][vc_column_text]<\/p>\n<p style=\"text-align: left;\">Su experiencia incluye proyectos Llave en Mano realizados en Colombia para compa\u00f1\u00edas como<\/p>\n<ul style=\"text-align: justify;\">\n<li>Mon\u00f3meros Colombo &#8211; Venezolanos<\/li>\n<li>Ecopetrol<\/li>\n<li>Qu\u00edmica B\u00e1sica Colombiana<\/li>\n<li>Industrias B\u00e1sicas de Caldas<\/li>\n<\/ul>\n<p>[\/vc_column_text][vc_single_image image=\u00bb19442&#8243; img_size=\u00bbfull\u00bb alignment=\u00bbcenter\u00bb][vc_column_text]<\/p>\n<p style=\"text-align: justify;\">La siguiente es una lista parcial de otros proyectos ejecutados por la organizaci\u00f3n CONPANCOL \/ PANAMINT:<\/p>\n<p>[\/vc_column_text][vc_column_text]<\/p>\n<table border=\"1\" width=\"100%\">\n<tbody>\n<tr>\n<td>Industrias B\u00e1sicas de Caldas<\/td>\n<td>Planta de \u00e1cido sulf\u00farico<\/td>\n<td>Colombia<\/td>\n<td>Llave en mano<\/td>\n<\/tr>\n<tr>\n<td>Hoechst Colombiana<\/td>\n<td>Planta de hidroxicloruro de aluminio<\/td>\n<td>Colombia<\/td>\n<td>Ingenier\u00eda de detalle, especificaciones t\u00e9cnicas para montaje; fabricaci\u00f3n equipos y montaje<\/td>\n<\/tr>\n<tr>\n<td>Fosfatos del Huila<\/td>\n<td>Complejo para fabricar fosfatos<\/td>\n<td>Colombia<\/td>\n<td>Dise\u00f1o B\u00e1sico, estudios en planta piloto, especificaciones t\u00e9cnicas, presupuesto<\/td>\n<\/tr>\n<tr>\n<td>Fosfatos de Colombia<\/td>\n<td>Planta acidulaci\u00f3n de Roca fosf\u00f3rica<\/td>\n<td>Colombia<\/td>\n<td>Ingenier\u00eda B\u00e1sica y de detalle; presupuesto<\/td>\n<\/tr>\n<tr>\n<td>Ecopetrol<\/td>\n<td>Equipos para planta de azufre<\/td>\n<td>Colombia<\/td>\n<td>Fabricaci\u00f3n convertidores Clauss, intercambiador, tambores y despojadores (Tecnolog\u00eda Foster-Wheler)<\/td>\n<\/tr>\n<tr>\n<td>Ecopetrol<\/td>\n<td>Desaireador y separador de H2SO4<\/td>\n<td>Colombia<\/td>\n<td>Fabricaci\u00f3n equipos \u2013 Tecnolog\u00eda Crane \u2013 Cochrane<\/td>\n<\/tr>\n<tr>\n<td>Ecopetrol<\/td>\n<td>Expansi\u00f3n planta de parafinas DAP<\/td>\n<td>Colombia<\/td>\n<td>Ingenier\u00eda de detalle<\/td>\n<\/tr>\n<tr>\n<td>Hoechst Colombiana<\/td>\n<td>Planta de penicilina<\/td>\n<td>Colombia<\/td>\n<td>Ingenier\u00eda de detalle, especificaciones t\u00e9cnicas<\/td>\n<\/tr>\n<tr>\n<td>Pequiven<\/td>\n<td>Torre de Secado para Planta de \u00e1cido<\/td>\n<td>Mor\u00f3n, Venezuela<\/td>\n<td>Fabricaci\u00f3n y montaje<\/td>\n<\/tr>\n<tr>\n<td>P.T. Inda Kiat Pulp &amp; Paper<\/td>\n<td>Planta de \u00e1cido sulf\u00farico<\/td>\n<td>Perawang, Indonesia<\/td>\n<td>Ingenier\u00eda b\u00e1sica y de detalle, equipos, fabricaci\u00f3n en taller, asistencia t\u00e9cnica en montaje<\/td>\n<\/tr>\n<tr>\n<td>Qu\u00edmicos del Cauca<\/td>\n<td>Planta \u00e1cido sulf\u00f3nico<\/td>\n<td>Colombia<\/td>\n<td>Ingenier\u00eda de detalle, construcci\u00f3n y montaje; tecnolog\u00eda ballestra<\/td>\n<\/tr>\n<tr>\n<td>Procesadora Industrial Rio Seco<\/td>\n<td>Planta de sulfato de manganeso y \u00c1cido sulf\u00farico<\/td>\n<td>Per\u00fa<\/td>\n<td>Ingenier\u00eda B\u00e1sica y de detalle y servicios industriales, asistencia t\u00e9cnica y puesta en marcha<\/td>\n<\/tr>\n<tr>\n<td>Sherritt Technologies<\/td>\n<td>Autoclave POX<\/td>\n<td>Colombia<\/td>\n<td>Servicios t\u00e9cnicos para estudio de costos industriales<\/td>\n<\/tr>\n<\/tbody>\n<\/table>\n<p>[\/vc_column_text][vc_column_text]<\/p>\n<p style=\"text-align: justify;\">CONPANCOL, como asociado de PANAMINT, ha suministrado para esta empresa los servicios de ingenier\u00eda de detalle, gesti\u00f3n de compras, fabricaci\u00f3n de equipos en el taller de CONPANCOL, supervisi\u00f3n de construcci\u00f3n y montaje, puesta en marcha y entrenamiento de operadores de plantas, para proyectos de \u00e1cido sulf\u00farico ejecutados por PANAMINT en diversos pa\u00edses, tales como Costa Rica, Guatemala, Venezuela, Chile, Canad\u00e1, Indonesia.<\/p>\n<p>[\/vc_column_text][vc_media_grid element_width=\u00bb3&#8243; grid_id=\u00bbvc_gid:1492671243432-69222226-0d08-8&#8243; include=\u00bb19556,19557,19563,19465,19466,19469,19470,19471&#8243;][\/vc_column_inner][\/vc_row_inner][vc_column_text css=\u00bb.vc_custom_1490801363464{margin-bottom: 0px !important;padding-bottom: 0px !important;}\u00bb]<\/p>\n<p style=\"text-align: justify;\">Durante la ejecuci\u00f3n y desarrollo de los proyectos realizados, CONPANCOL ha adquirido una amplia experiencia en:<\/p>\n<p>[\/vc_column_text][vc_row_inner el_class=\u00bbno-margin\u00bb css=\u00bb.vc_custom_1492671309075{margin-bottom: 20px !important;}\u00bb][vc_column_inner el_class=\u00bbno-margin\u00bb width=\u00bb1\/2&#8243; css=\u00bb.vc_custom_1490801179141{margin-bottom: 0px !important;padding-bottom: 0px !important;}\u00bb][vc_column_text el_class=\u00bbno-margin\u00bb css=\u00bb.vc_custom_1490801227886{margin-bottom: 0px !important;padding-bottom: 0px !important;}\u00bb]<\/p>\n<ul>\n<li>Ingenier\u00eda b\u00e1sica y de detalle<\/li>\n<li>Consultor\u00eda y asistencia t\u00e9cnica<\/li>\n<li>Gesti\u00f3n de compras locales e internacionales<\/li>\n<li>Gerencia de proyectos<\/li>\n<li>Obras civ\u00edles para la construcci\u00f3n y montaje de plantas industriales<\/li>\n<li>Alistamiento y aceptaci\u00f3n mec\u00e1nica<\/li>\n<\/ul>\n<p>[\/vc_column_text][\/vc_column_inner][vc_column_inner el_class=\u00bbno-margin\u00bb width=\u00bb1\/2&#8243; css=\u00bb.vc_custom_1490801169723{margin-bottom: 0px !important;padding-bottom: 0px !important;}\u00bb][vc_column_text el_class=\u00bbno-margin\u00bb css=\u00bb.vc_custom_1490801186022{margin-top: 0px !important;padding-top: 0px !important;}\u00bb]<\/p>\n<ul>\n<li>Precomisionamiento y arranque<\/li>\n<li>Entrenamiento de personal del cliente<\/li>\n<li>Asesoramiento t\u00e9cnico sobre la operaci\u00f3n y mantenimiento de los proyectos ejecutados<\/li>\n<li>Suministro de equipos locales e importados, cotizaciones, evaluaci\u00f3n, selecci\u00f3n y recomendaci\u00f3n t\u00e9cnica de los equipos<\/li>\n<li>Fabricaci\u00f3n y suministro de equipos construidos en el taller de CONPANCOL<\/li>\n<\/ul>\n<p>[\/vc_column_text][\/vc_column_inner][\/vc_row_inner][vc_column_text]<\/p>\n<p style=\"text-align: justify; padding-top: 10px;\">Est\u00e1ndares, normas y procedimientos:<\/p>\n<p style=\"text-align: justify;\">Cuando el cliente lo ha requerido para el desarrollo de sus proyectos, CONPANCOL ha usado los est\u00e1ndares, normas y procedimientos propios; los de su asociado PANAMINT, o los que el cliente haya solicitado seg\u00fan sus requerimientos t\u00e9cnicos.<\/p>\n<p>[\/vc_column_text][vc_media_grid grid_id=\u00bbvc_gid:1492671243439-58380f28-93dd-10&#8243; include=\u00bb19482,19483,19484,19485,19486,19565&#8243;][\/vc_column][\/vc_row]<\/p>","protected":false},"excerpt":{"rendered":"<p>[vc_row parallax_scrolling=\u00bbparallax_scrolling_no\u00bb background_size_cover=\u00bbbackground_size_cover_no\u00bb el_class=\u00bbfull-width no-margin\u00bb css=\u00bb.vc_custom_1489694035609{padding-top: 10% !important;padding-bottom: 10% !important;background-image: url(http:\/\/conpancol.co\/wp-content\/uploads\/2017\/11\/techo-1.jpg) !important;background-position: center !important;background-repeat: no-repeat !important;background-size: cover !important;}\u00bb][vc_column][\/vc_column][\/vc_row][vc_row][vc_column][vc_custom_heading text=\u00bbExperiencia\u00bb font_container=\u00bbtag:h1|text_align:left\u00bb use_theme_fonts=\u00bbyes\u00bb][vc_separator color=\u00bbcustom\u00bb border_width=\u00bb5&#8243; accent_color=\u00bb#f39c12&#8243;][vc_row_inner][vc_column_inner][vc_column_text] Durante m\u00e1s de 50 a\u00f1os CONPANCOL ha desarrollado en Colombia proyectos completos para la industria. Entre sus actividades realizadas se encuentran la &hellip;<\/p>\n","protected":false},"author":1,"featured_media":0,"parent":0,"menu_order":0,"comment_status":"open","ping_status":"open","template":"page-without-header.php","meta":[],"_links":{"self":[{"href":"https:\/\/conpancol.co\/es\/wp-json\/wp\/v2\/pages\/19205"}],"collection":[{"href":"https:\/\/conpancol.co\/es\/wp-json\/wp\/v2\/pages"}],"about":[{"href":"https:\/\/conpancol.co\/es\/wp-json\/wp\/v2\/types\/page"}],"author":[{"embeddable":true,"href":"https:\/\/conpancol.co\/es\/wp-json\/wp\/v2\/users\/1"}],"replies":[{"embeddable":true,"href":"https:\/\/conpancol.co\/es\/wp-json\/wp\/v2\/comments?post=19205"}],"version-history":[{"count":106,"href":"https:\/\/conpancol.co\/es\/wp-json\/wp\/v2\/pages\/19205\/revisions"}],"predecessor-version":[{"id":19752,"href":"https:\/\/conpancol.co\/es\/wp-json\/wp\/v2\/pages\/19205\/revisions\/19752"}],"wp:attachment":[{"href":"https:\/\/conpancol.co\/es\/wp-json\/wp\/v2\/media?parent=19205"}],"curies":[{"name":"wp","href":"https:\/\/api.w.org\/{rel}","templated":true}]}}