{"id":14273,"date":"2015-04-19T19:22:35","date_gmt":"2015-04-19T19:22:35","guid":{"rendered":"http:\/\/demo.themeuniverse.net\/basis\/?page_id=14273"},"modified":"2017-11-14T22:17:10","modified_gmt":"2017-11-15T03:17:10","slug":"acerca-de-nosotros","status":"publish","type":"page","link":"https:\/\/conpancol.co\/es\/acerca-de-nosotros\/","title":{"rendered":"Acerca de nosotros"},"content":{"rendered":"<p>[vc_row parallax_scrolling=\u00bbparallax_scrolling_no\u00bb background_size_cover=\u00bbbackground_size_cover_no\u00bb el_class=\u00bbfull-width no-margin\u00bb css=\u00bb.vc_custom_1491488088785{margin-bottom: 0px !important;padding-top: 10% !important;padding-bottom: 10% !important;background-image: url(http:\/\/conpancol.co\/wp-content\/uploads\/2017\/11\/techo-1.jpg) !important;background-position: center !important;background-repeat: no-repeat !important;background-size: cover !important;}\u00bb][vc_column][\/vc_column][\/vc_row][vc_row css=\u00bb.vc_custom_1491432726184{margin-bottom: 0px !important;padding-bottom: 0px !important;}\u00bb][vc_column][vc_custom_heading text=\u00bbAcerca de nosotros\u00bb font_container=\u00bbtag:h1|text_align:left\u00bb use_theme_fonts=\u00bbyes\u00bb][vc_separator color=\u00bbcustom\u00bb border_width=\u00bb5&#8243; accent_color=\u00bb#f39c12&#8243;][vc_column_text css=\u00bb.vc_custom_1491867612796{margin-bottom: 0px !important;padding-bottom: 0px !important;}\u00bb]<\/p>\n<p style=\"text-align: justify;\">Fundada en 1961, CONPANCOL -Ingenieros Constructores- es una empresa de ingenier\u00eda y construcci\u00f3n de plantas qu\u00edmicas. Desde 1970, filial de Panamerican Consulting International Ltd, PANAMINT, empresa de ingenier\u00eda y construcci\u00f3n, con especialidad en proyectos llave en Mano de plantas de \u00e1cido sulf\u00farico y otras relacionadas con los procesos qu\u00edmicos.<\/p>\n<p style=\"text-align: justify;\">Sus actividades se enfocan en la aplicaci\u00f3n de tecnolog\u00eda para el planeamiento, construcci\u00f3n y puesta en marcha de Plantas Qu\u00edmicas completamente integradas.<\/p>\n<p>[\/vc_column_text][vc_raw_html css=\u00bb.vc_custom_1491487679641{margin-top: 0px !important;margin-bottom: 0px !important;padding-top: 0px !important;padding-bottom: 0px !important;}\u00bb]JTNDZGl2JTIwc3R5bGUlM0QlMjJmbG9hdCUzQWxlZnQlM0J3aWR0aCUzQTUwJTI1JTIyJTNFJTBBJTNDdWwlMjBzdHlsZSUzRCUyMnRleHQtYWxpZ24lM0ElMjBqdXN0aWZ5JTNCJTIyJTNFJTBBJTIwJTA5JTNDbGklM0UlQzMlODFjaWRvJTIwU3VsZiVDMyVCQXJpY28lM0MlMkZsaSUzRSUwQSUyMCUwOSUzQ2xpJTNFT2xldW0lM0MlMkZsaSUzRSUwQSUyMCUwOSUzQ2xpJTNFVHJhdGFtaWVudG8lMjBkZWwlMjBHYXMlMjBIMlMlMkIlM0MlMkZsaSUzRSUwQSUyMCUwOSUzQ2xpJTNFUmVjdXBlcmFjaSVDMyVCM24lMjBkZSUyMGF6dWZyZSUzQyUyRmxpJTNFJTBBJTIwJTA5JTNDbGklM0VTdWxmdXJvJTIwZGUlMjBTb2RpbyUzQyUyRmxpJTNFJTBBJTIwJTA5JTNDbGklM0VTdWxmYXRvJTIwZGUlMjBBbHVtaW5pbyUzQyUyRmxpJTNFJTBBJTNDJTJGdWwlM0UlMEElM0MlMkZkaXYlM0UlMEElM0NkaXYlMjBzdHlsZSUzRCUyMmZsb2F0JTNBcmlnaHQlM0J3aWR0aCUzQTUwJTI1JTIyJTNFJTBBJTNDdWwlMjBzdHlsZSUzRCUyMnRleHQtYWxpZ24lM0ElMjBqdXN0aWZ5JTNCJTIyJTNFJTBBJTIwJTA5JTNDbGklM0UlQzMlODFjaWRvJTIwRm9zZiVDMyVCM3JpY28lM0MlMkZsaSUzRSUwQSUyMCUwOSUzQ2xpJTNFRmVydGlsaXphbnRlcyUzQyUyRmxpJTNFJTBBJTIwJTA5JTNDbGklM0VTb2RhJTIwQyVDMyVBMXVzdGljYSUzQyUyRmxpJTNFJTBBJTIwJTA5JTNDbGklM0VEaSVDMyVCM3hpZG8lMjBkZSUyMFRpdGFuaW8lM0MlMkZsaSUzRSUwQSUyMCUwOSUzQ2xpJTNFUGxhbnRhcyUyMGRlJTIwVHJhdGFtaWVudG8lMjBkZSUyMEFndWFzJTIweSUyMGRlJTIwRWZsdWVudGVzJTIwSW5kdXN0cmlhbGVzLiUzQyUyRmxpJTNFJTBBJTNDJTJGdWwlM0UlMEElM0MlMkZkaXYlM0U=[\/vc_raw_html][vc_column_text]<\/p>\n<p style=\"text-align: justify;\">Contamos con la capacidad de realizar la conceptualizaci\u00f3n y hacer estudios de factibilidad tecnol\u00f3gica en planta piloto para procesos qu\u00edmicos, con materias primas locales o espec\u00edficas, de acuerdo a las necesidades del cliente.<\/p>\n<p>[\/vc_column_text][vc_media_grid gap=\u00bb20&#8243; grid_id=\u00bbvc_gid:1491899925353-481f6e80-c387-0&#8243; include=\u00bb19430,19431,19432,19650,19434,19435&#8243; css=\u00bb.vc_custom_1491899962133{margin-bottom: 0px !important;padding-bottom: 0px !important;}\u00bb][\/vc_column][\/vc_row]<\/p>","protected":false},"excerpt":{"rendered":"<p>[vc_row parallax_scrolling=\u00bbparallax_scrolling_no\u00bb background_size_cover=\u00bbbackground_size_cover_no\u00bb el_class=\u00bbfull-width no-margin\u00bb css=\u00bb.vc_custom_1491488088785{margin-bottom: 0px !important;padding-top: 10% !important;padding-bottom: 10% !important;background-image: url(http:\/\/conpancol.co\/wp-content\/uploads\/2017\/11\/techo-1.jpg) !important;background-position: center !important;background-repeat: no-repeat !important;background-size: cover !important;}\u00bb][vc_column][\/vc_column][\/vc_row][vc_row css=\u00bb.vc_custom_1491432726184{margin-bottom: 0px !important;padding-bottom: 0px !important;}\u00bb][vc_column][vc_custom_heading text=\u00bbAcerca de nosotros\u00bb font_container=\u00bbtag:h1|text_align:left\u00bb use_theme_fonts=\u00bbyes\u00bb][vc_separator color=\u00bbcustom\u00bb border_width=\u00bb5&#8243; accent_color=\u00bb#f39c12&#8243;][vc_column_text css=\u00bb.vc_custom_1491867612796{margin-bottom: 0px !important;padding-bottom: 0px !important;}\u00bb] Fundada en 1961, CONPANCOL -Ingenieros Constructores- es una &hellip;<\/p>\n","protected":false},"author":1,"featured_media":0,"parent":0,"menu_order":0,"comment_status":"open","ping_status":"open","template":"page-without-header.php","meta":[],"_links":{"self":[{"href":"https:\/\/conpancol.co\/es\/wp-json\/wp\/v2\/pages\/14273"}],"collection":[{"href":"https:\/\/conpancol.co\/es\/wp-json\/wp\/v2\/pages"}],"about":[{"href":"https:\/\/conpancol.co\/es\/wp-json\/wp\/v2\/types\/page"}],"author":[{"embeddable":true,"href":"https:\/\/conpancol.co\/es\/wp-json\/wp\/v2\/users\/1"}],"replies":[{"embeddable":true,"href":"https:\/\/conpancol.co\/es\/wp-json\/wp\/v2\/comments?post=14273"}],"version-history":[{"count":78,"href":"https:\/\/conpancol.co\/es\/wp-json\/wp\/v2\/pages\/14273\/revisions"}],"predecessor-version":[{"id":19751,"href":"https:\/\/conpancol.co\/es\/wp-json\/wp\/v2\/pages\/14273\/revisions\/19751"}],"wp:attachment":[{"href":"https:\/\/conpancol.co\/es\/wp-json\/wp\/v2\/media?parent=14273"}],"curies":[{"name":"wp","href":"https:\/\/api.w.org\/{rel}","templated":true}]}}