{"id":7,"date":"2015-04-17T04:58:28","date_gmt":"2015-04-17T04:58:28","guid":{"rendered":"http:\/\/demo.themeuniverse.net\/basis\/?page_id=7"},"modified":"2017-11-14T20:55:53","modified_gmt":"2017-11-15T01:55:53","slug":"home","status":"publish","type":"page","link":"https:\/\/conpancol.co\/de\/","title":{"rendered":"Start"},"content":{"rendered":"<p>[vc_row el_class=&#8220;no-margin full-width&#8220; parallax_scrolling=&#8220;parallax_scrolling_no&#8220; background_size_cover=&#8220;background_size_cover_no&#8220; css=&#8220;.vc_custom_1490624378888{padding-top: 10% !important;padding-bottom: 10% !important;background-image: url(http:\/\/conpancol.co\/wp-content\/uploads\/2015\/04\/header-home.jpg?id=19420) !important;}&#8220;][vc_column][\/vc_column][\/vc_row][vc_row el_class=&#8220;light-margin center&#8220; parallax_scrolling=&#8220;parallax_scrolling_no&#8220; background_size_cover=&#8220;background_size_cover_no&#8220; css=&#8220;.vc_custom_1488465691261{background-color: #ffffff !important;}&#8220;][vc_column width=&#8220;1\/2&#8243;][vc_column_text el_class=&#8220;no-margin&#8220;]<\/p>\n<p style=\"text-align: justify;\">CONPANCOL &#8211; Konstruktionsingenieure &#8211; ist ein Ingenieurs und Konstruktionsunternehmen f\u00fcr chemische Anlagen. Wir haben \u00fcber 50 Jahre Erfahrung in der direkten oder indirekten Zusammenarbeit mit unseren Partnern bei unterschiedlichsten Projekten, insbesonderes mit Schwefels\u00e4ureanlagen, in Lateinamerika.<\/p>\n<p>[\/vc_column_text][vc_column_text el_class=&#8220;no-margin&#8220; css=&#8220;.vc_custom_1510710814446{padding-top: 20px !important;}&#8220;]<\/p>\n<p style=\"text-align: justify;\">DER SERVICE nach der Konstruktion und die Inbetriebnahme ist ein wichtiges Element, welches wir anbieten, um das gute Funktionieren und die Stabilit\u00e4t der Anlage sowie die Einhaltung der Umweltstandards zu garantieren. M\u00f6glich macht dies die Stabilit\u00e4t und Kontinuit\u00e4t unseres Ingenieurunternehmens.<\/p>\n<p>[\/vc_column_text][\/vc_column][vc_column width=&#8220;1\/2&#8243;][vc_single_image image=&#8220;19416&#8243; img_size=&#8220;full&#8220; alignment=&#8220;center&#8220;][\/vc_column][\/vc_row]<\/p>","protected":false},"excerpt":{"rendered":"<p>[vc_row el_class=&#8220;no-margin full-width&#8220; parallax_scrolling=&#8220;parallax_scrolling_no&#8220; background_size_cover=&#8220;background_size_cover_no&#8220; css=&#8220;.vc_custom_1490624378888{padding-top: 10% !important;padding-bottom: 10% !important;background-image: url(http:\/\/conpancol.co\/wp-content\/uploads\/2015\/04\/header-home.jpg?id=19420) !important;}&#8220;][vc_column][\/vc_column][\/vc_row][vc_row el_class=&#8220;light-margin center&#8220; parallax_scrolling=&#8220;parallax_scrolling_no&#8220; background_size_cover=&#8220;background_size_cover_no&#8220; css=&#8220;.vc_custom_1488465691261{background-color: #ffffff !important;}&#8220;][vc_column width=&#8220;1\/2&#8243;][vc_column_text el_class=&#8220;no-margin&#8220;] CONPANCOL &#8211; Konstruktionsingenieure &#8211; ist ein Ingenieurs und Konstruktionsunternehmen f\u00fcr chemische Anlagen. Wir haben \u00fcber 50 Jahre Erfahrung in der direkten oder indirekten Zusammenarbeit mit &hellip;<\/p>\n","protected":false},"author":1,"featured_media":0,"parent":0,"menu_order":0,"comment_status":"open","ping_status":"closed","template":"page-without-header.php","meta":[],"_links":{"self":[{"href":"https:\/\/conpancol.co\/de\/wp-json\/wp\/v2\/pages\/7"}],"collection":[{"href":"https:\/\/conpancol.co\/de\/wp-json\/wp\/v2\/pages"}],"about":[{"href":"https:\/\/conpancol.co\/de\/wp-json\/wp\/v2\/types\/page"}],"author":[{"embeddable":true,"href":"https:\/\/conpancol.co\/de\/wp-json\/wp\/v2\/users\/1"}],"replies":[{"embeddable":true,"href":"https:\/\/conpancol.co\/de\/wp-json\/wp\/v2\/comments?post=7"}],"version-history":[{"count":35,"href":"https:\/\/conpancol.co\/de\/wp-json\/wp\/v2\/pages\/7\/revisions"}],"predecessor-version":[{"id":19743,"href":"https:\/\/conpancol.co\/de\/wp-json\/wp\/v2\/pages\/7\/revisions\/19743"}],"wp:attachment":[{"href":"https:\/\/conpancol.co\/de\/wp-json\/wp\/v2\/media?parent=7"}],"curies":[{"name":"wp","href":"https:\/\/api.w.org\/{rel}","templated":true}]}}