{"id":19853,"date":"2018-09-07T16:02:30","date_gmt":"2018-09-07T21:02:30","guid":{"rendered":"http:\/\/conpancol.co\/?page_id=19853"},"modified":"2018-09-27T16:29:28","modified_gmt":"2018-09-27T21:29:28","slug":"pumping-tanks","status":"publish","type":"page","link":"https:\/\/conpancol.co\/de\/pumping-tanks\/","title":{"rendered":"Pumptank"},"content":{"rendered":"<p>(To be completed soon)<\/p>\n<p>&nbsp;<\/p>\n<p>\n\t\t<style type=\"text\/css\">\n\t\t\t#gallery-3 {\n\t\t\t\tmargin: auto;\n\t\t\t}\n\t\t\t#gallery-3 .gallery-item {\n\t\t\t\tfloat: left;\n\t\t\t\tmargin-top: 10px;\n\t\t\t\ttext-align: center;\n\t\t\t\twidth: 50%;\n\t\t\t}\n\t\t\t#gallery-3 img {\n\t\t\t\tborder: 2px solid #cfcfcf;\n\t\t\t}\n\t\t\t#gallery-3 .gallery-caption {\n\t\t\t\tmargin-left: 0;\n\t\t\t}\n\t\t\t\/* see gallery_shortcode() in wp-includes\/media.php *\/\n\t\t<\/style>\n\t\t<div id='gallery-3' class='gallery galleryid-19853 gallery-columns-2 gallery-size-large'><dl class='gallery-item'>\n\t\t\t<dt class='gallery-icon landscape'>\n\t\t\t\t<a href='https:\/\/conpancol.co\/de\/tanques-bombeo-i1\/'><img width=\"256\" height=\"192\" src=\"https:\/\/conpancol.co\/wp-content\/uploads\/2018\/09\/tanques-bombeo-i1.jpg\" class=\"attachment-large size-large\" alt=\"\" loading=\"lazy\" aria-describedby=\"gallery-3-19887\" \/><\/a>\n\t\t\t<\/dt>\n\t\t\t\t<dd class='wp-caption-text gallery-caption' id='gallery-3-19887'>\n\t\t\t\tPumptank und anodischer K\u00fchler\n\t\t\t\t<\/dd><\/dl><dl class='gallery-item'>\n\t\t\t<dt class='gallery-icon portrait'>\n\t\t\t\t<a href='https:\/\/conpancol.co\/de\/tanques-bombeo-i2\/'><img width=\"142\" height=\"154\" src=\"https:\/\/conpancol.co\/wp-content\/uploads\/2018\/09\/tanques-bombeo-i2.jpg\" class=\"attachment-large size-large\" alt=\"\" loading=\"lazy\" aria-describedby=\"gallery-3-19886\" \/><\/a>\n\t\t\t<\/dt>\n\t\t\t\t<dd class='wp-caption-text gallery-caption' id='gallery-3-19886'>\n\t\t\t\tPlattenk\u00fchler\n\t\t\t\t<\/dd><\/dl><br style=\"clear: both\" \/><dl class='gallery-item'>\n\t\t\t<dt class='gallery-icon landscape'>\n\t\t\t\t<a href='https:\/\/conpancol.co\/de\/tanques-bombeo-i3\/'><img width=\"256\" height=\"192\" src=\"https:\/\/conpancol.co\/wp-content\/uploads\/2018\/09\/tanques-bombeo-i3.jpg\" class=\"attachment-large size-large\" alt=\"\" loading=\"lazy\" aria-describedby=\"gallery-3-19885\" \/><\/a>\n\t\t\t<\/dt>\n\t\t\t\t<dd class='wp-caption-text gallery-caption' id='gallery-3-19885'>\n\t\t\t\tPumptank von Schwefels\u00e4ure mit Pumpen, Instrumentierung, SX-Rohr und S\u00e4urek\u00fchler\n\t\t\t\t<\/dd><\/dl><dl class='gallery-item'>\n\t\t\t<dt class='gallery-icon portrait'>\n\t\t\t\t<a href='https:\/\/conpancol.co\/de\/tanques-bombeo-i4\/'><img width=\"128\" height=\"192\" src=\"https:\/\/conpancol.co\/wp-content\/uploads\/2018\/09\/tanques-bombeo-i4-e1536358611956.jpg\" class=\"attachment-large size-large\" alt=\"\" loading=\"lazy\" aria-describedby=\"gallery-3-19884\" \/><\/a>\n\t\t\t<\/dt>\n\t\t\t\t<dd class='wp-caption-text gallery-caption' id='gallery-3-19884'>\n\t\t\t\tAnti-saure Ziegelverkleidung\n\t\t\t\t<\/dd><\/dl><br style=\"clear: both\" \/>\n\t\t<\/div>\n<\/p>","protected":false},"excerpt":{"rendered":"<p>(To be completed soon) &nbsp;<\/p>\n","protected":false},"author":2,"featured_media":0,"parent":0,"menu_order":0,"comment_status":"closed","ping_status":"closed","template":"","meta":[],"_links":{"self":[{"href":"https:\/\/conpancol.co\/de\/wp-json\/wp\/v2\/pages\/19853"}],"collection":[{"href":"https:\/\/conpancol.co\/de\/wp-json\/wp\/v2\/pages"}],"about":[{"href":"https:\/\/conpancol.co\/de\/wp-json\/wp\/v2\/types\/page"}],"author":[{"embeddable":true,"href":"https:\/\/conpancol.co\/de\/wp-json\/wp\/v2\/users\/2"}],"replies":[{"embeddable":true,"href":"https:\/\/conpancol.co\/de\/wp-json\/wp\/v2\/comments?post=19853"}],"version-history":[{"count":9,"href":"https:\/\/conpancol.co\/de\/wp-json\/wp\/v2\/pages\/19853\/revisions"}],"predecessor-version":[{"id":20030,"href":"https:\/\/conpancol.co\/de\/wp-json\/wp\/v2\/pages\/19853\/revisions\/20030"}],"wp:attachment":[{"href":"https:\/\/conpancol.co\/de\/wp-json\/wp\/v2\/media?parent=19853"}],"curies":[{"name":"wp","href":"https:\/\/api.w.org\/{rel}","templated":true}]}}