{"id":19266,"date":"2017-02-22T10:04:09","date_gmt":"2017-02-22T15:04:09","guid":{"rendered":"http:\/\/conpancol.co\/?page_id=19266"},"modified":"2018-06-07T15:57:00","modified_gmt":"2018-06-07T20:57:00","slug":"servicios","status":"publish","type":"page","link":"https:\/\/conpancol.co\/de\/servicios\/","title":{"rendered":"Dienstleistungen"},"content":{"rendered":"<p>[vc_row el_class=&#8220;full-width no-margin&#8220; css=&#8220;.vc_custom_1489697890344{padding-top: 10% !important;padding-bottom: 10% !important;background-image: url(http:\/\/conpancol.co\/wp-content\/uploads\/2017\/11\/techo-1.jpg) !important;background-position: center !important;background-repeat: no-repeat !important;background-size: cover !important;}&#8220;][vc_column][\/vc_column][\/vc_row][vc_row el_class=&#8220;no-padding&#8220;][vc_column][vc_custom_heading text=&#8220;Dienstleistungen&#8220; font_container=&#8220;tag:h1|text_align:left&#8220; use_theme_fonts=&#8220;yes&#8220;][vc_separator color=&#8220;custom&#8220; border_width=&#8220;5&#8243; accent_color=&#8220;#f39c12&#8243;][vc_row_inner][vc_column_inner][vc_column_text]<\/p>\n<p style=\"text-align: justify;\">CONPANCOL hat die Kapazit\u00e4t, unabh\u00e4ngig von Projektgr\u00f6\u00dfe oder Umfang, seinen Kunden folgende Dienstleistungen anzubieten, und zwar unabh\u00e4ngig davon, ob es ein Neubau, eine Modernisierung oder ein Ausbau einer existierenden Anlage ist:<\/p>\n<ul>\n<li>Basis- und Detail-Engineering f\u00fcr chemische und petrochemische Anlagen<\/li>\n<li>Technische Beratung und Unterst\u00fctzung<\/li>\n<li>Montage und Installation von Maschinen und Anlagen<\/li>\n<li>Konstruktion und Montage von Ausr\u00fcstungen f\u00fcr Industrieanlagen<\/li>\n<li>Herstellung in unserer Fertigungseinrichtung von chemischen und petrochemischen Verarbeitungsanlagen<\/li>\n<li>H\u00fcllen aus feuerfesten Backsteinen, Isolationen, s\u00e4ureresistente Ummantelungen f\u00fcr Ausstattungen wie Absorbierungs- und Trocknungst\u00fcrme, \u00d6fen und Pumpstationen in S\u00e4ureanlagen<\/li>\n<\/ul>\n<p>Kundenservice f\u00fcr Anlagen, welche von CONPANCOL gebaut wurden:<\/p>\n<ul>\n<li>Technische Unterst\u00fctzung f\u00fcr den Anlagenunterhalt<\/li>\n<li>Bereitstellung von Ersatzteilen und Ausr\u00fcstung, national oder importiert<\/li>\n<li>Empfehlungen und technische Unterst\u00fctzung, welche ben\u00f6tigt wird, um den Betrieb von konstruierten Anlagen zu verbessern<\/li>\n<\/ul>\n<p>[\/vc_column_text][\/vc_column_inner][\/vc_row_inner][vc_media_grid grid_id=&#8220;vc_gid:1510711229894-2947d90b-1d26-8&#8243; include=&#8220;19498,19632,19500,19501,19629,19503&#8243;][\/vc_column][\/vc_row]<\/p>","protected":false},"excerpt":{"rendered":"<p>[vc_row el_class=&#8220;full-width no-margin&#8220; css=&#8220;.vc_custom_1489697890344{padding-top: 10% !important;padding-bottom: 10% !important;background-image: url(http:\/\/conpancol.co\/wp-content\/uploads\/2017\/11\/techo-1.jpg) !important;background-position: center !important;background-repeat: no-repeat !important;background-size: cover !important;}&#8220;][vc_column][\/vc_column][\/vc_row][vc_row el_class=&#8220;no-padding&#8220;][vc_column][vc_custom_heading text=&#8220;Dienstleistungen&#8220; font_container=&#8220;tag:h1|text_align:left&#8220; use_theme_fonts=&#8220;yes&#8220;][vc_separator color=&#8220;custom&#8220; border_width=&#8220;5&#8243; accent_color=&#8220;#f39c12&#8243;][vc_row_inner][vc_column_inner][vc_column_text] CONPANCOL hat die Kapazit\u00e4t, unabh\u00e4ngig von Projektgr\u00f6\u00dfe oder Umfang, seinen Kunden folgende Dienstleistungen anzubieten, und zwar unabh\u00e4ngig davon, ob es ein Neubau, eine &hellip;<\/p>\n","protected":false},"author":1,"featured_media":0,"parent":0,"menu_order":0,"comment_status":"open","ping_status":"open","template":"page-without-header.php","meta":[],"_links":{"self":[{"href":"https:\/\/conpancol.co\/de\/wp-json\/wp\/v2\/pages\/19266"}],"collection":[{"href":"https:\/\/conpancol.co\/de\/wp-json\/wp\/v2\/pages"}],"about":[{"href":"https:\/\/conpancol.co\/de\/wp-json\/wp\/v2\/types\/page"}],"author":[{"embeddable":true,"href":"https:\/\/conpancol.co\/de\/wp-json\/wp\/v2\/users\/1"}],"replies":[{"embeddable":true,"href":"https:\/\/conpancol.co\/de\/wp-json\/wp\/v2\/comments?post=19266"}],"version-history":[{"count":38,"href":"https:\/\/conpancol.co\/de\/wp-json\/wp\/v2\/pages\/19266\/revisions"}],"predecessor-version":[{"id":19765,"href":"https:\/\/conpancol.co\/de\/wp-json\/wp\/v2\/pages\/19266\/revisions\/19765"}],"wp:attachment":[{"href":"https:\/\/conpancol.co\/de\/wp-json\/wp\/v2\/media?parent=19266"}],"curies":[{"name":"wp","href":"https:\/\/api.w.org\/{rel}","templated":true}]}}