{"id":19258,"date":"2017-02-17T17:32:00","date_gmt":"2017-02-17T22:32:00","guid":{"rendered":"http:\/\/conpancol.co\/?page_id=19258"},"modified":"2020-09-02T19:18:46","modified_gmt":"2020-09-03T00:18:46","slug":"representaciones","status":"publish","type":"page","link":"https:\/\/conpancol.co\/de\/representaciones\/","title":{"rendered":"Partner"},"content":{"rendered":"<p>[vc_row parallax_scrolling=&#8220;parallax_scrolling_no&#8220; background_size_cover=&#8220;background_size_cover_no&#8220; el_class=&#8220;full-width no-margin&#8220; css=&#8220;.vc_custom_1489699038047{padding-top: 10% !important;padding-bottom: 10% !important;background-image: url(http:\/\/conpancol.co\/wp-content\/uploads\/2017\/11\/techo-1.jpg) !important;background-position: center !important;background-repeat: no-repeat !important;background-size: cover !important;}&#8220;][vc_column][\/vc_column][\/vc_row][vc_row el_class=&#8220;no-padding&#8220;][vc_column][vc_custom_heading text=&#8220;Partner&#8220; font_container=&#8220;tag:h1|text_align:left&#8220; use_theme_fonts=&#8220;yes&#8220;][vc_separator color=&#8220;custom&#8220; border_width=&#8220;5&#8243; accent_color=&#8220;#f39c12&#8243;][vc_row_inner][vc_column_inner][vc_column_text]<\/p>\n<p style=\"text-align: justify;\">F\u00fcr technische Aktivit\u00e4ten und Dienstleistungen haben wir formelle Abkommen f\u00fcr Fabrikationslizenzen, Partnerschaften und\/oder Beratungen. Zu unseren Hauptpartnern geh\u00f6ren:<\/p>\n<h3>PANAMERICAN CONSULTING INTERNATIONAL \u2013 PANAMINT (USA):<\/h3>\n<p style=\"text-align: justify;\">Spezialist f\u00fcr chemische Prozesse. CONPANCOL ist die kolumbianische Vertretung f\u00fcr PANAMINT, einer Firma mit \u00fcber 60 Jahren Erfahrung in chemischen Prozessen. Wir sind lizenziert, ihre Technologie und Designs f\u00fcr folgende Anlagen zu benutzen:<\/p>\n<ul>\n<li>Handels\u00fcbliche Schwefels\u00e4ure und\/oder Oleum von Schwefel oder S02, H2S Gasen oder verbrauchter S\u00e4ure<\/li>\n<li>Handels\u00fcbliche Phosphors\u00e4ure von lokalem oder importiertem Gestein<\/li>\n<li>Dicalciumphosphat mit Lebensmittelqualit\u00e4t oder menschlicher Qualit\u00e4tsmarke<\/li>\n<li>Phosphatd\u00fcnger<\/li>\n<li>Natriumsulfat oder Natriumhydrogensulfit vom H2S Gas<\/li>\n<\/ul>\n<p>Spezielle Verarbeitungsanlage, wie:<\/p>\n<ul>\n<li>Gas zu Gas Austauscher<\/li>\n<li>Granulatoren<\/li>\n<li>Staub-, Schlamm- oder Nebenprodukttrockner<\/li>\n<li>Abhitzekessel f\u00fcr hei\u00dfe Gase<\/li>\n<li>Verbrennungs- oder W\u00e4rme\u00f6fen f\u00fcr Fl\u00fcssigkeiten, Festk\u00f6rper oder Gase<\/li>\n<\/ul>\n<h3>GALIAKOTWALA ENGINEERING DIVISION (India):<\/h3>\n<p style=\"text-align: justify;\">Spezialist in der Herstellung von Anlagen unter anderem f\u00fcr die Chemie-, Schwefels\u00e4ure-, Chlor-Alkali-, Petrochemie-, Plastik-, Textil-, Zellstoff &#8211; und &#8211; Papierindustrie. Zu ihren Produkten geh\u00f6ren:<\/p>\n<p style=\"text-align: justify;\">Systeme f\u00fcr S\u00e4ureverteiler:<\/p>\n<ul>\n<li>S\u00e4uredistributoren<\/li>\n<li>K\u00fchler f\u00fcr S\u00e4ure\/Oleum\/Chlor<\/li>\n<li>Ausr\u00fcstung aus rostfreiem Stahl und speziellen Nickelbasislegierungen<\/li>\n<\/ul>\n<p>[\/vc_column_text][\/vc_column_inner][vc_column_inner width=&#8220;1\/2&#8243;][vc_column_text]Zentrifugen f\u00fcr die chemische und pharmazeutische Industrie.<\/p>\n<p>Systeme zur Eliminierung von Spr\u00fchregen:<\/p>\n<ul>\n<li>Kerzenfilter<\/li>\n<li>Demister Tropfenabscheider<\/li>\n<li>Fangrinnenabscheider<\/li>\n<\/ul>\n<p>[\/vc_column_text][\/vc_column_inner][\/vc_row_inner][vc_row_inner][vc_column_inner width=&#8220;1\/2&#8243;][vc_single_image image=&#8220;19408&#8243; img_size=&#8220;full&#8220; alignment=&#8220;center&#8220;][\/vc_column_inner][vc_column_inner width=&#8220;1\/2&#8243;][vc_single_image image=&#8220;19409&#8243; img_size=&#8220;full&#8220; alignment=&#8220;center&#8220;][\/vc_column_inner][\/vc_row_inner][\/vc_column][\/vc_row]<\/p>","protected":false},"excerpt":{"rendered":"<p>[vc_row parallax_scrolling=&#8220;parallax_scrolling_no&#8220; background_size_cover=&#8220;background_size_cover_no&#8220; el_class=&#8220;full-width no-margin&#8220; css=&#8220;.vc_custom_1489699038047{padding-top: 10% !important;padding-bottom: 10% !important;background-image: url(http:\/\/conpancol.co\/wp-content\/uploads\/2017\/11\/techo-1.jpg) !important;background-position: center !important;background-repeat: no-repeat !important;background-size: cover !important;}&#8220;][vc_column][\/vc_column][\/vc_row][vc_row el_class=&#8220;no-padding&#8220;][vc_column][vc_custom_heading text=&#8220;Partner&#8220; font_container=&#8220;tag:h1|text_align:left&#8220; use_theme_fonts=&#8220;yes&#8220;][vc_separator color=&#8220;custom&#8220; border_width=&#8220;5&#8243; accent_color=&#8220;#f39c12&#8243;][vc_row_inner][vc_column_inner][vc_column_text] F\u00fcr technische Aktivit\u00e4ten und Dienstleistungen haben wir formelle Abkommen f\u00fcr Fabrikationslizenzen, Partnerschaften und\/oder Beratungen. Zu unseren Hauptpartnern geh\u00f6ren: PANAMERICAN CONSULTING INTERNATIONAL &hellip;<\/p>\n","protected":false},"author":1,"featured_media":0,"parent":0,"menu_order":0,"comment_status":"open","ping_status":"open","template":"page-without-header.php","meta":[],"_links":{"self":[{"href":"https:\/\/conpancol.co\/de\/wp-json\/wp\/v2\/pages\/19258"}],"collection":[{"href":"https:\/\/conpancol.co\/de\/wp-json\/wp\/v2\/pages"}],"about":[{"href":"https:\/\/conpancol.co\/de\/wp-json\/wp\/v2\/types\/page"}],"author":[{"embeddable":true,"href":"https:\/\/conpancol.co\/de\/wp-json\/wp\/v2\/users\/1"}],"replies":[{"embeddable":true,"href":"https:\/\/conpancol.co\/de\/wp-json\/wp\/v2\/comments?post=19258"}],"version-history":[{"count":47,"href":"https:\/\/conpancol.co\/de\/wp-json\/wp\/v2\/pages\/19258\/revisions"}],"predecessor-version":[{"id":20083,"href":"https:\/\/conpancol.co\/de\/wp-json\/wp\/v2\/pages\/19258\/revisions\/20083"}],"wp:attachment":[{"href":"https:\/\/conpancol.co\/de\/wp-json\/wp\/v2\/media?parent=19258"}],"curies":[{"name":"wp","href":"https:\/\/api.w.org\/{rel}","templated":true}]}}