{"id":19205,"date":"2017-02-17T15:10:04","date_gmt":"2017-02-17T20:10:04","guid":{"rendered":"http:\/\/conpancol.co\/?page_id=19205"},"modified":"2017-11-14T22:18:28","modified_gmt":"2017-11-15T03:18:28","slug":"experiencia","status":"publish","type":"page","link":"https:\/\/conpancol.co\/de\/experiencia\/","title":{"rendered":"Erfahrung"},"content":{"rendered":"<p>[vc_row parallax_scrolling=&#8220;parallax_scrolling_no&#8220; background_size_cover=&#8220;background_size_cover_no&#8220; el_class=&#8220;full-width no-margin&#8220; css=&#8220;.vc_custom_1489694035609{padding-top: 10% !important;padding-bottom: 10% !important;background-image: url(http:\/\/conpancol.co\/wp-content\/uploads\/2017\/11\/techo-1.jpg) !important;background-position: center !important;background-repeat: no-repeat !important;background-size: cover !important;}&#8220;][vc_column][\/vc_column][\/vc_row][vc_row][vc_column][vc_custom_heading text=&#8220;Erfahrung&#8220; font_container=&#8220;tag:h1|text_align:left&#8220; use_theme_fonts=&#8220;yes&#8220;][vc_separator color=&#8220;custom&#8220; border_width=&#8220;5&#8243; accent_color=&#8220;#f39c12&#8243;][vc_row_inner][vc_column_inner][vc_column_text]<\/p>\n<p style=\"text-align: justify;\">Seit mehr als 50 Jahren hat CONPANCOL Projekte f\u00fcr die Industrie entwickelt. Zu unseren T\u00e4tigkeiten geh\u00f6ren auch der Apparatebau sowie die Konstruktion, Montage und Inbetriebnahme von Industrieanlagen.<\/p>\n<p>[\/vc_column_text][vc_single_image image=&#8220;19440&#8243; img_size=&#8220;full&#8220; alignment=&#8220;center&#8220;][vc_column_text]<\/p>\n<p style=\"text-align: justify;\">Zu unserer Erfahrung geh\u00f6ren auch das Engineering, die Belieferung und die Konstruktion der vier wichtigsten Schwefels\u00e4ureanlagen in Kolumbien f\u00fcr die folgenden Unternehmen:<\/p>\n<ul>\n<li>Mon\u00f3meros Colombo &#8211; Venezolanos<\/li>\n<li>Ecopetrol<\/li>\n<li>Qu\u00edmica B\u00e1sica Colombiana<\/li>\n<li>Industrias B\u00e1sicas de Caldas<\/li>\n<\/ul>\n<p>[\/vc_column_text][vc_single_image image=&#8220;19442&#8243; img_size=&#8220;full&#8220; alignment=&#8220;center&#8220;][vc_column_text]<\/p>\n<p style=\"text-align: justify;\">Untenstehend ist eine grobe \u00dcbersicht \u00fcber andere durch CONPANCOL \/ PANAMINT aufgef\u00fchrte Projekte dargestellt.<\/p>\n<p>[\/vc_column_text][vc_column_text]<\/p>\n<table border=\"1\" width=\"100%\">\n<tbody>\n<tr>\n<td>Industrias B\u00e1sicas de Caldas<\/td>\n<td><em>Schwefels\u00e4ureanlage<\/em><\/td>\n<td><em>Kolumbien<\/em><\/td>\n<td><em>schl\u00fcsselfertig<\/em><\/td>\n<\/tr>\n<tr>\n<td>Hoechst Colombiana<\/td>\n<td><em>Aluminium-hydroxychlorid-Anlage<\/em><\/td>\n<td><em>Kolumbien<\/em><\/td>\n<td><em>Detail-Engineering, technische Spezifikationen f\u00fcr die Montage, <\/em><\/p>\n<p><em>Apparatebau und Montage<\/em><\/p>\n<p><em>Fabrikation<\/em><\/td>\n<\/tr>\n<tr>\n<td>Fosfatos del Huila<\/td>\n<td>Komplex zur<\/p>\n<p>Phosphatgewinnung<\/td>\n<td><em>Kolumbien<\/em><\/td>\n<td><em>Basis-Design, Studien f\u00fcr eine Pilotanlage, technische Spezifikationen, Kostenvoranschlag<\/em><\/td>\n<\/tr>\n<tr>\n<td>Fosfatos de Colombia<\/td>\n<td>Anlage zur Anh\u00e4ufung von Phosphorit<\/td>\n<td><em>Kolumbien<\/em><\/td>\n<td><em>Basis- und Detail-Engineering, Kostenvoranschlag<\/em><\/td>\n<\/tr>\n<tr>\n<td>Ecopetrol<\/td>\n<td><em>Ausr\u00fcstung f\u00fcr Schwefelanlage<\/em><\/td>\n<td><em>Kolumbien<\/em><\/td>\n<td><em>Herstellung eines Claus-Katalysators, W\u00e4rmetauschers, Trommeln und Abstreifer (Forster Wheeler Technologie)<\/em><\/td>\n<\/tr>\n<tr>\n<td>Ecopetrol<\/td>\n<td><em>Entgaser und H2SO4 Abscheider<\/em><\/td>\n<td><em>Kolumbien<\/em><\/td>\n<td><em>Ausr\u00fcstungsbau &#8211; Crane Technologie &#8211; <\/em><\/p>\n<p><em>Cochrane<\/em><\/td>\n<\/tr>\n<tr>\n<td>Ecopetrol<\/td>\n<td><em>Erweiterung einer Paraffinanlage<\/em><\/td>\n<td><em>Kolumbien<\/em><\/td>\n<td><em>Detail-Engineering<\/em><\/td>\n<\/tr>\n<tr>\n<td>Hoechst Colombiana<\/td>\n<td><em>Penicillinanlage<\/em><\/td>\n<td><em>Kolumbien<\/em><\/td>\n<td><em>Detail-Engineering, technische Spezifikationen<\/em><\/td>\n<\/tr>\n<tr>\n<td>Pequiven<\/td>\n<td><em>Trocknungsturm f\u00fcr S\u00e4ureanlage<\/em><\/td>\n<td>Mor\u00f3n, Venezuela<\/td>\n<td><em>Herstellung und Montage<\/em><\/td>\n<\/tr>\n<tr>\n<td>P.T. Inda Kiat Pulp &amp; Paper<\/td>\n<td><em>Schwefels\u00e4ureanlage<\/em><\/td>\n<td>Perawang, Indonesia<\/td>\n<td><em>Basis- und Detail-Engineering, Ausr\u00fcstungen, Herstellung in Fertigungseinrichtung, technische Unterst\u00fctzung f\u00fcr die Montage<\/em><\/td>\n<\/tr>\n<tr>\n<td>Qu\u00edmicos del Cauca<\/td>\n<td><em>Schwefels\u00e4ureanlage<\/em><\/td>\n<td><em>Kolumbien<\/em><\/td>\n<td><em>Detail-Engineering, Konstruktion und Montage, Ballestra-Technologie<\/em><\/td>\n<\/tr>\n<tr>\n<td>Procesadora Industrial Rio Seco<\/td>\n<td><em>Schwefels\u00e4ufe- und Mangan-Sulfatanlage <\/em><\/td>\n<td>Per\u00fa<\/td>\n<td><em>Basis- und Detail-Engineering und <\/em><\/p>\n<p><em>industrielle Dienstleistungen, technische Unterst\u00fctzung und Inbetriebnahme<\/em><\/td>\n<\/tr>\n<tr>\n<td>Sherritt Technologies<\/td>\n<td><em>Autoklav POX<\/em><\/td>\n<td><em>Kolumbien<\/em><\/td>\n<td><em>Technischer Service f\u00fcr eine industrielle Kostenstudie<\/em><\/td>\n<\/tr>\n<\/tbody>\n<\/table>\n<p>[\/vc_column_text][vc_column_text]<\/p>\n<p style=\"text-align: justify;\">CONPANCOL hat PANAMINT, als seinen Partner, mit Dienstleistungen, sowie Detail-Engineering, Beschaffungsmanagement, Apparatebau im Werk von CONPANCOL, Konstruktion und Montagemanagement, Inbetriebnahme von Anlagen und Training von Anlageoperatoren f\u00fcr Schwefels\u00e4ureprojekte versorgt. Diese T\u00e4tigkeiten wurden durch PANAMINT in verschiedenen L\u00e4ndern, wie Costa Rica, Guatemala, Venezuela, Chile, Kanada und Indonesien, durchgef\u00fchrt.<\/p>\n<p>[\/vc_column_text][vc_media_grid element_width=&#8220;3&#8243; grid_id=&#8220;vc_gid:1510711006526-f9490400-aa88-8&#8243; include=&#8220;19553,19554,19563,19465,19466,19469,19470,19471&#8243;][\/vc_column_inner][\/vc_row_inner][vc_column_text css=&#8220;.vc_custom_1510347307592{margin-bottom: 0px !important;padding-bottom: 0px !important;}&#8220;]W\u00e4hrend der Ausf\u00fchrung und der Entwicklung der Projekte hat CONPANCOL folgende umfangreiche Erfahrungen gesammelt:[\/vc_column_text][vc_row_inner el_class=&#8220;no-margin&#8220; css=&#8220;.vc_custom_1492671377302{margin-bottom: 20px !important;}&#8220;][vc_column_inner el_class=&#8220;no-margin&#8220; width=&#8220;1\/2&#8243; css=&#8220;.vc_custom_1490801179141{margin-bottom: 0px !important;padding-bottom: 0px !important;}&#8220;][vc_column_text el_class=&#8220;no-margin&#8220; css=&#8220;.vc_custom_1510347356839{margin-bottom: 0px !important;padding-bottom: 0px !important;}&#8220;]<\/p>\n<ul>\n<li>Basis- und Detail-Engineering<\/li>\n<li>Beratung und technische Unterst\u00fctzung<\/li>\n<li>Lokales und internationales Beschaffungsmanagement<\/li>\n<li>Projektmanagement<\/li>\n<li>Tiefbau f\u00fcr die Konstruktion und Montage von Industrieanlagen<\/li>\n<li>Mechanische Anfertigung und Abnahme<\/li>\n<\/ul>\n<p>[\/vc_column_text][\/vc_column_inner][vc_column_inner el_class=&#8220;no-margin&#8220; width=&#8220;1\/2&#8243; css=&#8220;.vc_custom_1490801169723{margin-bottom: 0px !important;padding-bottom: 0px !important;}&#8220;][vc_column_text el_class=&#8220;no-margin&#8220; css=&#8220;.vc_custom_1510347539337{margin-top: 0px !important;padding-top: 0px !important;}&#8220;]<\/p>\n<ul>\n<li>Begutachtung der Anlagen und Inbetriebnahme<\/li>\n<li>Ausbildung von Kundenpersonal<\/li>\n<li>Technische Beratung f\u00fcr den Betrieb und Wartungsarbeiten der ausgef\u00fchrten Projekte<\/li>\n<li>Belieferung mit lokaler und importierter Ausr\u00fcstung, Preisofferte, Evaluation, technische Auswahl und Empfehlung f\u00fcr Ausr\u00fcstung<\/li>\n<li>Herstellung und Belieferung mit der Ausr\u00fcstung aus dem CONPANCOL Werk<\/li>\n<\/ul>\n<p>[\/vc_column_text][\/vc_column_inner][\/vc_row_inner][vc_column_text]Standards, Normen und Prozesse:<\/p>\n<p style=\"text-align: justify;\">Wenn es vom Kunden f\u00fcr die Projektabwicklung gefordert wird, kann CONPANCOL seine eigenen Standards, Normen und Prozesse, jene seines Partners PANAMINT oder diejenigen, welche vom Kunden entsprechend der technischen Anforderungen verlangt werden, gebrauchen.<\/p>\n<p>[\/vc_column_text][vc_media_grid grid_id=&#8220;vc_gid:1510711006530-f28fa241-5775-1&#8243; include=&#8220;19482,19483,19484,19485,19486,19565&#8243;][\/vc_column][\/vc_row]<\/p>","protected":false},"excerpt":{"rendered":"<p>[vc_row parallax_scrolling=&#8220;parallax_scrolling_no&#8220; background_size_cover=&#8220;background_size_cover_no&#8220; el_class=&#8220;full-width no-margin&#8220; css=&#8220;.vc_custom_1489694035609{padding-top: 10% !important;padding-bottom: 10% !important;background-image: url(http:\/\/conpancol.co\/wp-content\/uploads\/2017\/11\/techo-1.jpg) !important;background-position: center !important;background-repeat: no-repeat !important;background-size: cover !important;}&#8220;][vc_column][\/vc_column][\/vc_row][vc_row][vc_column][vc_custom_heading text=&#8220;Erfahrung&#8220; font_container=&#8220;tag:h1|text_align:left&#8220; use_theme_fonts=&#8220;yes&#8220;][vc_separator color=&#8220;custom&#8220; border_width=&#8220;5&#8243; accent_color=&#8220;#f39c12&#8243;][vc_row_inner][vc_column_inner][vc_column_text] Seit mehr als 50 Jahren hat CONPANCOL Projekte f\u00fcr die Industrie entwickelt. Zu unseren T\u00e4tigkeiten geh\u00f6ren auch der Apparatebau sowie die Konstruktion, &hellip;<\/p>\n","protected":false},"author":1,"featured_media":0,"parent":0,"menu_order":0,"comment_status":"open","ping_status":"open","template":"page-without-header.php","meta":[],"_links":{"self":[{"href":"https:\/\/conpancol.co\/de\/wp-json\/wp\/v2\/pages\/19205"}],"collection":[{"href":"https:\/\/conpancol.co\/de\/wp-json\/wp\/v2\/pages"}],"about":[{"href":"https:\/\/conpancol.co\/de\/wp-json\/wp\/v2\/types\/page"}],"author":[{"embeddable":true,"href":"https:\/\/conpancol.co\/de\/wp-json\/wp\/v2\/users\/1"}],"replies":[{"embeddable":true,"href":"https:\/\/conpancol.co\/de\/wp-json\/wp\/v2\/comments?post=19205"}],"version-history":[{"count":106,"href":"https:\/\/conpancol.co\/de\/wp-json\/wp\/v2\/pages\/19205\/revisions"}],"predecessor-version":[{"id":19752,"href":"https:\/\/conpancol.co\/de\/wp-json\/wp\/v2\/pages\/19205\/revisions\/19752"}],"wp:attachment":[{"href":"https:\/\/conpancol.co\/de\/wp-json\/wp\/v2\/media?parent=19205"}],"curies":[{"name":"wp","href":"https:\/\/api.w.org\/{rel}","templated":true}]}}