{"id":14273,"date":"2015-04-19T19:22:35","date_gmt":"2015-04-19T19:22:35","guid":{"rendered":"http:\/\/demo.themeuniverse.net\/basis\/?page_id=14273"},"modified":"2017-11-14T22:17:10","modified_gmt":"2017-11-15T03:17:10","slug":"acerca-de-nosotros","status":"publish","type":"page","link":"https:\/\/conpancol.co\/de\/acerca-de-nosotros\/","title":{"rendered":"\u00dcber uns"},"content":{"rendered":"<p>[vc_row parallax_scrolling=&#8220;parallax_scrolling_no&#8220; background_size_cover=&#8220;background_size_cover_no&#8220; el_class=&#8220;full-width no-margin&#8220; css=&#8220;.vc_custom_1489684337249{padding-top: 10% !important;padding-bottom: 10% !important;background-image: url(http:\/\/conpancol.co\/wp-content\/uploads\/2017\/11\/techo-1.jpg) !important;background-position: center !important;background-repeat: no-repeat !important;background-size: cover !important;}&#8220;][vc_column][\/vc_column][\/vc_row][vc_row][vc_column][vc_custom_heading text=&#8220;\u00dcber uns&#8220; font_container=&#8220;tag:h1|text_align:left&#8220; use_theme_fonts=&#8220;yes&#8220;][vc_separator color=&#8220;custom&#8220; border_width=&#8220;5&#8243; accent_color=&#8220;#f39c12&#8243;][vc_column_text css=&#8220;.vc_custom_1510710917102{margin-bottom: 0px !important;padding-bottom: 0px !important;}&#8220;]<\/p>\n<p style=\"text-align: justify;\">CONPANCOL &#8211; Konstruktionsingenieure &#8211; wurde 1961 gegr\u00fcndet und ist eine Ingenieurs- und Konstruktionsunternehmen f\u00fcr chemische Anlagen. Seit 1970 ist CONPANCOL eine Tochtergesellschaft von Panamerican Consulting International Ltd, PANAMINT, einer Ingenieurs- und Konstruktionsfirma, welche auf schl\u00fcsselfertige Projekte von Schwefels\u00e4ure- und anderen Anlagen im Zusammenhang mit chemischen Prozessen spezialisiert ist.<\/p>\n<p style=\"text-align: justify;\">Unsere Aktivit\u00e4ten fokussieren sich auf Technologie-Anwendungen f\u00fcr die Planung, Konstruktion und Inbetriebnahme voll integrierter chemischer Anlagen wie zum Beispiel:<\/p>\n<p>[\/vc_column_text][vc_raw_html css=&#8220;.vc_custom_1510329728901{margin-bottom: 0px !important;padding-bottom: 0px !important;}&#8220;]JTNDZGl2JTIwc3R5bGUlM0QlMjJmbG9hdCUzQWxlZnQlM0J3aWR0aCUzQTUwJTI1JTIyJTNFJTBBJTNDdWwlMjBzdHlsZSUzRCUyMnRleHQtYWxpZ24lM0ElMjBqdXN0aWZ5JTNCJTIyJTNFJTBBJTIwJTA5JTNDbGklM0VTY2h3ZWZlbHMlQzMlQTR1cmUlM0MlMkZsaSUzRSUwQSUyMCUwOSUzQ2xpJTNFT2xldW0lMjAlMjhyYXVjaGVuZGUlMjBTY2h3ZWZlbHMlQzMlQTR1cmUlMjklM0MlMkZsaSUzRSUwQSUyMCUwOSUzQ2xpJTNFQmVoYW5kbHVuZyUyMGRlcyUyMEdhc2VzJTIwSDJTJTJCJTNDJTJGbGklM0UlMEElMjAlMDklM0NsaSUzRVdpZWRlcmdld2lubnVuZyUyMHZvbiUyMFNjaHdlZmVsJTNDJTJGbGklM0UlMEElMjAlMDklM0NsaSUzRU5hdHJpdW1zdWxmaWQlM0MlMkZsaSUzRSUwQSUyMCUwOSUzQ2xpJTNFQWx1bWluaXVtc3VsZmF0JTNDJTJGbGklM0UlMEElM0MlMkZ1bCUzRSUwQSUzQyUyRmRpdiUzRSUwQSUzQ2RpdiUyMHN0eWxlJTNEJTIyZmxvYXQlM0FyaWdodCUzQndpZHRoJTNBNTAlMjUlMjIlM0UlMEElM0N1bCUyMHN0eWxlJTNEJTIydGV4dC1hbGlnbiUzQSUyMGp1c3RpZnklM0IlMjIlM0UlMEElMjAlMDklM0NsaSUzRVBob3NwaG9ycyVDMyVBNHVyZSUzQyUyRmxpJTNFJTBBJTIwJTA5JTNDbGklM0VEJUMzJUJDbmdlbWl0dGVsJTNDJTJGbGklM0UlMEElMjAlMDklM0NsaSUzRVRpdGFuZGlveGlkJTNDJTJGbGklM0UlMEElMjAlMDklM0NsaSUzRSVDMyU4NHR6bmF0cm9uJTNDJTJGbGklM0UlMEElMjAlMDklM0NsaSUzRUtsJUMzJUE0ci0lMjB1bmQlMjBJbmR1c3RyaWUtQWJ3YXNzZXJiZWhhbmRsdW5nc2FubGFnZW4lM0MlMkZsaSUzRSUwQSUzQyUyRnVsJTNFJTBBJTNDJTJGZGl2JTNF[\/vc_raw_html][vc_column_text]<\/p>\n<p style=\"text-align: justify;\">Wir sind in der Lage, Konzepte zu entwickeln und technische Machbarkeitsstudien von Pilotanlagen f\u00fcr die chemische Verarbeitung von lokalen oder spezifischen Rohmaterialien gem\u00e4\u00df den Bed\u00fcrfnissen des Kunden durchzuf\u00fchren.<\/p>\n<p>[\/vc_column_text][vc_media_grid gap=&#8220;10&#8243; grid_id=&#8220;vc_gid:1510710878436-b19d195b-4d60-2&#8243; include=&#8220;19430,19435,19434,19650,19432,19431&#8243;][\/vc_column][\/vc_row]<\/p>","protected":false},"excerpt":{"rendered":"<p>[vc_row parallax_scrolling=&#8220;parallax_scrolling_no&#8220; background_size_cover=&#8220;background_size_cover_no&#8220; el_class=&#8220;full-width no-margin&#8220; css=&#8220;.vc_custom_1489684337249{padding-top: 10% !important;padding-bottom: 10% !important;background-image: url(http:\/\/conpancol.co\/wp-content\/uploads\/2017\/11\/techo-1.jpg) !important;background-position: center !important;background-repeat: no-repeat !important;background-size: cover !important;}&#8220;][vc_column][\/vc_column][\/vc_row][vc_row][vc_column][vc_custom_heading text=&#8220;\u00dcber uns&#8220; font_container=&#8220;tag:h1|text_align:left&#8220; use_theme_fonts=&#8220;yes&#8220;][vc_separator color=&#8220;custom&#8220; border_width=&#8220;5&#8243; accent_color=&#8220;#f39c12&#8243;][vc_column_text css=&#8220;.vc_custom_1510710917102{margin-bottom: 0px !important;padding-bottom: 0px !important;}&#8220;] CONPANCOL &#8211; Konstruktionsingenieure &#8211; wurde 1961 gegr\u00fcndet und ist eine Ingenieurs- und Konstruktionsunternehmen f\u00fcr chemische Anlagen. &hellip;<\/p>\n","protected":false},"author":1,"featured_media":0,"parent":0,"menu_order":0,"comment_status":"open","ping_status":"open","template":"page-without-header.php","meta":[],"_links":{"self":[{"href":"https:\/\/conpancol.co\/de\/wp-json\/wp\/v2\/pages\/14273"}],"collection":[{"href":"https:\/\/conpancol.co\/de\/wp-json\/wp\/v2\/pages"}],"about":[{"href":"https:\/\/conpancol.co\/de\/wp-json\/wp\/v2\/types\/page"}],"author":[{"embeddable":true,"href":"https:\/\/conpancol.co\/de\/wp-json\/wp\/v2\/users\/1"}],"replies":[{"embeddable":true,"href":"https:\/\/conpancol.co\/de\/wp-json\/wp\/v2\/comments?post=14273"}],"version-history":[{"count":78,"href":"https:\/\/conpancol.co\/de\/wp-json\/wp\/v2\/pages\/14273\/revisions"}],"predecessor-version":[{"id":19751,"href":"https:\/\/conpancol.co\/de\/wp-json\/wp\/v2\/pages\/14273\/revisions\/19751"}],"wp:attachment":[{"href":"https:\/\/conpancol.co\/de\/wp-json\/wp\/v2\/media?parent=14273"}],"curies":[{"name":"wp","href":"https:\/\/api.w.org\/{rel}","templated":true}]}}